{"id":21050,"date":"2023-06-20T21:30:04","date_gmt":"2023-06-20T19:30:04","guid":{"rendered":"https:\/\/sp1hrubieszow.pl\/?page_id=21050"},"modified":"2023-06-20T21:30:26","modified_gmt":"2023-06-20T19:30:26","slug":"sladami-zydow-hrubieszowskich","status":"publish","type":"page","link":"https:\/\/sp1hrubieszow.pl\/index.php\/kronika-2020-2021\/sladami-zydow-hrubieszowskich\/","title":{"rendered":"\u015aladami \u017byd\u00f3w hrubieszowskich"},"content":{"rendered":"\n\n\n<p><span style=\"color: #000080;\">W dniach 16-18 czerwca w Hrubieszowie odby\u0142y si\u0119 obchody upami\u0119tniaj\u0105ce 80. Rocznic\u0119 Akcji Reinhardt na obszarze Lubelszczyzny i Miasta Hrubieszowa. Jednym z wydarze\u0144 by\u0142o rozstrzygni\u0119cie konkursu wiedzy \u201e\u015aladami \u017byd\u00f3w hrubieszowskich: Stern, Le\u015bmian, Orenstein i Silberstein\u201d W\u015br\u00f3d nagrodzonych nie zabrak\u0142o uczni\u00f3w naszej szko\u0142y. Ucze\u0144 klasy 7a Micha\u0142 Grzeszczuk zaj\u0105\u0142 pierwsze miejsce zdobywaj\u0105c maksymalna ilo\u015b\u0107 punkt\u00f3w. Drugie miejsce &#8211; Lidia Grab, uczennica klasy 6c. Micha\u0142 otrzyma\u0142 te\u017c specjaln\u0105 nagrod\u0119 Marsza\u0142ka Wojew\u00f3dztwa Lubelskiego.&nbsp; Gratulujemy i \u017cyczymy kolejnych sukces\u00f3w.<\/span><\/p>\nngg_shortcode_0_placeholder\n","protected":false},"excerpt":{"rendered":"<p>W dniach 16-18 czerwca w Hrubieszowie odby\u0142y si\u0119 obchody upami\u0119tniaj\u0105ce 80. Rocznic\u0119 Akcji Reinhardt na obszarze Lubelszczyzny i Miasta Hrubieszowa. Jednym z wydarze\u0144 by\u0142o rozstrzygni\u0119cie konkursu wiedzy \u201e\u015aladami \u017byd\u00f3w hrubieszowskich: Stern, Le\u015bmian, Orenstein i Silberstein\u201d W\u015br\u00f3d nagrodzonych nie zabrak\u0142o uczni\u00f3w naszej szko\u0142y. Ucze\u0144 klasy 7a Micha\u0142 Grzeszczuk zaj\u0105\u0142 pierwsze miejsce zdobywaj\u0105c maksymalna ilo\u015b\u0107 punkt\u00f3w. Drugie [&hellip;]<\/p>\n","protected":false},"author":2,"featured_media":0,"parent":5983,"menu_order":0,"comment_status":"closed","ping_status":"closed","template":"","meta":{"ngg_post_thumbnail":0,"footnotes":""},"class_list":["post-21050","page","type-page","status-publish","hentry"],"_links":{"self":[{"href":"https:\/\/sp1hrubieszow.pl\/index.php\/wp-json\/wp\/v2\/pages\/21050","targetHints":{"allow":["GET"]}}],"collection":[{"href":"https:\/\/sp1hrubieszow.pl\/index.php\/wp-json\/wp\/v2\/pages"}],"about":[{"href":"https:\/\/sp1hrubieszow.pl\/index.php\/wp-json\/wp\/v2\/types\/page"}],"author":[{"embeddable":true,"href":"https:\/\/sp1hrubieszow.pl\/index.php\/wp-json\/wp\/v2\/users\/2"}],"replies":[{"embeddable":true,"href":"https:\/\/sp1hrubieszow.pl\/index.php\/wp-json\/wp\/v2\/comments?post=21050"}],"version-history":[{"count":1,"href":"https:\/\/sp1hrubieszow.pl\/index.php\/wp-json\/wp\/v2\/pages\/21050\/revisions"}],"predecessor-version":[{"id":21051,"href":"https:\/\/sp1hrubieszow.pl\/index.php\/wp-json\/wp\/v2\/pages\/21050\/revisions\/21051"}],"up":[{"embeddable":true,"href":"https:\/\/sp1hrubieszow.pl\/index.php\/wp-json\/wp\/v2\/pages\/5983"}],"wp:attachment":[{"href":"https:\/\/sp1hrubieszow.pl\/index.php\/wp-json\/wp\/v2\/media?parent=21050"}],"curies":[{"name":"wp","href":"https:\/\/api.w.org\/{rel}","templated":true}]}}