{"id":21040,"date":"2023-06-20T21:21:44","date_gmt":"2023-06-20T19:21:44","guid":{"rendered":"https:\/\/sp1hrubieszow.pl\/?page_id=21040"},"modified":"2023-06-20T21:22:12","modified_gmt":"2023-06-20T19:22:12","slug":"wycieczka-do-zamoscia","status":"publish","type":"page","link":"https:\/\/sp1hrubieszow.pl\/index.php\/kronika-2020-2021\/wycieczka-do-zamoscia\/","title":{"rendered":"Wycieczka do Zamo\u015bcia"},"content":{"rendered":"\n\n\n<p><span style=\"color: #000080;\">Aby poczu\u0107 ju\u017c wakacyjny luz, uczniowie klasy 5b oraz dw\u00f3ch uczni\u00f3w z klasy 5c oraz ucze\u0144 klasy 7a wybrali si\u0119 na wycieczk\u0119 do Zamo\u015bcia. Rozpocz\u0119li\u015bmy od seansu w kinie \u201eSTYLOWY\u201d, gdzie obejrzeli\u015bmy film \u201eSpider-Man: Poprzez Multiwersum\u201d. Nast\u0119pnie odwiedzili\u015bmy Zamojsk\u0105 Manufaktur\u0119 S\u0142odyczy \u201eT\u0119cza\u201d, gdzie ka\u017cdy z nas w\u0142asnor\u0119cznie wykona\u0142 pysznego lizaka oraz dokona\u0142 s\u0142odyczowych zakup\u00f3w. Kalorie po s\u0142odko\u015bciach nale\u017ca\u0142o zu\u017cy\u0107, wi\u0119c pojechali\u015bmy do Parku Trampolon FORT JUMP. Tam odbyli\u015bmy 2-godzinn\u0105 lekcj\u0119 wychowania fizycznego. W drodze powrotnej do domu nie mog\u0142o zabrakn\u0105\u0107 wizyty w restauracji McDonald\u2019s. By\u0142o wspaniale!!!<\/span><\/p>\nngg_shortcode_0_placeholder\n","protected":false},"excerpt":{"rendered":"<p>Aby poczu\u0107 ju\u017c wakacyjny luz, uczniowie klasy 5b oraz dw\u00f3ch uczni\u00f3w z klasy 5c oraz ucze\u0144 klasy 7a wybrali si\u0119 na wycieczk\u0119 do Zamo\u015bcia. Rozpocz\u0119li\u015bmy od seansu w kinie \u201eSTYLOWY\u201d, gdzie obejrzeli\u015bmy film \u201eSpider-Man: Poprzez Multiwersum\u201d. Nast\u0119pnie odwiedzili\u015bmy Zamojsk\u0105 Manufaktur\u0119 S\u0142odyczy \u201eT\u0119cza\u201d, gdzie ka\u017cdy z nas w\u0142asnor\u0119cznie wykona\u0142 pysznego lizaka oraz dokona\u0142 s\u0142odyczowych zakup\u00f3w. Kalorie [&hellip;]<\/p>\n","protected":false},"author":2,"featured_media":0,"parent":5983,"menu_order":0,"comment_status":"closed","ping_status":"closed","template":"","meta":{"ngg_post_thumbnail":0,"footnotes":""},"class_list":["post-21040","page","type-page","status-publish","hentry"],"_links":{"self":[{"href":"https:\/\/sp1hrubieszow.pl\/index.php\/wp-json\/wp\/v2\/pages\/21040","targetHints":{"allow":["GET"]}}],"collection":[{"href":"https:\/\/sp1hrubieszow.pl\/index.php\/wp-json\/wp\/v2\/pages"}],"about":[{"href":"https:\/\/sp1hrubieszow.pl\/index.php\/wp-json\/wp\/v2\/types\/page"}],"author":[{"embeddable":true,"href":"https:\/\/sp1hrubieszow.pl\/index.php\/wp-json\/wp\/v2\/users\/2"}],"replies":[{"embeddable":true,"href":"https:\/\/sp1hrubieszow.pl\/index.php\/wp-json\/wp\/v2\/comments?post=21040"}],"version-history":[{"count":1,"href":"https:\/\/sp1hrubieszow.pl\/index.php\/wp-json\/wp\/v2\/pages\/21040\/revisions"}],"predecessor-version":[{"id":21041,"href":"https:\/\/sp1hrubieszow.pl\/index.php\/wp-json\/wp\/v2\/pages\/21040\/revisions\/21041"}],"up":[{"embeddable":true,"href":"https:\/\/sp1hrubieszow.pl\/index.php\/wp-json\/wp\/v2\/pages\/5983"}],"wp:attachment":[{"href":"https:\/\/sp1hrubieszow.pl\/index.php\/wp-json\/wp\/v2\/media?parent=21040"}],"curies":[{"name":"wp","href":"https:\/\/api.w.org\/{rel}","templated":true}]}}