{"id":2102,"date":"2019-10-15T12:11:33","date_gmt":"2019-10-15T10:11:33","guid":{"rendered":"http:\/\/sp1.hrubieszow.info\/?page_id=2102"},"modified":"2019-10-21T21:16:44","modified_gmt":"2019-10-21T19:16:44","slug":"dzien-edukacji-narodowej-2019","status":"publish","type":"page","link":"https:\/\/sp1hrubieszow.pl\/index.php\/kronika-2019-2020\/dzien-edukacji-narodowej-2019\/","title":{"rendered":"Dzie\u0144 Edukacji Narodowej &#8211; 2019"},"content":{"rendered":"\n<p><span style=\"color: #330066;\"> <span style=\"font-family: Arial, sans-serif;\"><span style=\"font-size: medium;\">11 pa\u017adziernika 2019 r. w naszej szkole odby\u0142a si\u0119 akademia<\/span><\/span><\/span><span style=\"color: #330066;\"><span style=\"font-family: Arial, sans-serif;\"><span style=\"font-size: medium;\"> z okazji Dnia Edukacji Narodowej. Na uroczysto\u015b\u0107 przybyli nauczyciele, zaproszeni go\u015bcie, pracownicy administracji i obs\u0142ugi, przedstawiciele Rady Rodzic\u00f3w oraz uczniowie. W cz\u0119\u015bci artystycznej uczniowie z klas 2 b, 3 b oraz przedstawiciele z klas 8 pod kierunkiem pani Katarzyny Sztuk, pani Moniki Korneluk oraz przy wsparciu pani Anny Lewandowskiej <\/span><\/span><\/span><span style=\"color: #330066;\"><span style=\"font-family: Arial, sans-serif;\"><span style=\"font-size: medium;\">zaprezentowali si\u0119 najlepiej jak umieli<\/span><\/span><\/span><span style=\"color: #330066;\"><span style=\"font-family: Arial, sans-serif;\"><span style=\"font-size: medium;\"> w humorystycznej inscenizacji przedstawiaj\u0105cej \u017cycie szkolne. Podczas wyst\u0119pu nie zabrak\u0142o te\u017c pi\u0119knych piosenek, kt\u00f3re przygotowali uczniowie klas starszych pod kierunkiem pana Arkadiusza Mielniczka.<\/span><\/span><\/span><\/p>\n<p><span style=\"color: #330066;\"> <span style=\"font-family: Arial, sans-serif;\"><span style=\"font-size: medium;\">W cz\u0119\u015bci oficjalnej g\u0142os zabra\u0142a pani dyrektor Edyta Kucharska, kt\u00f3ra z\u0142o\u017cy\u0142a serdeczne \u017cyczenia wszystkim pracownikom szko\u0142y, podzi\u0119kowa\u0142a za trud wk\u0142adany ka\u017cdego dnia w kszta\u0142cenie i wychowanie m\u0142odych pokole\u0144 oraz wr\u0119czy\u0142a Nagrody Dyrektora wyr\u00f3\u017cniaj\u0105cym si\u0119 nauczycielom: M. Anigacz, M. Jako\u015b-W\u00f3r, T. Kr\u00f3licki, M. Kuczy\u0144ska, E. Miller-Wiatrowska, A. Lewandowska, M. Lackowska, J. Nazar, E. Pochylczuk, E. Filipowicz-Sidorczuk, M. Szumiata oraz wszystkim pracownikom administracji i obs\u0142ugi.<\/span><\/span><\/span><\/p>\n<p><span style=\"color: #330066;\"> <span style=\"font-family: Arial, sans-serif;\"><span style=\"font-size: medium;\">W tym dniu nauczyciele za szczeg\u00f3lne osi\u0105gni\u0119cia w pracy dydaktycznej, wychowawczej i opieku\u0144czej otrzymali tak\u017ce Nagrod\u0119 Burmistrza Miasta Hrubieszowa: J. Korkosz, K. Sztuk, A. Podlewski, T. Magdziak oraz Z\u0142oty Medal Komisji Edukacji Narodowej: B. Mielniczuk i J. Korkosz.<\/span><\/span><\/span><\/p>\nngg_shortcode_0_placeholder\n","protected":false},"excerpt":{"rendered":"<p>11 pa\u017adziernika 2019 r. w naszej szkole odby\u0142a si\u0119 akademia z okazji Dnia Edukacji Narodowej. Na uroczysto\u015b\u0107 przybyli nauczyciele, zaproszeni go\u015bcie, pracownicy administracji i obs\u0142ugi, przedstawiciele Rady Rodzic\u00f3w oraz uczniowie. W cz\u0119\u015bci artystycznej uczniowie z klas 2 b, 3 b oraz przedstawiciele z klas 8 pod kierunkiem pani Katarzyny Sztuk, pani Moniki Korneluk oraz przy [&hellip;]<\/p>\n","protected":false},"author":1,"featured_media":0,"parent":2167,"menu_order":3,"comment_status":"closed","ping_status":"closed","template":"","meta":{"ngg_post_thumbnail":0,"footnotes":""},"class_list":["post-2102","page","type-page","status-publish","hentry"],"_links":{"self":[{"href":"https:\/\/sp1hrubieszow.pl\/index.php\/wp-json\/wp\/v2\/pages\/2102","targetHints":{"allow":["GET"]}}],"collection":[{"href":"https:\/\/sp1hrubieszow.pl\/index.php\/wp-json\/wp\/v2\/pages"}],"about":[{"href":"https:\/\/sp1hrubieszow.pl\/index.php\/wp-json\/wp\/v2\/types\/page"}],"author":[{"embeddable":true,"href":"https:\/\/sp1hrubieszow.pl\/index.php\/wp-json\/wp\/v2\/users\/1"}],"replies":[{"embeddable":true,"href":"https:\/\/sp1hrubieszow.pl\/index.php\/wp-json\/wp\/v2\/comments?post=2102"}],"version-history":[{"count":2,"href":"https:\/\/sp1hrubieszow.pl\/index.php\/wp-json\/wp\/v2\/pages\/2102\/revisions"}],"predecessor-version":[{"id":2397,"href":"https:\/\/sp1hrubieszow.pl\/index.php\/wp-json\/wp\/v2\/pages\/2102\/revisions\/2397"}],"up":[{"embeddable":true,"href":"https:\/\/sp1hrubieszow.pl\/index.php\/wp-json\/wp\/v2\/pages\/2167"}],"wp:attachment":[{"href":"https:\/\/sp1hrubieszow.pl\/index.php\/wp-json\/wp\/v2\/media?parent=2102"}],"curies":[{"name":"wp","href":"https:\/\/api.w.org\/{rel}","templated":true}]}}