{"id":20971,"date":"2023-06-16T21:49:24","date_gmt":"2023-06-16T19:49:24","guid":{"rendered":"https:\/\/sp1hrubieszow.pl\/?page_id=20971"},"modified":"2023-06-16T21:49:49","modified_gmt":"2023-06-16T19:49:49","slug":"wojewodzki-final-sztafet-mamy-zloty-medal","status":"publish","type":"page","link":"https:\/\/sp1hrubieszow.pl\/index.php\/kronika-2020-2021\/wojewodzki-final-sztafet-mamy-zloty-medal\/","title":{"rendered":"Wojew\u00f3dzki Fina\u0142 Sztafet- mamy zloty medal!!!"},"content":{"rendered":"\n<div class=\"xdj266r x11i5rnm xat24cr x1mh8g0r x1vvkbs x126k92a\">\n<div dir=\"auto\"><span style=\"font-size: 1rem;\">1<span style=\"color: #000080;\">5 czerwca w Lublinie odby\u0142 si\u0119 Wojew\u00f3dzki Fina\u0142 Festiwalu Sztafet.<\/span><\/span><\/div>\n<\/div>\n<div class=\"x11i5rnm xat24cr x1mh8g0r x1vvkbs xtlvy1s x126k92a\">\n<div dir=\"auto\"><span style=\"color: #000080;\"><strong>Z\u0142oty medal wywalczyli ch\u0142opcy w sztafecie olimpijskie<\/strong>j, ch\u0142opcy pobiegli w sk\u0142adzie:<\/span><\/div>\n<div dir=\"auto\"><span style=\"color: #000080;\">Kajetan Szewc<\/span><\/div>\n<div dir=\"auto\"><span style=\"color: #000080;\">Wojciech Malinowski<\/span><\/div>\n<div dir=\"auto\"><span style=\"color: #000080;\">Karol Krajewski<\/span><\/div>\n<div dir=\"auto\"><span style=\"color: #000080;\">Miko\u0142aj Gardzio\u0142a<\/span><\/div>\n<\/div>\n<div class=\"x11i5rnm xat24cr x1mh8g0r x1vvkbs xtlvy1s x126k92a\">\n<div dir=\"auto\"><span style=\"color: #000080;\"><strong>4 miejsce wywalczyli ch\u0142opcy w sztafecie olimpijskie<\/strong>j, ch\u0142opcy pobiegli w sk\u0142adzie:<\/span><\/div>\n<div dir=\"auto\"><span style=\"color: #000080;\">Kacper Kaniosz<\/span><\/div>\n<div dir=\"auto\"><span style=\"color: #000080;\">Miko\u0142aj Czerkawski<\/span><\/div>\n<div dir=\"auto\"><span style=\"color: #000080;\">Kacper S\u0142upski<\/span><\/div>\n<div dir=\"auto\"><span style=\"color: #000080;\">Bartosz Wa\u017cny<\/span><\/div>\n<\/div>\n<div class=\"x11i5rnm xat24cr x1mh8g0r x1vvkbs xtlvy1s x126k92a\">\n<div dir=\"auto\"><span style=\"color: #000080;\"><strong>5 miejsce wywalczy\u0142a dru\u017cyna dziewcz\u0105t w sztafecie olimpijskiej,<\/strong>w sk\u0142adzie:<\/span><\/div>\n<div dir=\"auto\"><span style=\"color: #000080;\">Katarzyna Duma<\/span><\/div>\n<div dir=\"auto\"><span style=\"color: #000080;\">Kornelia Mrozowska<\/span><\/div>\n<div dir=\"auto\"><span style=\"color: #000080;\">Maja Magdziak<\/span><\/div>\n<div dir=\"auto\"><span style=\"color: #000080;\">Iga Nowosad<\/span><\/div>\n<div dir=\"auto\"><span style=\"color: #000080;\"><strong>Opiekunem by\u0142 Tomasz Magdziak.<\/strong><\/span><\/div>\n<div dir=\"auto\"><span style=\"color: #000080;\"><strong>Gratulujemy wszystkim uczestnikom<\/strong> <span class=\"x3nfvp2 x1j61x8r x1fcty0u xdj266r xhhsvwb xat24cr xgzva0m xxymvpz xlup9mm x1kky2od\"><img loading=\"lazy\" decoding=\"async\" src=\"https:\/\/static.xx.fbcdn.net\/images\/emoji.php\/v9\/tfe\/1\/16\/1f44f.png\" alt=\"?\" width=\"16\" height=\"16\"><\/span><\/span><\/div>\n<div dir=\"auto\">\nngg_shortcode_0_placeholder\n<\/div>\n<\/div>\n","protected":false},"excerpt":{"rendered":"<p>15 czerwca w Lublinie odby\u0142 si\u0119 Wojew\u00f3dzki Fina\u0142 Festiwalu Sztafet. Z\u0142oty medal wywalczyli ch\u0142opcy w sztafecie olimpijskiej, ch\u0142opcy pobiegli w sk\u0142adzie: Kajetan Szewc Wojciech Malinowski Karol Krajewski Miko\u0142aj Gardzio\u0142a 4 miejsce wywalczyli ch\u0142opcy w sztafecie olimpijskiej, ch\u0142opcy pobiegli w sk\u0142adzie: Kacper Kaniosz Miko\u0142aj Czerkawski Kacper S\u0142upski Bartosz Wa\u017cny 5 miejsce wywalczy\u0142a dru\u017cyna dziewcz\u0105t w sztafecie [&hellip;]<\/p>\n","protected":false},"author":2,"featured_media":0,"parent":5983,"menu_order":0,"comment_status":"closed","ping_status":"closed","template":"","meta":{"ngg_post_thumbnail":0,"footnotes":""},"class_list":["post-20971","page","type-page","status-publish","hentry"],"_links":{"self":[{"href":"https:\/\/sp1hrubieszow.pl\/index.php\/wp-json\/wp\/v2\/pages\/20971","targetHints":{"allow":["GET"]}}],"collection":[{"href":"https:\/\/sp1hrubieszow.pl\/index.php\/wp-json\/wp\/v2\/pages"}],"about":[{"href":"https:\/\/sp1hrubieszow.pl\/index.php\/wp-json\/wp\/v2\/types\/page"}],"author":[{"embeddable":true,"href":"https:\/\/sp1hrubieszow.pl\/index.php\/wp-json\/wp\/v2\/users\/2"}],"replies":[{"embeddable":true,"href":"https:\/\/sp1hrubieszow.pl\/index.php\/wp-json\/wp\/v2\/comments?post=20971"}],"version-history":[{"count":1,"href":"https:\/\/sp1hrubieszow.pl\/index.php\/wp-json\/wp\/v2\/pages\/20971\/revisions"}],"predecessor-version":[{"id":20972,"href":"https:\/\/sp1hrubieszow.pl\/index.php\/wp-json\/wp\/v2\/pages\/20971\/revisions\/20972"}],"up":[{"embeddable":true,"href":"https:\/\/sp1hrubieszow.pl\/index.php\/wp-json\/wp\/v2\/pages\/5983"}],"wp:attachment":[{"href":"https:\/\/sp1hrubieszow.pl\/index.php\/wp-json\/wp\/v2\/media?parent=20971"}],"curies":[{"name":"wp","href":"https:\/\/api.w.org\/{rel}","templated":true}]}}