{"id":20926,"date":"2023-06-14T13:54:18","date_gmt":"2023-06-14T11:54:18","guid":{"rendered":"https:\/\/sp1hrubieszow.pl\/?page_id=20926"},"modified":"2023-06-14T13:54:48","modified_gmt":"2023-06-14T11:54:48","slug":"podsumowanie-kampanii-zachowaj-trzezwy-umysl-2022-zachowaj-trzezwy-umysl","status":"publish","type":"page","link":"https:\/\/sp1hrubieszow.pl\/index.php\/kronika-2020-2021\/podsumowanie-kampanii-zachowaj-trzezwy-umysl-2022-zachowaj-trzezwy-umysl\/","title":{"rendered":"Podsumowanie kampanii Zachowaj Trze\u017awy Umys\u0142\u2019 2022 Zachowaj Trze\u017awy Umys\u0142"},"content":{"rendered":"\n<p><span style=\"color: #000080;\">W dniu 12.06.2023r. W Urz\u0119dzie Miasta Hrubieszowa odby\u0142o si\u0119 uroczyste wr\u0119czenie nagr\u00f3d laureatom og\u00f3lnopolskich konkurs\u00f3w pod patronatem ZTU. Pani Burmistrz Marta Majewska wr\u0119czy\u0142a nagrody nast\u0119puj\u0105cym laureatom z naszej szko\u0142y, nagrodzonym w konkursie plastyczno -literackim pt. \u201eNie czas na nud\u0119\u201d: Pola Pachniewska z kl. 2a (opiekun p. Ma\u0142gorzata Serafin), Adrianna Mazurek z kl. 2a( opiekun p. Ma\u0142gorzata Serafin), Lena Ni\u017anikowska z kl. 4c(opiekun: p. Joanna Bartnik) oraz Nikola Pietryna z kl. 6b(opiekun p. Ewa Filipowicz- Sidorczuk). Uczniowie kl. 8a wraz z wych. p. Malgorzat\u0105 Greszet\u0105 odebrali nagrody za zwyci\u0119stwo w konkursie filmowym pt.. \u201e Nie czas na nud\u0119\u201d. Wszystkim laureatom gratulujemy i \u017cyczymy sukces\u00f3w w kolejnej, tegorocznej edycji konkursu. <\/span><\/p>\n<p><span style=\"color: #000080;\">Koordynatorzy ZTU w SP nr 1 w Hrubieszowie : Marta Kuczy\u0144ska i Anna Karkuszewska<\/span><\/p>\nngg_shortcode_0_placeholder\n","protected":false},"excerpt":{"rendered":"<p>W dniu 12.06.2023r. W Urz\u0119dzie Miasta Hrubieszowa odby\u0142o si\u0119 uroczyste wr\u0119czenie nagr\u00f3d laureatom og\u00f3lnopolskich konkurs\u00f3w pod patronatem ZTU. Pani Burmistrz Marta Majewska wr\u0119czy\u0142a nagrody nast\u0119puj\u0105cym laureatom z naszej szko\u0142y, nagrodzonym w konkursie plastyczno -literackim pt. \u201eNie czas na nud\u0119\u201d: Pola Pachniewska z kl. 2a (opiekun p. Ma\u0142gorzata Serafin), Adrianna Mazurek z kl. 2a( opiekun p. [&hellip;]<\/p>\n","protected":false},"author":2,"featured_media":0,"parent":5983,"menu_order":0,"comment_status":"closed","ping_status":"closed","template":"","meta":{"ngg_post_thumbnail":0,"footnotes":""},"class_list":["post-20926","page","type-page","status-publish","hentry"],"_links":{"self":[{"href":"https:\/\/sp1hrubieszow.pl\/index.php\/wp-json\/wp\/v2\/pages\/20926","targetHints":{"allow":["GET"]}}],"collection":[{"href":"https:\/\/sp1hrubieszow.pl\/index.php\/wp-json\/wp\/v2\/pages"}],"about":[{"href":"https:\/\/sp1hrubieszow.pl\/index.php\/wp-json\/wp\/v2\/types\/page"}],"author":[{"embeddable":true,"href":"https:\/\/sp1hrubieszow.pl\/index.php\/wp-json\/wp\/v2\/users\/2"}],"replies":[{"embeddable":true,"href":"https:\/\/sp1hrubieszow.pl\/index.php\/wp-json\/wp\/v2\/comments?post=20926"}],"version-history":[{"count":1,"href":"https:\/\/sp1hrubieszow.pl\/index.php\/wp-json\/wp\/v2\/pages\/20926\/revisions"}],"predecessor-version":[{"id":20927,"href":"https:\/\/sp1hrubieszow.pl\/index.php\/wp-json\/wp\/v2\/pages\/20926\/revisions\/20927"}],"up":[{"embeddable":true,"href":"https:\/\/sp1hrubieszow.pl\/index.php\/wp-json\/wp\/v2\/pages\/5983"}],"wp:attachment":[{"href":"https:\/\/sp1hrubieszow.pl\/index.php\/wp-json\/wp\/v2\/media?parent=20926"}],"curies":[{"name":"wp","href":"https:\/\/api.w.org\/{rel}","templated":true}]}}