{"id":20895,"date":"2023-06-13T19:20:34","date_gmt":"2023-06-13T17:20:34","guid":{"rendered":"https:\/\/sp1hrubieszow.pl\/?page_id=20895"},"modified":"2023-06-13T19:20:57","modified_gmt":"2023-06-13T17:20:57","slug":"nagrodzony-sukces","status":"publish","type":"page","link":"https:\/\/sp1hrubieszow.pl\/index.php\/kronika-2020-2021\/nagrodzony-sukces\/","title":{"rendered":"NAGRODZONY SUKCES"},"content":{"rendered":"\n\n\n<div class=\"x11i5rnm xat24cr x1mh8g0r x1vvkbs xtlvy1s x126k92a\">\n<div dir=\"auto\"><span style=\"color: #000080;\">W dniu 12.06.2023 uczniowie klasy 8a Szko\u0142y Podstawowej nr 1 w Hrubieszowie uczestniczyli w uroczysto\u015bci rozdania nagr\u00f3d w og\u00f3lnopolskim konkursie organizowanym przez ZTU pod nazw\u0105 ,,Nie czas na nud\u0119\u201d, w kt\u00f3rym jako klasa i autorzy konkursowego filmu zostali\u015bmy laureatami. Wszyscy czujemy si\u0119 rodzicami sukcesu bo ka\u017cdy z nas do\u0142o\u017cy\u0142 do realizacji filmu sw\u00f3j pomys\u0142 i zaanga\u017cowanie, a zach\u0119ci\u0142a nas do pracy nasza wychowawczyni, pani Ma\u0142gorzata Greszeta.<\/span><\/div>\n<div dir=\"auto\"><span style=\"color: #000080;\">Wszyscy uczestnicy otrzymali nagrody indywidualne, a dla szko\u0142y zdobyli\u015bmy zestaw nag\u0142o\u015bnieniowy o warto\u015bci 2000 z\u0142. ufundowany przez Gmin\u0119 Miejsk\u0105 Hrubiesz\u00f3w oraz zestaw gier planszowych do wykorzystania podczas zaj\u0119\u0107 wychowawczych czy \u015bwietlicowych. Zostawiamy szkole po sobie pami\u0105tk\u0119.<\/span><\/div>\n<div dir=\"auto\"><span style=\"color: #000080;\">Niezwykle mi\u0142o zostali\u015bmy przyj\u0119ci w UM przez Burmistrz Miasta pani\u0105 Mart\u0119 Majewsk\u0105, gdy\u017c podj\u0119to nas pocz\u0119stunkiem, chwil\u0105 rozmowy oraz wsp\u00f3lnym ogl\u0105daniem zwyci\u0119skiego filmiku. Jeste\u015bmy z siebie dumni.<\/span><\/div>\n<div dir=\"auto\"><span style=\"color: #000080;\">Gratulujemy r\u00f3wnie\u017c kolegom z SP nr 2, kt\u00f3rzy towarzyszyli nam w tym uroczystym wydarzeniu.<\/span><\/div>\n<div dir=\"auto\">&nbsp;<\/div>\n<\/div>\n<div class=\"x11i5rnm xat24cr x1mh8g0r x1vvkbs xtlvy1s x126k92a\">\n<div dir=\"auto\"><span style=\"color: #000080;\">Link do nagrodzonego filmiku: <strong><a class=\"x1i10hfl xjbqb8w x6umtig x1b1mbwd xaqea5y xav7gou x9f619 x1ypdohk xt0psk2 xe8uvvx xdj266r x11i5rnm xat24cr x1mh8g0r xexx8yu x4uap5 x18d9i69 xkhd6sd x16tdsg8 x1hl2dhg xggy1nq x1a2a7pz xt0b8zv x1fey0fg\" style=\"color: #000080;\" tabindex=\"0\" role=\"link\" href=\"https:\/\/trzezwyumysl.pl\/2022\/12\/wyniki-konkursu-filmowego\/?fbclid=IwAR2YXOLOq1BVO_QhrUUrtqFkHD7oZf0wDWqJFxS6usjGsnkE_0NrEJ9x5Dc\" target=\"_blank\" rel=\"nofollow noopener\">https:\/\/trzezwyumysl.pl\/2022\/12\/wyniki-konkursu-filmowego\/<\/a><\/strong><\/span><\/div>\n<\/div>\n<div dir=\"auto\">\nngg_shortcode_0_placeholder\n<\/div>\n","protected":false},"excerpt":{"rendered":"<p>W dniu 12.06.2023 uczniowie klasy 8a Szko\u0142y Podstawowej nr 1 w Hrubieszowie uczestniczyli w uroczysto\u015bci rozdania nagr\u00f3d w og\u00f3lnopolskim konkursie organizowanym przez ZTU pod nazw\u0105 ,,Nie czas na nud\u0119\u201d, w kt\u00f3rym jako klasa i autorzy konkursowego filmu zostali\u015bmy laureatami. Wszyscy czujemy si\u0119 rodzicami sukcesu bo ka\u017cdy z nas do\u0142o\u017cy\u0142 do realizacji filmu sw\u00f3j pomys\u0142 i [&hellip;]<\/p>\n","protected":false},"author":2,"featured_media":0,"parent":5983,"menu_order":0,"comment_status":"closed","ping_status":"closed","template":"","meta":{"ngg_post_thumbnail":0,"footnotes":""},"class_list":["post-20895","page","type-page","status-publish","hentry"],"_links":{"self":[{"href":"https:\/\/sp1hrubieszow.pl\/index.php\/wp-json\/wp\/v2\/pages\/20895","targetHints":{"allow":["GET"]}}],"collection":[{"href":"https:\/\/sp1hrubieszow.pl\/index.php\/wp-json\/wp\/v2\/pages"}],"about":[{"href":"https:\/\/sp1hrubieszow.pl\/index.php\/wp-json\/wp\/v2\/types\/page"}],"author":[{"embeddable":true,"href":"https:\/\/sp1hrubieszow.pl\/index.php\/wp-json\/wp\/v2\/users\/2"}],"replies":[{"embeddable":true,"href":"https:\/\/sp1hrubieszow.pl\/index.php\/wp-json\/wp\/v2\/comments?post=20895"}],"version-history":[{"count":1,"href":"https:\/\/sp1hrubieszow.pl\/index.php\/wp-json\/wp\/v2\/pages\/20895\/revisions"}],"predecessor-version":[{"id":20896,"href":"https:\/\/sp1hrubieszow.pl\/index.php\/wp-json\/wp\/v2\/pages\/20895\/revisions\/20896"}],"up":[{"embeddable":true,"href":"https:\/\/sp1hrubieszow.pl\/index.php\/wp-json\/wp\/v2\/pages\/5983"}],"wp:attachment":[{"href":"https:\/\/sp1hrubieszow.pl\/index.php\/wp-json\/wp\/v2\/media?parent=20895"}],"curies":[{"name":"wp","href":"https:\/\/api.w.org\/{rel}","templated":true}]}}