{"id":20867,"date":"2023-06-12T20:54:00","date_gmt":"2023-06-12T18:54:00","guid":{"rendered":"https:\/\/sp1hrubieszow.pl\/?page_id=20867"},"modified":"2023-06-12T20:55:22","modified_gmt":"2023-06-12T18:55:22","slug":"wycieczka-do-bulgarii","status":"publish","type":"page","link":"https:\/\/sp1hrubieszow.pl\/index.php\/kronika-2020-2021\/wycieczka-do-bulgarii\/","title":{"rendered":"Bu\u0142garia, Z\u0142ote Piaski"},"content":{"rendered":"\n<div class=\"xdj266r x11i5rnm xat24cr x1mh8g0r x1vvkbs x126k92a\">\n<div dir=\"auto\"><span style=\"color: #000080;\">Bu\u0142garia, Z\u0142ote Piaski to by\u0142 cel naszej szkolnej wycieczki. Pla\u017ca, morze i s\u0142o\u0144ce by\u0142o dla nas wyczekiwanym czasem.<\/span><\/div>\n<div dir=\"auto\"><span style=\"color: #000080;\">29 maja rozpocz\u0119li\u015bmy nasz\u0105 podr\u00f3\u017c w kierunku Rumunii, gdzie mieli\u015bmy pierwszy nocleg. Podr\u00f3\u017c by\u0142a d\u0142uga, ale warto by\u0142 czeka\u0107. Drog\u0119 umila\u0142y nam pi\u0119kne widoki i wsp\u00f3lne przebywanie ze sob\u0105.<\/span><\/div>\n<div dir=\"auto\"><span style=\"color: #000080;\">Zielona Szko\u0142a to przede wszystkim mo\u017cliwo\u015b\u0107 przeniesienia szko\u0142y z czterech \u015bcian w morsk\u0105 scenografi\u0119 i przeprowadzenia ciekawych lekcji, kt\u00f3re na d\u0142ugo pozostan\u0105 w naszej pami\u0119ci. Wsp\u00f3lna podr\u00f3\u017c, poznawanie nowych miejsc oraz praktyczne zaj\u0119cia to te\u017c fajny spos\u00f3b, \u017ceby nauka sta\u0142a si\u0119 pasj\u0105.<\/span><\/div>\n<div dir=\"auto\"><span style=\"color: #000080;\">Pobyt nad Morzem Czarnym pozwoli\u0142 po\u0142\u0105czy\u0107 zwiedzanie, wypoczynek i nauk\u0119 w wakacyjnej scenerii.<\/span><\/div>\n<div dir=\"auto\"><span style=\"color: #000080;\">Pierwszy dzie\u0144 rozpocz\u0119li\u015bmy od zas\u0142u\u017conego odpoczynku nad morzem \u2013 leniuchowaniu nie by\u0142o ko\u0144ca<span class=\"x3nfvp2 x1j61x8r x1fcty0u xdj266r xhhsvwb xat24cr xgzva0m xxymvpz xlup9mm x1kky2od\"><img loading=\"lazy\" decoding=\"async\" src=\"https:\/\/static.xx.fbcdn.net\/images\/emoji.php\/v9\/t55\/1\/16\/1f607.png\" alt=\"?\" width=\"16\" height=\"16\"><\/span>.<\/span><\/div>\n<div dir=\"auto\"><span style=\"color: #000080;\">Kolejne dni sp\u0119dzili\u015bmy na zwiedzaniu: Warny, przyl\u0105dka Kaliakra, ogrod\u00f3w botanicznych, klasztoru skalnego A\u0142ad\u017ca, ruin staro\u017cytnych \u0142a\u017ani rzymskich.<\/span><\/div>\n<div dir=\"auto\"><span style=\"color: #000080;\">Wieczory sp\u0119dzali\u015bmy na spacerach pla\u017c\u0105, kosztowaniem kuchni bu\u0142garskiej oraz lod\u00f3w \u2013 by\u0142y pyszne<span class=\"x3nfvp2 x1j61x8r x1fcty0u xdj266r xhhsvwb xat24cr xgzva0m xxymvpz xlup9mm x1kky2od\"><img loading=\"lazy\" decoding=\"async\" src=\"https:\/\/static.xx.fbcdn.net\/images\/emoji.php\/v9\/td3\/1\/16\/1f924.png\" alt=\"?\" width=\"16\" height=\"16\"><\/span>.<\/span><\/div>\n<div dir=\"auto\"><span style=\"color: #000080;\">Niestety przyszed\u0142 czas na powr\u00f3t do domu<span class=\"x3nfvp2 x1j61x8r x1fcty0u xdj266r xhhsvwb xat24cr xgzva0m xxymvpz xlup9mm x1kky2od\"><img loading=\"lazy\" decoding=\"async\" src=\"https:\/\/static.xx.fbcdn.net\/images\/emoji.php\/v9\/t9b\/1\/16\/1f97a.png\" alt=\"?\" width=\"16\" height=\"16\"><\/span> i tak wyruszyli\u015bmy do Rumuni, gdzie nasi ch\u0142opcy rozegrali mecz w pi\u0142k\u0119 no\u017cn\u0105 z m\u0142odzie\u017c\u0105 rumu\u0144sk\u0105 \u2013 wynik zako\u0144czy\u0142 si\u0119 remisem<span class=\"x3nfvp2 x1j61x8r x1fcty0u xdj266r xhhsvwb xat24cr xgzva0m xxymvpz xlup9mm x1kky2od\"><img loading=\"lazy\" decoding=\"async\" src=\"https:\/\/static.xx.fbcdn.net\/images\/emoji.php\/v9\/tcd\/1\/16\/1f643.png\" alt=\"?\" width=\"16\" height=\"16\"><\/span>.<\/span><\/div>\n<div dir=\"auto\"><span style=\"color: #000080;\">4 czerwca przekroczyli\u015bmy granic\u0119 s\u0142owacko-polsk\u0105 \u2013 wsz\u0119dzie dobrze ale w domu najlepiej.<\/span><\/div>\n<\/div>\n<div class=\"x11i5rnm xat24cr x1mh8g0r x1vvkbs xtlvy1s x126k92a\">\n<div dir=\"auto\"><span style=\"color: #000080;\">Wsp\u00f3lne podr\u00f3\u017cowanie zacie\u015bni\u0142o nasze wi\u0119zi, nauczy\u0142o wsp\u00f3\u0142pracy i pozostawi\u0142o wspomnienia. Takie momenty oderwania si\u0119 od \u017cycia szkolnego s\u0105 bardzo wa\u017cne dla nas. Bu\u0142garia by\u0142a doskona\u0142ym miejscem, by nie tylko si\u0119 zrelaksowa\u0107, ale tak\u017ce w pi\u0119knych okoliczno\u015bciach przyrody pog\u0142\u0119bia\u0107 relacje.<\/span><\/div>\n<div dir=\"auto\">\nngg_shortcode_0_placeholder\n<\/div>\n<div dir=\"auto\">\nngg_shortcode_1_placeholder\n<\/div>\n<\/div>\n","protected":false},"excerpt":{"rendered":"<p>Bu\u0142garia, Z\u0142ote Piaski to by\u0142 cel naszej szkolnej wycieczki. Pla\u017ca, morze i s\u0142o\u0144ce by\u0142o dla nas wyczekiwanym czasem. 29 maja rozpocz\u0119li\u015bmy nasz\u0105 podr\u00f3\u017c w kierunku Rumunii, gdzie mieli\u015bmy pierwszy nocleg. Podr\u00f3\u017c by\u0142a d\u0142uga, ale warto by\u0142 czeka\u0107. Drog\u0119 umila\u0142y nam pi\u0119kne widoki i wsp\u00f3lne przebywanie ze sob\u0105. Zielona Szko\u0142a to przede wszystkim mo\u017cliwo\u015b\u0107 przeniesienia szko\u0142y [&hellip;]<\/p>\n","protected":false},"author":2,"featured_media":0,"parent":5983,"menu_order":0,"comment_status":"closed","ping_status":"closed","template":"","meta":{"ngg_post_thumbnail":0,"footnotes":""},"class_list":["post-20867","page","type-page","status-publish","hentry"],"_links":{"self":[{"href":"https:\/\/sp1hrubieszow.pl\/index.php\/wp-json\/wp\/v2\/pages\/20867","targetHints":{"allow":["GET"]}}],"collection":[{"href":"https:\/\/sp1hrubieszow.pl\/index.php\/wp-json\/wp\/v2\/pages"}],"about":[{"href":"https:\/\/sp1hrubieszow.pl\/index.php\/wp-json\/wp\/v2\/types\/page"}],"author":[{"embeddable":true,"href":"https:\/\/sp1hrubieszow.pl\/index.php\/wp-json\/wp\/v2\/users\/2"}],"replies":[{"embeddable":true,"href":"https:\/\/sp1hrubieszow.pl\/index.php\/wp-json\/wp\/v2\/comments?post=20867"}],"version-history":[{"count":2,"href":"https:\/\/sp1hrubieszow.pl\/index.php\/wp-json\/wp\/v2\/pages\/20867\/revisions"}],"predecessor-version":[{"id":20869,"href":"https:\/\/sp1hrubieszow.pl\/index.php\/wp-json\/wp\/v2\/pages\/20867\/revisions\/20869"}],"up":[{"embeddable":true,"href":"https:\/\/sp1hrubieszow.pl\/index.php\/wp-json\/wp\/v2\/pages\/5983"}],"wp:attachment":[{"href":"https:\/\/sp1hrubieszow.pl\/index.php\/wp-json\/wp\/v2\/media?parent=20867"}],"curies":[{"name":"wp","href":"https:\/\/api.w.org\/{rel}","templated":true}]}}