{"id":20761,"date":"2023-06-10T20:47:25","date_gmt":"2023-06-10T18:47:25","guid":{"rendered":"https:\/\/sp1hrubieszow.pl\/?page_id=20761"},"modified":"2023-06-10T20:47:53","modified_gmt":"2023-06-10T18:47:53","slug":"park-rozrywki-powerland","status":"publish","type":"page","link":"https:\/\/sp1hrubieszow.pl\/index.php\/kronika-2020-2021\/park-rozrywki-powerland\/","title":{"rendered":"Park Rozrywki Powerland"},"content":{"rendered":"\n<p><span style=\"color: #000080;\">Uczniowie z klas 1b, 2c i 3b odpoczywali aktywnie w Parku Rozrywki Powerland w Bi\u0142goraju. By\u0142 to niezapomniany czas zabawy, \u015bmiechu i nauki. W weso\u0142ym nastroju czekamy wszyscy na wakacje.<\/span><\/p>\nngg_shortcode_0_placeholder\n","protected":false},"excerpt":{"rendered":"<p>Uczniowie z klas 1b, 2c i 3b odpoczywali aktywnie w Parku Rozrywki Powerland w Bi\u0142goraju. By\u0142 to niezapomniany czas zabawy, \u015bmiechu i nauki. W weso\u0142ym nastroju czekamy wszyscy na wakacje.<\/p>\n","protected":false},"author":2,"featured_media":0,"parent":5983,"menu_order":0,"comment_status":"closed","ping_status":"closed","template":"","meta":{"ngg_post_thumbnail":0,"footnotes":""},"class_list":["post-20761","page","type-page","status-publish","hentry"],"_links":{"self":[{"href":"https:\/\/sp1hrubieszow.pl\/index.php\/wp-json\/wp\/v2\/pages\/20761","targetHints":{"allow":["GET"]}}],"collection":[{"href":"https:\/\/sp1hrubieszow.pl\/index.php\/wp-json\/wp\/v2\/pages"}],"about":[{"href":"https:\/\/sp1hrubieszow.pl\/index.php\/wp-json\/wp\/v2\/types\/page"}],"author":[{"embeddable":true,"href":"https:\/\/sp1hrubieszow.pl\/index.php\/wp-json\/wp\/v2\/users\/2"}],"replies":[{"embeddable":true,"href":"https:\/\/sp1hrubieszow.pl\/index.php\/wp-json\/wp\/v2\/comments?post=20761"}],"version-history":[{"count":1,"href":"https:\/\/sp1hrubieszow.pl\/index.php\/wp-json\/wp\/v2\/pages\/20761\/revisions"}],"predecessor-version":[{"id":20762,"href":"https:\/\/sp1hrubieszow.pl\/index.php\/wp-json\/wp\/v2\/pages\/20761\/revisions\/20762"}],"up":[{"embeddable":true,"href":"https:\/\/sp1hrubieszow.pl\/index.php\/wp-json\/wp\/v2\/pages\/5983"}],"wp:attachment":[{"href":"https:\/\/sp1hrubieszow.pl\/index.php\/wp-json\/wp\/v2\/media?parent=20761"}],"curies":[{"name":"wp","href":"https:\/\/api.w.org\/{rel}","templated":true}]}}