{"id":20745,"date":"2023-06-07T17:38:32","date_gmt":"2023-06-07T15:38:32","guid":{"rendered":"https:\/\/sp1hrubieszow.pl\/?page_id=20745"},"modified":"2023-06-07T17:38:46","modified_gmt":"2023-06-07T15:38:46","slug":"dzien-dziecka-w-naszej-szkole","status":"publish","type":"page","link":"https:\/\/sp1hrubieszow.pl\/index.php\/kronika-2020-2021\/dzien-dziecka-w-naszej-szkole\/","title":{"rendered":"Dzie\u0144 Dziecka w naszej szkole"},"content":{"rendered":"\n<p><span style=\"color: #000080;\">W tym roku obchody Dnia Dziecka rozpocz\u0119\u0142y si\u0119 na placu rekreacyjnym naszej szko\u0142y, gdzie wykonany zosta\u0142 taniec &#8222;Skrzypek&#8221;.&nbsp; Nast\u0119pnie istnia\u0142a mo\u017cliwo\u015b\u0107 uczestniczenia w r\u00f3\u017cnych punktach przygotowanego na ten dzie\u0144 programu. Biblioteka szkolna zaprasza\u0142a na plansz\u00f3wki, biblioteczne podchody oraz przygotowywanie plakat\u00f3w promuj\u0105cych czytelnictwo. Na sali gimnastycznej mo\u017cna by\u0142o skorzysta\u0107 z zabaw z balonami. Do dyspozycji uczni\u00f3w by\u0142a sala gier w pracowni komputerowej. Ch\u0119tni uczniowie mogli skorzysta\u0107 z seansu filmowego. Tradycyjnie w tym dniu odbywa\u0142y si\u0119 r\u00f3wnie\u017c rozgrywki sportowe. Uczniowie klas 4 obejrzeli przedstawienie teatralne przygotowane przez ich r\u00f3wie\u015bnik\u00f3w.&nbsp;<\/span><\/p>\n<p><span style=\"color: #000080;\">Poza tym uczniowie odpoczywali i posilali si\u0119 na piknikach oraz brali udzia\u0142 w zorganizowanych wyj\u015bciach na pizz\u0119 lub lody. Klasa 2 a uczestniczy\u0142a w warsztatach cukierniczych w kawiarni &#8222;Lalka&#8221;.&nbsp; Kilka klas skorzysta\u0142o tak\u017ce z zaproszenia Pani Burmistrz i odwiedzili w tym dniu Urz\u0105d Miasta Hrubiesz\u00f3w.&nbsp;<\/span><\/p>\nngg_shortcode_0_placeholder\n","protected":false},"excerpt":{"rendered":"<p>W tym roku obchody Dnia Dziecka rozpocz\u0119\u0142y si\u0119 na placu rekreacyjnym naszej szko\u0142y, gdzie wykonany zosta\u0142 taniec &#8222;Skrzypek&#8221;.&nbsp; Nast\u0119pnie istnia\u0142a mo\u017cliwo\u015b\u0107 uczestniczenia w r\u00f3\u017cnych punktach przygotowanego na ten dzie\u0144 programu. Biblioteka szkolna zaprasza\u0142a na plansz\u00f3wki, biblioteczne podchody oraz przygotowywanie plakat\u00f3w promuj\u0105cych czytelnictwo. Na sali gimnastycznej mo\u017cna by\u0142o skorzysta\u0107 z zabaw z balonami. Do dyspozycji uczni\u00f3w [&hellip;]<\/p>\n","protected":false},"author":2,"featured_media":0,"parent":5983,"menu_order":0,"comment_status":"closed","ping_status":"closed","template":"","meta":{"ngg_post_thumbnail":0,"footnotes":""},"class_list":["post-20745","page","type-page","status-publish","hentry"],"_links":{"self":[{"href":"https:\/\/sp1hrubieszow.pl\/index.php\/wp-json\/wp\/v2\/pages\/20745","targetHints":{"allow":["GET"]}}],"collection":[{"href":"https:\/\/sp1hrubieszow.pl\/index.php\/wp-json\/wp\/v2\/pages"}],"about":[{"href":"https:\/\/sp1hrubieszow.pl\/index.php\/wp-json\/wp\/v2\/types\/page"}],"author":[{"embeddable":true,"href":"https:\/\/sp1hrubieszow.pl\/index.php\/wp-json\/wp\/v2\/users\/2"}],"replies":[{"embeddable":true,"href":"https:\/\/sp1hrubieszow.pl\/index.php\/wp-json\/wp\/v2\/comments?post=20745"}],"version-history":[{"count":1,"href":"https:\/\/sp1hrubieszow.pl\/index.php\/wp-json\/wp\/v2\/pages\/20745\/revisions"}],"predecessor-version":[{"id":20746,"href":"https:\/\/sp1hrubieszow.pl\/index.php\/wp-json\/wp\/v2\/pages\/20745\/revisions\/20746"}],"up":[{"embeddable":true,"href":"https:\/\/sp1hrubieszow.pl\/index.php\/wp-json\/wp\/v2\/pages\/5983"}],"wp:attachment":[{"href":"https:\/\/sp1hrubieszow.pl\/index.php\/wp-json\/wp\/v2\/media?parent=20745"}],"curies":[{"name":"wp","href":"https:\/\/api.w.org\/{rel}","templated":true}]}}