{"id":20704,"date":"2023-06-06T19:40:20","date_gmt":"2023-06-06T17:40:20","guid":{"rendered":"https:\/\/sp1hrubieszow.pl\/?page_id=20704"},"modified":"2023-06-06T19:40:37","modified_gmt":"2023-06-06T17:40:37","slug":"awans-sztafet-na-zawody-wojewodzkie","status":"publish","type":"page","link":"https:\/\/sp1hrubieszow.pl\/index.php\/kronika-2020-2021\/awans-sztafet-na-zawody-wojewodzkie\/","title":{"rendered":"Awans sztafet na zawody wojew\u00f3dzkie"},"content":{"rendered":"\n\n\n<div class=\"x11i5rnm xat24cr x1mh8g0r x1vvkbs xtlvy1s x126k92a\">\n<div dir=\"auto\"><span style=\"color: #000080;\">06.06.2023 na stadionie HOSiR rozegrany zosta\u0142 P\u00f3\u0142fina\u0142 Wojew\u00f3dzki Festiwalu Sztafet. Wszystkie nasze sztafety uzyska\u0142y awans na zawody wojew\u00f3dzkie.<\/span><\/div>\n<\/div>\n<div class=\"x11i5rnm xat24cr x1mh8g0r x1vvkbs xtlvy1s x126k92a\">\n<div dir=\"auto\"><span style=\"color: #000080;\">1 miejsce sztafeta szwedzka dziewcz\u0105t:<\/span><\/div>\n<div dir=\"auto\"><span style=\"color: #000080;\">Zuzanna Peczak<\/span><\/div>\n<div dir=\"auto\"><span style=\"color: #000080;\">Iga Nowosad<\/span><\/div>\n<div dir=\"auto\"><span style=\"color: #000080;\">Maja Magdziak<\/span><\/div>\n<div dir=\"auto\"><span style=\"color: #000080;\">Zuzanna Nowakowska<\/span><\/div>\n<div dir=\"auto\">&nbsp;<\/div>\n<div dir=\"auto\"><span style=\"color: #000080;\">1 miejsce sztafeta szwedzka ch\u0142opc\u00f3w:<\/span><\/div>\n<div dir=\"auto\"><span style=\"color: #000080;\">Jakub Bajerczak<\/span><\/div>\n<div dir=\"auto\"><span style=\"color: #000080;\">Miko\u0142aj Gardzio\u0142a<\/span><\/div>\n<div dir=\"auto\"><span style=\"color: #000080;\">Kajetan Szewc<\/span><\/div>\n<div dir=\"auto\"><span style=\"color: #000080;\">Karol Krajewski<\/span><\/div>\n<div dir=\"auto\">&nbsp;<\/div>\n<div dir=\"auto\"><span style=\"color: #000080;\">2 miejsce sztafeta olimpijska ch\u0142opc\u00f3w:<\/span><\/div>\n<div dir=\"auto\"><span style=\"color: #000080;\">Miko\u0142aj Czerkawski<\/span><\/div>\n<div dir=\"auto\"><span style=\"color: #000080;\">Kacper S\u0142upski<\/span><\/div>\n<div dir=\"auto\"><span style=\"color: #000080;\">Kacper Kaniosz<\/span><\/div>\n<div dir=\"auto\"><span style=\"color: #000080;\">Maciej Ulanicki<\/span><\/div>\n<div dir=\"auto\">&nbsp;<\/div>\n<\/div>\n<div class=\"x11i5rnm xat24cr x1mh8g0r x1vvkbs xtlvy1s x126k92a\">\n<div dir=\"auto\"><span style=\"color: #000080;\">Opiekunem by\u0142 Pan Tomasz Magdziak<\/span><\/div>\n<div dir=\"auto\"><span style=\"color: #000080;\">Gratulujemy <span class=\"x3nfvp2 x1j61x8r x1fcty0u xdj266r xhhsvwb xat24cr xgzva0m xxymvpz xlup9mm x1kky2od\"><img loading=\"lazy\" decoding=\"async\" src=\"https:\/\/static.xx.fbcdn.net\/images\/emoji.php\/v9\/tfe\/1\/16\/1f44f.png\" alt=\"?\" width=\"16\" height=\"16\"><\/span> i \u017cyczymy powodzenia na zawodach wojew\u00f3dzkich.<\/span><\/div>\n<div dir=\"auto\">\nngg_shortcode_0_placeholder\n<\/div>\n<\/div>\n","protected":false},"excerpt":{"rendered":"<p>06.06.2023 na stadionie HOSiR rozegrany zosta\u0142 P\u00f3\u0142fina\u0142 Wojew\u00f3dzki Festiwalu Sztafet. Wszystkie nasze sztafety uzyska\u0142y awans na zawody wojew\u00f3dzkie. 1 miejsce sztafeta szwedzka dziewcz\u0105t: Zuzanna Peczak Iga Nowosad Maja Magdziak Zuzanna Nowakowska &nbsp; 1 miejsce sztafeta szwedzka ch\u0142opc\u00f3w: Jakub Bajerczak Miko\u0142aj Gardzio\u0142a Kajetan Szewc Karol Krajewski &nbsp; 2 miejsce sztafeta olimpijska ch\u0142opc\u00f3w: Miko\u0142aj Czerkawski Kacper S\u0142upski [&hellip;]<\/p>\n","protected":false},"author":2,"featured_media":0,"parent":5983,"menu_order":0,"comment_status":"closed","ping_status":"closed","template":"","meta":{"ngg_post_thumbnail":0,"footnotes":""},"class_list":["post-20704","page","type-page","status-publish","hentry"],"_links":{"self":[{"href":"https:\/\/sp1hrubieszow.pl\/index.php\/wp-json\/wp\/v2\/pages\/20704","targetHints":{"allow":["GET"]}}],"collection":[{"href":"https:\/\/sp1hrubieszow.pl\/index.php\/wp-json\/wp\/v2\/pages"}],"about":[{"href":"https:\/\/sp1hrubieszow.pl\/index.php\/wp-json\/wp\/v2\/types\/page"}],"author":[{"embeddable":true,"href":"https:\/\/sp1hrubieszow.pl\/index.php\/wp-json\/wp\/v2\/users\/2"}],"replies":[{"embeddable":true,"href":"https:\/\/sp1hrubieszow.pl\/index.php\/wp-json\/wp\/v2\/comments?post=20704"}],"version-history":[{"count":1,"href":"https:\/\/sp1hrubieszow.pl\/index.php\/wp-json\/wp\/v2\/pages\/20704\/revisions"}],"predecessor-version":[{"id":20705,"href":"https:\/\/sp1hrubieszow.pl\/index.php\/wp-json\/wp\/v2\/pages\/20704\/revisions\/20705"}],"up":[{"embeddable":true,"href":"https:\/\/sp1hrubieszow.pl\/index.php\/wp-json\/wp\/v2\/pages\/5983"}],"wp:attachment":[{"href":"https:\/\/sp1hrubieszow.pl\/index.php\/wp-json\/wp\/v2\/media?parent=20704"}],"curies":[{"name":"wp","href":"https:\/\/api.w.org\/{rel}","templated":true}]}}