{"id":20695,"date":"2023-06-06T14:18:19","date_gmt":"2023-06-06T12:18:19","guid":{"rendered":"https:\/\/sp1hrubieszow.pl\/?page_id=20695"},"modified":"2023-06-06T14:18:36","modified_gmt":"2023-06-06T12:18:36","slug":"konkurs-sko-moja-skarbonka-dla-uczniow-klas-i-iii-rozstrzygniety","status":"publish","type":"page","link":"https:\/\/sp1hrubieszow.pl\/index.php\/kronika-2020-2021\/konkurs-sko-moja-skarbonka-dla-uczniow-klas-i-iii-rozstrzygniety\/","title":{"rendered":"Konkurs SKO &#8222;MOJA SKARBONKA&#8221; dla uczni\u00f3w klas I-III rozstrzygni\u0119ty!"},"content":{"rendered":"\n<div class=\"x11i5rnm xat24cr x1mh8g0r x1vvkbs xtlvy1s x126k92a\">\n<div dir=\"auto\"><span style=\"color: #000080;\">Rozstrzygni\u0119to konkurs SKO pt. \u201eMoja skarbonka\u201d. Konkurs ten, zorganizowany zosta\u0142 przez opiekun\u00f3w Szkolnej Kasy Oszcz\u0119dno\u015bci. Mia\u0142 na celu nie tylko propagowanie idei oszcz\u0119dzania, ale te\u017c podj\u0119cie problemu ochrony \u015brodowiska. Uczniowie klas I-III, okazali si\u0119 arcymistrzami upcyklingu. Stare puszki, puste s\u0142oiki, korki, pude\u0142ka,butelki plastikowe to \u015bmieci, kt\u00f3re zainspirowa\u0142y dzieci do stworzenia Eko-skarbonek. \u0141\u0105cznie w konkursie udzia\u0142 wzi\u0119\u0142o 31 prac. Wszyscy uczestnicy konkursu zostali nagrodzeni za wk\u0142ad w wykonanie skarbonki, kt\u00f3ra pe\u0142ni niezwykle wa\u017cn\u0105 funkcj\u0119 w naszym \u017cyciu. Sponsorem nagr\u00f3d i gad\u017cet\u00f3w by\u0142 bank PKO BP w Hrubieszowie.<\/span><\/div>\n<div dir=\"auto\"><span style=\"color: #000080;\">Pomys\u0142owo\u015bci\u0105, zaanga\u017cowaniem i estetyk\u0105 wykonania prac, wykazali si\u0119 uczniowie:<\/span><\/div>\n<div dir=\"auto\"><span style=\"color: #000080;\">klasa 1a: Zuzanna Kuras, Jagoda Migas, Nikola Pudlak, Ula Ufnal.<\/span><\/div>\n<div dir=\"auto\"><span style=\"color: #000080;\">klasa 1b: Laura Kusiak, Feliks Pa\u0144ko, Miko\u0142aj Wsolak.<\/span><\/div>\n<div dir=\"auto\"><span style=\"color: #000080;\">klasa 2a: Zuzanna Korneluk, Franciszek Socha, Joel Mi\u0142osz, Julia Momot.<\/span><\/div>\n<div dir=\"auto\"><span style=\"color: #000080;\">klasa 2b: Amelia B\u0142aszczuk, Eliza Su\u0142ek, Marcel Jankowski, Nina Lewandowska.<\/span><\/div>\n<div dir=\"auto\"><span style=\"color: #000080;\">klasa 2c: Emma Sadova, Nikola Bia\u0142ek, Maja Bury\u015b, Nikola Ciucka, Maja Chadaj, Bartosz Grabowski, Karolina Kosel, Aleksandra Dragon, Sebastian Bia\u0142ek, Szymon Za\u0142oga.<\/span><\/div>\n<div dir=\"auto\"><span style=\"color: #000080;\">klasa 3a: Micha\u0142 Nowacki, Bart\u0142omiej Szyma\u0144ski, Ada Kowalczuk, Patrycja Kotko.<\/span><\/div>\n<div dir=\"auto\"><span style=\"color: #000080;\">klasa 3b: Magdalena Konopko, Dawid Prystupa.<\/span><\/div>\n<div dir=\"auto\">&nbsp;<\/div>\n<\/div>\n<div class=\"x11i5rnm xat24cr x1mh8g0r x1vvkbs xtlvy1s x126k92a\">\n<div dir=\"auto\"><span style=\"color: #000080;\">Dzi\u0119kujemy wolontariuszom SKW w osobach: Kamili Chedczuk, Julii Nalepie, Hannie Nosko, Natalii Trzustkowskiej za pomoc w przeprowadzeniu i ocenie prac konkursowych. <\/span><\/div>\n<div dir=\"auto\"><span style=\"color: #000080;\">Opiekunowie SKO-Anna Karkuszewska, Anna Suwa\u0142a.<\/span><\/div>\n<\/div>\n<div dir=\"auto\">\nngg_shortcode_0_placeholder\n<\/div>\n","protected":false},"excerpt":{"rendered":"<p>Rozstrzygni\u0119to konkurs SKO pt. \u201eMoja skarbonka\u201d. Konkurs ten, zorganizowany zosta\u0142 przez opiekun\u00f3w Szkolnej Kasy Oszcz\u0119dno\u015bci. Mia\u0142 na celu nie tylko propagowanie idei oszcz\u0119dzania, ale te\u017c podj\u0119cie problemu ochrony \u015brodowiska. Uczniowie klas I-III, okazali si\u0119 arcymistrzami upcyklingu. Stare puszki, puste s\u0142oiki, korki, pude\u0142ka,butelki plastikowe to \u015bmieci, kt\u00f3re zainspirowa\u0142y dzieci do stworzenia Eko-skarbonek. \u0141\u0105cznie w konkursie udzia\u0142 [&hellip;]<\/p>\n","protected":false},"author":2,"featured_media":0,"parent":5983,"menu_order":0,"comment_status":"closed","ping_status":"closed","template":"","meta":{"ngg_post_thumbnail":0,"footnotes":""},"class_list":["post-20695","page","type-page","status-publish","hentry"],"_links":{"self":[{"href":"https:\/\/sp1hrubieszow.pl\/index.php\/wp-json\/wp\/v2\/pages\/20695","targetHints":{"allow":["GET"]}}],"collection":[{"href":"https:\/\/sp1hrubieszow.pl\/index.php\/wp-json\/wp\/v2\/pages"}],"about":[{"href":"https:\/\/sp1hrubieszow.pl\/index.php\/wp-json\/wp\/v2\/types\/page"}],"author":[{"embeddable":true,"href":"https:\/\/sp1hrubieszow.pl\/index.php\/wp-json\/wp\/v2\/users\/2"}],"replies":[{"embeddable":true,"href":"https:\/\/sp1hrubieszow.pl\/index.php\/wp-json\/wp\/v2\/comments?post=20695"}],"version-history":[{"count":1,"href":"https:\/\/sp1hrubieszow.pl\/index.php\/wp-json\/wp\/v2\/pages\/20695\/revisions"}],"predecessor-version":[{"id":20696,"href":"https:\/\/sp1hrubieszow.pl\/index.php\/wp-json\/wp\/v2\/pages\/20695\/revisions\/20696"}],"up":[{"embeddable":true,"href":"https:\/\/sp1hrubieszow.pl\/index.php\/wp-json\/wp\/v2\/pages\/5983"}],"wp:attachment":[{"href":"https:\/\/sp1hrubieszow.pl\/index.php\/wp-json\/wp\/v2\/media?parent=20695"}],"curies":[{"name":"wp","href":"https:\/\/api.w.org\/{rel}","templated":true}]}}