{"id":20655,"date":"2023-06-06T14:02:44","date_gmt":"2023-06-06T12:02:44","guid":{"rendered":"https:\/\/sp1hrubieszow.pl\/?page_id=20655"},"modified":"2023-06-06T14:06:04","modified_gmt":"2023-06-06T12:06:04","slug":"szkola-myslenia-pozytywnego-2-0-zadanie-certyfikacyjne-na-miesiac-maj-2023r-szkola-myslenia-pozytywnego-2-0-temat-przewodni-odpowiedzialnosc-i-samosterownosc-szkola-myslenia-pozytywnego-2-0-zadanie-c","status":"publish","type":"page","link":"https:\/\/sp1hrubieszow.pl\/index.php\/kronika-2020-2021\/szkola-myslenia-pozytywnego-2-0-zadanie-certyfikacyjne-na-miesiac-maj-2023r-szkola-myslenia-pozytywnego-2-0-temat-przewodni-odpowiedzialnosc-i-samosterownosc-szkola-myslenia-pozytywnego-2-0-zadanie-c\/","title":{"rendered":"Szko\u0142a My\u015blenia Pozytywnego 2.0.Zadanie certyfikacyjne na miesi\u0105c maj 2023r.Temat przewodni: Odpowiedzialno\u015b\u0107 i samosterowno\u015b\u0107."},"content":{"rendered":"\n<div class=\"x11i5rnm xat24cr x1mh8g0r x1vvkbs xtlvy1s x126k92a\">\n<div dir=\"auto\"><span style=\"color: #000080;\">W miesi\u0105cu maju 2023r., uczniowie SP nr 1 w Hrubieszowie wzi\u0119li udzia\u0142 w zaj\u0119ciach i warsztatach, dotycz\u0105cych rozwi\u0105zywania konflikt\u00f3w, odpowiedzialno\u015bci za siebie, \u015bwiadomo\u015bci w\u0142asnych praw, rozumienia r\u00f3\u017cnorodno\u015bci na \u015bwiecie.<\/span><\/div>\n<div dir=\"auto\"><span style=\"color: #000080;\">W klasach odby\u0142y si\u0119 zaj\u0119cia, prowadzone wed\u0142ug materia\u0142\u00f3w programowych SMP 2.0 w postaci zeszyt\u00f3w \u0107wicze\u0144 w j\u0119zyku polskim i j\u0119zyku ukrai\u0144skim. Dodatkowo w pracy z uczniami wykorzystywano literatur\u0119 i gry dydaktyczne, nakierowane na rozwijanie kompetencji emocjonalno-spo\u0142ecznych. W wykonanie zadania zaanga\u017cowali si\u0119 mediatorzy r\u00f3wie\u015bniczy ze Szkolnego Klubu Mediatora, kt\u00f3rzy upowszechniali wiedz\u0119 o mediacji r\u00f3wie\u015bniczej oraz prowadzili takie mediacje pomi\u0119dzy zwa\u015bnionymi uczniami a tak\u017ce przygotowali prace plastyczne, promuj\u0105ce mediacje w szkole.<\/span><\/div>\n<div dir=\"auto\"><span style=\"color: #000080;\">W wykonanie certyfikacyjnego zadania na miesi\u0105c maj zaanga\u017cowa\u0142y si\u0119 nast\u0119puj\u0105ce klasy\/zespo\u0142y:<\/span><\/div>\n<div dir=\"auto\"><span style=\"color: #000080;\">-Klasa 2a, wych. p. Ma\u0142gorzata Serafin,<\/span><\/div>\n<div dir=\"auto\"><span style=\"color: #000080;\">-Klasa 2b, wych.p. Monika Korneluk,<\/span><\/div>\n<div dir=\"auto\"><span style=\"color: #000080;\">-Klasa 2c, wych. p. Joanna Nazar,<\/span><\/div>\n<div dir=\"auto\"><span style=\"color: #000080;\">-Klasa 6b, wych, p. Ewa Filipowicz-Sidorczuk<\/span><\/div>\n<div dir=\"auto\"><span style=\"color: #000080;\">-Klasa 6c, wych. p. Anna Lewandowska<\/span><\/div>\n<div dir=\"auto\"><span style=\"color: #000080;\">-Szkolny Klub Mediatora- op. p. Marta Kuczy\u0144ska<\/span><\/div>\n<\/div>\n<div class=\"x11i5rnm xat24cr x1mh8g0r x1vvkbs xtlvy1s x126k92a\">\n<div dir=\"auto\"><span style=\"color: #000080;\">Wsp\u00f3lna realizacja projekt\u00f3w sta\u0142a si\u0119 okazj\u0105 na u\u0142atwienie dzieciom i m\u0142odzie\u017cy rozwijania kompetencji kluczowych, rozumienia swojego miejsca na \u015bwiecie, dbania o siebie i o innych.<\/span><\/div>\n<div dir=\"auto\"><span style=\"color: #000080;\">Dzi\u0119kujemy za zaanga\u017cowanie si\u0119 w wykonanie zadania na miesi\u0105c maj i zapraszamy do kolejnych wyzwa\u0144 z programem Szko\u0142a My\u015blenia Pozytywnego:)<\/span><\/div>\n<div dir=\"auto\"><span style=\"color: #000080;\">Koordynator SMP 2.0 w SP 1 Hrubiesz\u00f3w-Marta Kuczy\u0144ska<\/span><\/div>\n<div dir=\"auto\">\nngg_shortcode_0_placeholder\n<\/div>\n<\/div>\n","protected":false},"excerpt":{"rendered":"<p>W miesi\u0105cu maju 2023r., uczniowie SP nr 1 w Hrubieszowie wzi\u0119li udzia\u0142 w zaj\u0119ciach i warsztatach, dotycz\u0105cych rozwi\u0105zywania konflikt\u00f3w, odpowiedzialno\u015bci za siebie, \u015bwiadomo\u015bci w\u0142asnych praw, rozumienia r\u00f3\u017cnorodno\u015bci na \u015bwiecie. W klasach odby\u0142y si\u0119 zaj\u0119cia, prowadzone wed\u0142ug materia\u0142\u00f3w programowych SMP 2.0 w postaci zeszyt\u00f3w \u0107wicze\u0144 w j\u0119zyku polskim i j\u0119zyku ukrai\u0144skim. Dodatkowo w pracy z uczniami [&hellip;]<\/p>\n","protected":false},"author":2,"featured_media":0,"parent":5983,"menu_order":0,"comment_status":"closed","ping_status":"closed","template":"","meta":{"ngg_post_thumbnail":0,"footnotes":""},"class_list":["post-20655","page","type-page","status-publish","hentry"],"_links":{"self":[{"href":"https:\/\/sp1hrubieszow.pl\/index.php\/wp-json\/wp\/v2\/pages\/20655","targetHints":{"allow":["GET"]}}],"collection":[{"href":"https:\/\/sp1hrubieszow.pl\/index.php\/wp-json\/wp\/v2\/pages"}],"about":[{"href":"https:\/\/sp1hrubieszow.pl\/index.php\/wp-json\/wp\/v2\/types\/page"}],"author":[{"embeddable":true,"href":"https:\/\/sp1hrubieszow.pl\/index.php\/wp-json\/wp\/v2\/users\/2"}],"replies":[{"embeddable":true,"href":"https:\/\/sp1hrubieszow.pl\/index.php\/wp-json\/wp\/v2\/comments?post=20655"}],"version-history":[{"count":2,"href":"https:\/\/sp1hrubieszow.pl\/index.php\/wp-json\/wp\/v2\/pages\/20655\/revisions"}],"predecessor-version":[{"id":20659,"href":"https:\/\/sp1hrubieszow.pl\/index.php\/wp-json\/wp\/v2\/pages\/20655\/revisions\/20659"}],"up":[{"embeddable":true,"href":"https:\/\/sp1hrubieszow.pl\/index.php\/wp-json\/wp\/v2\/pages\/5983"}],"wp:attachment":[{"href":"https:\/\/sp1hrubieszow.pl\/index.php\/wp-json\/wp\/v2\/media?parent=20655"}],"curies":[{"name":"wp","href":"https:\/\/api.w.org\/{rel}","templated":true}]}}