{"id":20630,"date":"2023-06-06T11:06:34","date_gmt":"2023-06-06T09:06:34","guid":{"rendered":"https:\/\/sp1hrubieszow.pl\/?page_id=20630"},"modified":"2023-06-06T11:07:01","modified_gmt":"2023-06-06T09:07:01","slug":"wycieczka-do-powerland-bilgoraj","status":"publish","type":"page","link":"https:\/\/sp1hrubieszow.pl\/index.php\/kronika-2020-2021\/wycieczka-do-powerland-bilgoraj\/","title":{"rendered":"Wycieczka do Powerland Bi\u0142goraj"},"content":{"rendered":"\n<div dir=\"auto\"><span style=\"color: #000080;\">30.05.2023r. uczniowie klas 3a, 2b oraz dw\u00f3ch uczni\u00f3w z 3b uczestniczyli w wycieczce do Rodzinnej Strefy Rozrywki Powerland w Bi\u0142goraju. Wszyscy doskonale bawili si\u0119 korzystaj\u0105c z r\u00f3\u017cnego rodzaju sprz\u0119t\u00f3w mi\u0119dzy innymi: dmuchane zje\u017cd\u017calnie, trampoliny, park linowy, karuzela \u0142a\u0144cuchowa, samoloty, zje\u017cd\u017calnia pontonowa, zakr\u0119cona beczka, euro bungge, auto drom. Poprzez zabawy na placu zewn\u0119trznym dzieci mia\u0142y mo\u017cliwo\u015b\u0107 doskonalenia swojej sprawno\u015bci ruchowej, zr\u0119czno\u015bci oraz orientacji przestrzennej. By\u0142 to r\u00f3wnie\u017c doskona\u0142y czas na integracj\u0119 klas.<\/span><\/div>\n<div dir=\"auto\">\nngg_shortcode_0_placeholder\n<\/div>\n","protected":false},"excerpt":{"rendered":"<p>30.05.2023r. uczniowie klas 3a, 2b oraz dw\u00f3ch uczni\u00f3w z 3b uczestniczyli w wycieczce do Rodzinnej Strefy Rozrywki Powerland w Bi\u0142goraju. Wszyscy doskonale bawili si\u0119 korzystaj\u0105c z r\u00f3\u017cnego rodzaju sprz\u0119t\u00f3w mi\u0119dzy innymi: dmuchane zje\u017cd\u017calnie, trampoliny, park linowy, karuzela \u0142a\u0144cuchowa, samoloty, zje\u017cd\u017calnia pontonowa, zakr\u0119cona beczka, euro bungge, auto drom. Poprzez zabawy na placu zewn\u0119trznym dzieci mia\u0142y mo\u017cliwo\u015b\u0107 [&hellip;]<\/p>\n","protected":false},"author":2,"featured_media":0,"parent":5983,"menu_order":0,"comment_status":"closed","ping_status":"closed","template":"","meta":{"ngg_post_thumbnail":0,"footnotes":""},"class_list":["post-20630","page","type-page","status-publish","hentry"],"_links":{"self":[{"href":"https:\/\/sp1hrubieszow.pl\/index.php\/wp-json\/wp\/v2\/pages\/20630","targetHints":{"allow":["GET"]}}],"collection":[{"href":"https:\/\/sp1hrubieszow.pl\/index.php\/wp-json\/wp\/v2\/pages"}],"about":[{"href":"https:\/\/sp1hrubieszow.pl\/index.php\/wp-json\/wp\/v2\/types\/page"}],"author":[{"embeddable":true,"href":"https:\/\/sp1hrubieszow.pl\/index.php\/wp-json\/wp\/v2\/users\/2"}],"replies":[{"embeddable":true,"href":"https:\/\/sp1hrubieszow.pl\/index.php\/wp-json\/wp\/v2\/comments?post=20630"}],"version-history":[{"count":1,"href":"https:\/\/sp1hrubieszow.pl\/index.php\/wp-json\/wp\/v2\/pages\/20630\/revisions"}],"predecessor-version":[{"id":20631,"href":"https:\/\/sp1hrubieszow.pl\/index.php\/wp-json\/wp\/v2\/pages\/20630\/revisions\/20631"}],"up":[{"embeddable":true,"href":"https:\/\/sp1hrubieszow.pl\/index.php\/wp-json\/wp\/v2\/pages\/5983"}],"wp:attachment":[{"href":"https:\/\/sp1hrubieszow.pl\/index.php\/wp-json\/wp\/v2\/media?parent=20630"}],"curies":[{"name":"wp","href":"https:\/\/api.w.org\/{rel}","templated":true}]}}