{"id":20610,"date":"2023-06-05T10:57:07","date_gmt":"2023-06-05T08:57:07","guid":{"rendered":"https:\/\/sp1hrubieszow.pl\/?page_id=20610"},"modified":"2023-06-05T10:57:22","modified_gmt":"2023-06-05T08:57:22","slug":"dzien-dziecka-w-urzedzie-miasta","status":"publish","type":"page","link":"https:\/\/sp1hrubieszow.pl\/index.php\/kronika-2020-2021\/dzien-dziecka-w-urzedzie-miasta\/","title":{"rendered":"Dzie\u0144 Dziecka w Urz\u0119dzie Miasta"},"content":{"rendered":"\n<p><span style=\"color: #000080;\">1 czerwca 2023 r. uczniowie naszej szko\u0142y skorzystali z zaproszenie &nbsp;Pani Burmistrz Marty Majewskiej i odwiedzili Urz\u0105d Miasta. Czeka\u0142o tam na nich wiele atrakcji. Po urz\u0119dzie uczni\u00f3w oprowadza\u0142a sama Pani Burmistrz w towarzystwie Hrubcia. Opowiada\u0142a o swojej pracy. &nbsp;Na koniec wszyscy uczestnicy skorzystali ze s\u0142odkiego pocz\u0119stunku.<\/span><\/p>\nngg_shortcode_0_placeholder\n<p>&nbsp;<\/p>\n","protected":false},"excerpt":{"rendered":"<p>1 czerwca 2023 r. uczniowie naszej szko\u0142y skorzystali z zaproszenie &nbsp;Pani Burmistrz Marty Majewskiej i odwiedzili Urz\u0105d Miasta. Czeka\u0142o tam na nich wiele atrakcji. Po urz\u0119dzie uczni\u00f3w oprowadza\u0142a sama Pani Burmistrz w towarzystwie Hrubcia. Opowiada\u0142a o swojej pracy. &nbsp;Na koniec wszyscy uczestnicy skorzystali ze s\u0142odkiego pocz\u0119stunku. &nbsp;<\/p>\n","protected":false},"author":2,"featured_media":0,"parent":5983,"menu_order":0,"comment_status":"closed","ping_status":"closed","template":"","meta":{"ngg_post_thumbnail":0,"footnotes":""},"class_list":["post-20610","page","type-page","status-publish","hentry"],"_links":{"self":[{"href":"https:\/\/sp1hrubieszow.pl\/index.php\/wp-json\/wp\/v2\/pages\/20610","targetHints":{"allow":["GET"]}}],"collection":[{"href":"https:\/\/sp1hrubieszow.pl\/index.php\/wp-json\/wp\/v2\/pages"}],"about":[{"href":"https:\/\/sp1hrubieszow.pl\/index.php\/wp-json\/wp\/v2\/types\/page"}],"author":[{"embeddable":true,"href":"https:\/\/sp1hrubieszow.pl\/index.php\/wp-json\/wp\/v2\/users\/2"}],"replies":[{"embeddable":true,"href":"https:\/\/sp1hrubieszow.pl\/index.php\/wp-json\/wp\/v2\/comments?post=20610"}],"version-history":[{"count":1,"href":"https:\/\/sp1hrubieszow.pl\/index.php\/wp-json\/wp\/v2\/pages\/20610\/revisions"}],"predecessor-version":[{"id":20611,"href":"https:\/\/sp1hrubieszow.pl\/index.php\/wp-json\/wp\/v2\/pages\/20610\/revisions\/20611"}],"up":[{"embeddable":true,"href":"https:\/\/sp1hrubieszow.pl\/index.php\/wp-json\/wp\/v2\/pages\/5983"}],"wp:attachment":[{"href":"https:\/\/sp1hrubieszow.pl\/index.php\/wp-json\/wp\/v2\/media?parent=20610"}],"curies":[{"name":"wp","href":"https:\/\/api.w.org\/{rel}","templated":true}]}}