{"id":20593,"date":"2023-06-05T09:24:45","date_gmt":"2023-06-05T07:24:45","guid":{"rendered":"https:\/\/sp1hrubieszow.pl\/?page_id=20593"},"modified":"2023-06-05T09:25:05","modified_gmt":"2023-06-05T07:25:05","slug":"konkurs-piosenki-i-poezji-obcojezycznej","status":"publish","type":"page","link":"https:\/\/sp1hrubieszow.pl\/index.php\/kronika-2020-2021\/konkurs-piosenki-i-poezji-obcojezycznej\/","title":{"rendered":"Konkurs piosenki i poezji obcoj\u0119zycznej"},"content":{"rendered":"\n<p><span style=\"color: #000080;\">26.05.2023r. w Szkole Podstawowej Nr 1 im. B. Prusa w Hrubieszowie odby\u0142 si\u0119 konkurs piosenki i poezji obcoj\u0119zycznej. Zosta\u0142 on zorganizowany przez nauczycieli j\u0119zyk\u00f3w obcych i nauczycieli bibliotekarzy. Uczestnicy, kt\u00f3rzy zg\u0142osili si\u0119 do przegl\u0105du prezentowali swoje muzyczno-j\u0119zykowe talenty w nast\u0119puj\u0105cych j\u0119zykach: angielskim, rosyjskim, ukrai\u0144skim i niemieckim. Komisja konkursowa (p. Monika Czulak, p. Sylwia Wojak, p. Ilona Winogrodzka, p. Ewa Filipowicz-Sidorczuk, p. Anna Czernysz) ocenia\u0142a: poprawno\u015b\u0107 j\u0119zykow\u0105, dykcj\u0119, interpretacj\u0119, walory g\u0142osowe, muzykalno\u015b\u0107, poczucie rytmu oraz og\u00f3lny wyraz artystyczny.<\/span><\/p>\n<p><span style=\"color: #000080;\">Wyniki przegl\u0105du przedstawiaj\u0105 si\u0119 nast\u0119puj\u0105co:<\/span><\/p>\n<h1><span style=\"color: #000080;\">W kategorii poezji obcoj\u0119zycznej<\/span><\/h1>\n<p><span style=\"color: #000080;\">I miejsce&nbsp; ex aequo: Kseniya Pustylnikova kl. 7a&nbsp;<\/span><\/p>\n<p><span style=\"color: #000080;\">Oliwia M\u0105czka kl. 8d<\/span><\/p>\n<h1><span style=\"color: #000080;\">W kategorii piosenki obcoj\u0119zycznej<\/span><\/h1>\n<p><span style=\"color: #000080;\">I miejsce ex aequo: Karolina Danilczuk kl. 5a<\/span><\/p>\n<p><span style=\"color: #000080;\">Martyna Balcer i Dominika Ciemi\u0119ga kl. 5b<\/span><\/p>\n<p><span style=\"color: #000080;\">II miejsce ex aequo: Angelika Przybysz kl. 4c<\/span><\/p>\n<p><span style=\"color: #000080;\">Pustylnikov Konstanty kl. 1b. Pustylnikova Anna kl. 4c, Pustylnikova Kseniya kl. 7a<\/span><\/p>\n<p><span style=\"color: #000080;\">III miejsce: Pawe\u0142 Kosza\u0142ko kl. 8c<\/span><\/p>\nngg_shortcode_0_placeholder\n","protected":false},"excerpt":{"rendered":"<p>26.05.2023r. w Szkole Podstawowej Nr 1 im. B. Prusa w Hrubieszowie odby\u0142 si\u0119 konkurs piosenki i poezji obcoj\u0119zycznej. Zosta\u0142 on zorganizowany przez nauczycieli j\u0119zyk\u00f3w obcych i nauczycieli bibliotekarzy. Uczestnicy, kt\u00f3rzy zg\u0142osili si\u0119 do przegl\u0105du prezentowali swoje muzyczno-j\u0119zykowe talenty w nast\u0119puj\u0105cych j\u0119zykach: angielskim, rosyjskim, ukrai\u0144skim i niemieckim. Komisja konkursowa (p. Monika Czulak, p. Sylwia Wojak, p. [&hellip;]<\/p>\n","protected":false},"author":2,"featured_media":0,"parent":5983,"menu_order":0,"comment_status":"closed","ping_status":"closed","template":"","meta":{"ngg_post_thumbnail":0,"footnotes":""},"class_list":["post-20593","page","type-page","status-publish","hentry"],"_links":{"self":[{"href":"https:\/\/sp1hrubieszow.pl\/index.php\/wp-json\/wp\/v2\/pages\/20593","targetHints":{"allow":["GET"]}}],"collection":[{"href":"https:\/\/sp1hrubieszow.pl\/index.php\/wp-json\/wp\/v2\/pages"}],"about":[{"href":"https:\/\/sp1hrubieszow.pl\/index.php\/wp-json\/wp\/v2\/types\/page"}],"author":[{"embeddable":true,"href":"https:\/\/sp1hrubieszow.pl\/index.php\/wp-json\/wp\/v2\/users\/2"}],"replies":[{"embeddable":true,"href":"https:\/\/sp1hrubieszow.pl\/index.php\/wp-json\/wp\/v2\/comments?post=20593"}],"version-history":[{"count":1,"href":"https:\/\/sp1hrubieszow.pl\/index.php\/wp-json\/wp\/v2\/pages\/20593\/revisions"}],"predecessor-version":[{"id":20594,"href":"https:\/\/sp1hrubieszow.pl\/index.php\/wp-json\/wp\/v2\/pages\/20593\/revisions\/20594"}],"up":[{"embeddable":true,"href":"https:\/\/sp1hrubieszow.pl\/index.php\/wp-json\/wp\/v2\/pages\/5983"}],"wp:attachment":[{"href":"https:\/\/sp1hrubieszow.pl\/index.php\/wp-json\/wp\/v2\/media?parent=20593"}],"curies":[{"name":"wp","href":"https:\/\/api.w.org\/{rel}","templated":true}]}}