{"id":20581,"date":"2023-06-01T12:47:48","date_gmt":"2023-06-01T10:47:48","guid":{"rendered":"https:\/\/sp1hrubieszow.pl\/?page_id=20581"},"modified":"2023-06-01T12:48:23","modified_gmt":"2023-06-01T10:48:23","slug":"zyczenia-z-okazji-dnia-dziecka","status":"publish","type":"page","link":"https:\/\/sp1hrubieszow.pl\/index.php\/kronika-2020-2021\/zyczenia-z-okazji-dnia-dziecka\/","title":{"rendered":"\u017byczenia z okazji Dnia Dziecka"},"content":{"rendered":"\n<p><img loading=\"lazy\" decoding=\"async\" class=\"alignnone size-medium wp-image-20580 aligncenter\" src=\"http:\/\/sp1hrubieszow.pl\/wp-content\/uploads\/2023\/06\/DZDZ-300x246.jpg\" alt=\"\" width=\"300\" height=\"246\"><\/p>\n<p><span style=\"color: #000080;\">Drogie Dzieci!<\/span><br><span style=\"color: #000080;\">Niech rado\u015b\u0107 i entuzjazm b\u0119d\u0105 Waszymi drogowskazami<\/span><br><span style=\"color: #000080;\">na ca\u0142ej Waszej \u015bcie\u017cce edukacyjnej.<\/span><br><span style=\"color: #000080;\">Niech wyzwania b\u0119d\u0105 dla Was zach\u0119t\u0105 do jeszcze intensywniejszej nauki.<\/span><br><span style=\"color: #000080;\">Niech ka\u017cdy Wasz wyb\u00f3r b\u0119dzie podejmowany \u015bwiadomie.<\/span><br><span style=\"color: #000080;\">\u017byczymy Wam, aby\u015bcie w wiedzy odnale\u017ali swoj\u0105 pasj\u0119, a ch\u0119\u0107 poznawania niech kieruje Waszymi poczynaniami.<\/span><br><br><span style=\"color: #000080;\">Wszystkiego najlepszego z okazji Dnia Dziecka<\/span><br><span style=\"color: #000080;\">\u017cycz\u0105: Dyrekcja, Grono pedagogiczne, Pracownicy administracji i obs\u0142ugi.<\/span><\/p>\n","protected":false},"excerpt":{"rendered":"<p>Drogie Dzieci!Niech rado\u015b\u0107 i entuzjazm b\u0119d\u0105 Waszymi drogowskazamina ca\u0142ej Waszej \u015bcie\u017cce edukacyjnej.Niech wyzwania b\u0119d\u0105 dla Was zach\u0119t\u0105 do jeszcze intensywniejszej nauki.Niech ka\u017cdy Wasz wyb\u00f3r b\u0119dzie podejmowany \u015bwiadomie.\u017byczymy Wam, aby\u015bcie w wiedzy odnale\u017ali swoj\u0105 pasj\u0119, a ch\u0119\u0107 poznawania niech kieruje Waszymi poczynaniami. Wszystkiego najlepszego z okazji Dnia Dziecka\u017cycz\u0105: Dyrekcja, Grono pedagogiczne, Pracownicy administracji i obs\u0142ugi.<\/p>\n","protected":false},"author":2,"featured_media":0,"parent":5983,"menu_order":0,"comment_status":"closed","ping_status":"closed","template":"","meta":{"ngg_post_thumbnail":0,"footnotes":""},"class_list":["post-20581","page","type-page","status-publish","hentry"],"_links":{"self":[{"href":"https:\/\/sp1hrubieszow.pl\/index.php\/wp-json\/wp\/v2\/pages\/20581","targetHints":{"allow":["GET"]}}],"collection":[{"href":"https:\/\/sp1hrubieszow.pl\/index.php\/wp-json\/wp\/v2\/pages"}],"about":[{"href":"https:\/\/sp1hrubieszow.pl\/index.php\/wp-json\/wp\/v2\/types\/page"}],"author":[{"embeddable":true,"href":"https:\/\/sp1hrubieszow.pl\/index.php\/wp-json\/wp\/v2\/users\/2"}],"replies":[{"embeddable":true,"href":"https:\/\/sp1hrubieszow.pl\/index.php\/wp-json\/wp\/v2\/comments?post=20581"}],"version-history":[{"count":1,"href":"https:\/\/sp1hrubieszow.pl\/index.php\/wp-json\/wp\/v2\/pages\/20581\/revisions"}],"predecessor-version":[{"id":20582,"href":"https:\/\/sp1hrubieszow.pl\/index.php\/wp-json\/wp\/v2\/pages\/20581\/revisions\/20582"}],"up":[{"embeddable":true,"href":"https:\/\/sp1hrubieszow.pl\/index.php\/wp-json\/wp\/v2\/pages\/5983"}],"wp:attachment":[{"href":"https:\/\/sp1hrubieszow.pl\/index.php\/wp-json\/wp\/v2\/media?parent=20581"}],"curies":[{"name":"wp","href":"https:\/\/api.w.org\/{rel}","templated":true}]}}