{"id":20576,"date":"2023-06-01T09:12:27","date_gmt":"2023-06-01T07:12:27","guid":{"rendered":"https:\/\/sp1hrubieszow.pl\/?page_id=20576"},"modified":"2023-06-01T09:13:06","modified_gmt":"2023-06-01T07:13:06","slug":"swiatowy-dzien-bez-papierosa","status":"publish","type":"page","link":"https:\/\/sp1hrubieszow.pl\/index.php\/kronika-2020-2021\/swiatowy-dzien-bez-papierosa\/","title":{"rendered":"\u015awiatowy Dzie\u0144 bez Papierosa"},"content":{"rendered":"\n<div class=\"x11i5rnm xat24cr x1mh8g0r x1vvkbs xtlvy1s x126k92a\">\n<div dir=\"auto\"><span style=\"color: #000080;\">W dniu 31 maja 2023r., w Szkole Podstawowej Nr 1 w Hrubieszowie odby\u0142y si\u0119 obchody &#8222;\u015awiatowego Dnia bez Papierosa&#8221;. Z tej okazji zorganizowano apele oraz wr\u0119czono nagrody laureatom konkurs\u00f3w o tematyce antynikotynowej. W apelu wzi\u0119\u0142a udzia\u0142 pani Joanna Szyma\u0144ska, przedstawiciel Powiatowej Stacji Sanitarno-Epidemiologicznej w Hrubieszowie. Uczniowie klas trzecich, czwartych i sz\u00f3stych, kt\u00f3rzy w II p\u00f3\u0142roczu roku szkolnego 2022\/2023 byli uczestnikami program\u00f3w profilaktycznych &#8221; Nie pal przy mnie prosz\u0119&#8230;&#8221;, &#8222;Bieg po zdrowie&#8221; oraz &#8222;Znajd\u017a w\u0142a\u015bciwe rozwi\u0105zanie&#8221;, podsumowali zdobyte wiadomo\u015bci na temat szkodliwo\u015bci palenia papieros\u00f3w i e-papieros\u00f3w a tak\u017ce u\u015bwiadomili sobie jak wa\u017cne jest dbanie o zdrowy styl \u017cycia. Uczniowie klasy 3a, podczas apelu w dniu 30 maja, wykonywali wsp\u00f3lnie piosenk\u0119 profilaktyczn\u0105 &#8222;Hymn zdrowych dzieciak\u00f3w&#8221; oraz zata\u0144czyli w jej rytm wraz z nauczycielami.<\/span><\/div>\n<div dir=\"auto\"><span style=\"color: #000080;\">Nagrody w konkursach profilaktycznych otrzymali nast\u0119puj\u0105cy uczniowie:<\/span><\/div>\n<div dir=\"auto\"><span style=\"color: #000080;\">LAUREACI KONKURSU \u201eNIE PAL PRZY MNIE, PROSZ\u0118\u2026\u201d<\/span><\/div>\n<div dir=\"auto\"><span style=\"color: #000080;\">I MIEJSCE: MAJA TYSOWECKA, KL. 3A<\/span><\/div>\n<div dir=\"auto\"><span style=\"color: #000080;\">II MIEJSCE: JAGODA SZCZEPANIK, KL. 3A<\/span><\/div>\n<div dir=\"auto\"><span style=\"color: #000080;\">III MIEJSCE: HANNA GRABO\u015a, KL. 3B<\/span><\/div>\n<\/div>\n<div class=\"x11i5rnm xat24cr x1mh8g0r x1vvkbs xtlvy1s x126k92a\">\n<div dir=\"auto\"><span style=\"color: #000080;\">WYR\u00d3\u017bNIENIA:<\/span><\/div>\n<div dir=\"auto\"><span style=\"color: #000080;\">1. IGA RUTKOWSKA, KL. 3A<\/span><\/div>\n<div dir=\"auto\"><span style=\"color: #000080;\">2.ALICJA RUDEK, KL. 3B<\/span><\/div>\n<div dir=\"auto\"><span style=\"color: #000080;\">3.URSZULA NOWAK,KL. 3B<\/span><\/div>\n<div dir=\"auto\"><span style=\"color: #000080;\">4.FILIP KANIIOSZ, KL. 3A<\/span><\/div>\n<div dir=\"auto\"><span style=\"color: #000080;\">5. OLIWIA MAKUCH, KL. 3A<\/span><\/div>\n<\/div>\n<div class=\"x11i5rnm xat24cr x1mh8g0r x1vvkbs xtlvy1s x126k92a\">\n<div dir=\"auto\"><span style=\"color: #000080;\">LAUREACI KONKURSU \u201eBIEG PO ZDROWIE\u201d<\/span><\/div>\n<div dir=\"auto\"><span style=\"color: #000080;\">I MIEJSCE: : LENA PILIPCZUK, KL. 4B<\/span><\/div>\n<div dir=\"auto\"><span style=\"color: #000080;\">II MIEJSCE: ZUZANNA KUDELSKA, KL. 4A<\/span><\/div>\n<div dir=\"auto\"><span style=\"color: #000080;\">III MIEJSCE: ANGELIKA PRZYBYSZ, KL. 4C<\/span><\/div>\n<\/div>\n<div class=\"x11i5rnm xat24cr x1mh8g0r x1vvkbs xtlvy1s x126k92a\">\n<div dir=\"auto\"><span style=\"color: #000080;\">WYR\u00d3ZNIENIA:<\/span><\/div>\n<div dir=\"auto\"><span style=\"color: #000080;\">1.AMELIA KIE\u0141BASA, KL. 4C<\/span><\/div>\n<div dir=\"auto\"><span style=\"color: #000080;\">2.HANNA SIDURCZUK, KL. 4A<\/span><\/div>\n<div dir=\"auto\"><span style=\"color: #000080;\">3.WIKTORIA HA\u0141ASA, KL. 4A<\/span><\/div>\n<div dir=\"auto\"><span style=\"color: #000080;\">4. JOANNA KA\u0143SKA, KL. 4B<\/span><\/div>\n<\/div>\n<div class=\"x11i5rnm xat24cr x1mh8g0r x1vvkbs xtlvy1s x126k92a\">\n<div dir=\"auto\"><span style=\"color: #000080;\">LAUREAT KONKURSU \u201eZNAJD\u0179 W\u0141A\u015aCIWE ROZWI\u0104ZANIE\u201d<\/span><\/div>\n<div dir=\"auto\"><span style=\"color: #000080;\">I MIEJSCE: WIKTORIA DYNKIEWICZ, KL. 6B<\/span><\/div>\n<div dir=\"auto\">&nbsp;<\/div>\n<\/div>\n<div class=\"x11i5rnm xat24cr x1mh8g0r x1vvkbs xtlvy1s x126k92a\">\n<div dir=\"auto\"><span style=\"color: #000080;\">Prace konkursowe mo\u017cna podziwia\u0107 na korytarzu dolnym, przy wej\u015bciu do szko\u0142y. Nagrody konkursowe zosta\u0142y ufundowane przez Gmin\u0119 Miejsk\u0105 Hrubiesz\u00f3w.<\/span><\/div>\n<div dir=\"auto\"><span style=\"color: #000080;\">Dzi\u0119kujemy uczniom klas: 3a,3b, 4a, 4b, 4c, 6a, 6b i 6c oraz ich wychowawcom za aktywny udzia\u0142 w zaj\u0119ciach i konkursach profilaktycznych.<\/span><\/div>\n<div dir=\"auto\">&nbsp;<\/div>\n<\/div>\n<div class=\"x11i5rnm xat24cr x1mh8g0r x1vvkbs xtlvy1s x126k92a\">\n<div dir=\"auto\"><span style=\"color: #000080;\">Koordynatorzy dzia\u0142a\u0144 profilaktycznych, pedagodzy szkolni: Marta Kuczy\u0144ska i Anna Karkuszewska<\/span><\/div>\n<\/div>\n<div dir=\"auto\">\nngg_shortcode_0_placeholder\n<\/div>\n","protected":false},"excerpt":{"rendered":"<p>W dniu 31 maja 2023r., w Szkole Podstawowej Nr 1 w Hrubieszowie odby\u0142y si\u0119 obchody &#8222;\u015awiatowego Dnia bez Papierosa&#8221;. Z tej okazji zorganizowano apele oraz wr\u0119czono nagrody laureatom konkurs\u00f3w o tematyce antynikotynowej. W apelu wzi\u0119\u0142a udzia\u0142 pani Joanna Szyma\u0144ska, przedstawiciel Powiatowej Stacji Sanitarno-Epidemiologicznej w Hrubieszowie. Uczniowie klas trzecich, czwartych i sz\u00f3stych, kt\u00f3rzy w II p\u00f3\u0142roczu [&hellip;]<\/p>\n","protected":false},"author":2,"featured_media":0,"parent":5983,"menu_order":0,"comment_status":"closed","ping_status":"closed","template":"","meta":{"ngg_post_thumbnail":0,"footnotes":""},"class_list":["post-20576","page","type-page","status-publish","hentry"],"_links":{"self":[{"href":"https:\/\/sp1hrubieszow.pl\/index.php\/wp-json\/wp\/v2\/pages\/20576","targetHints":{"allow":["GET"]}}],"collection":[{"href":"https:\/\/sp1hrubieszow.pl\/index.php\/wp-json\/wp\/v2\/pages"}],"about":[{"href":"https:\/\/sp1hrubieszow.pl\/index.php\/wp-json\/wp\/v2\/types\/page"}],"author":[{"embeddable":true,"href":"https:\/\/sp1hrubieszow.pl\/index.php\/wp-json\/wp\/v2\/users\/2"}],"replies":[{"embeddable":true,"href":"https:\/\/sp1hrubieszow.pl\/index.php\/wp-json\/wp\/v2\/comments?post=20576"}],"version-history":[{"count":1,"href":"https:\/\/sp1hrubieszow.pl\/index.php\/wp-json\/wp\/v2\/pages\/20576\/revisions"}],"predecessor-version":[{"id":20577,"href":"https:\/\/sp1hrubieszow.pl\/index.php\/wp-json\/wp\/v2\/pages\/20576\/revisions\/20577"}],"up":[{"embeddable":true,"href":"https:\/\/sp1hrubieszow.pl\/index.php\/wp-json\/wp\/v2\/pages\/5983"}],"wp:attachment":[{"href":"https:\/\/sp1hrubieszow.pl\/index.php\/wp-json\/wp\/v2\/media?parent=20576"}],"curies":[{"name":"wp","href":"https:\/\/api.w.org\/{rel}","templated":true}]}}