{"id":20546,"date":"2023-05-31T11:34:32","date_gmt":"2023-05-31T09:34:32","guid":{"rendered":"https:\/\/sp1hrubieszow.pl\/?page_id=20546"},"modified":"2023-05-31T11:36:04","modified_gmt":"2023-05-31T09:36:04","slug":"konkurs-na-dzien-dziecka-wizje-przyszlosci-konkurs-dla-malych-genialnych-umyslow","status":"publish","type":"page","link":"https:\/\/sp1hrubieszow.pl\/index.php\/kronika-2020-2021\/konkurs-na-dzien-dziecka-wizje-przyszlosci-konkurs-dla-malych-genialnych-umyslow\/","title":{"rendered":"KONKURS NA DZIE\u0143 DZIECKA \u201eWizje przysz\u0142o\u015bci \u2013 Konkurs dla ma\u0142ych genialnych umys\u0142\u00f3w\u201d"},"content":{"rendered":"\n\n\n<p><span style=\"color: #000080;\">Opis konkursu: BMW Best Auto Lublin i Platinum Motor Lublin maj\u0105 przyjemno\u015b\u0107 zaprosi\u0107 wszystkie dzieci i m\u0142odzie\u017c do udzia\u0142u w wyj\u0105tkowym konkursie z okazji Dnia Dziecka \u2013 \u201eWizje Przysz\u0142o\u015bci:. Naszym celem jest odkrycie ma\u0142ych genialnych umys\u0142\u00f3w, kt\u00f3re maj\u0105 wyj\u0105tkowe pomys\u0142 i idee dotycz\u0105ce przysz\u0142o\u015bci motoryzacji, zr\u00f3wnowa\u017conego rozwoju i ekologii. W konkursie do 15 roku \u017cycia mog\u0105 wzi\u0105\u0107 udzia\u0142 dzieci i m\u0142odzie\u017c. <\/span><br><strong><span style=\"color: #000080;\">Uczestnicy zostan\u0105 podzieleni na kategorie wiekowe:<\/span><\/strong><br><span style=\"color: #000080;\">I kat. do 8 lat<\/span><br><span style=\"color: #000080;\">II kat. 8 \u2013 11 lat<\/span><br><span style=\"color: #000080;\">III kat. 12 \u2013 15 lat<\/span><br><span style=\"color: #000080;\">Ka\u017cde dziecko b\u0119dzie mia\u0142o mo\u017cliwo\u015b\u0107 przedstawienia swojej wizji przysz\u0142o\u015bci w dowolnej formie, takiej jak rysunek, opowiadanie, prezentacja multimedialna lub model. Zach\u0119camy dzieci do wykorzystania swojej kreatywno\u015bci i fantazji, aby przedstawi\u0107 nam swoje innowacyjne pomys\u0142y na pojazdy przysz\u0142o\u015bci, ekologiczne rozwi\u0105zania transportowe i inicjatywy spo\u0142eczne.<\/span><br><span style=\"color: #000080;\">Nasz zesp\u00f3\u0142 ekspert\u00f3w z BMW Best Auto Lublin i Platinum Motor Lublin oceni wszystkie zg\u0142oszenia pod k\u0105tem oryginalno\u015bci, kreatywno\u015bci i zgodno\u015bci z ide\u0105 zr\u00f3wnowa\u017conego rozwoju. <\/span><br><span style=\"color: #000080;\">Wy\u0142onimy trzech laureat\u00f3w, kt\u00f3rzy otrzymaj\u0105 atrakcyjne nagrody.<\/span><br><span style=\"color: #000080;\">1. Dzie\u0144 pt. \u201eOczami Prezesa BMW Best Auto Lublin\u201d, wraz z mo\u017cliwo\u015bci\u0105 zobaczenia jak funkcjonuje salon oraz ca\u0142a struktura salonu firmy BMW Best Auto Lublin.<\/span><br><span style=\"color: #000080;\">2. Dzie\u0144 w Platinum Motor Lublin &#8211; dziecko otrzyma wyj\u0105tkow\u0105 okazj\u0119 sp\u0119dzenia dnia na torze \u017cu\u017clowym, obserwuj\u0105c treningi i spotykaj\u0105c si\u0119 bezpo\u015brednio z zawodowymi \u017cu\u017clowcami.<\/span><br><span style=\"color: #000080;\">3. Zestaw gad\u017cet\u00f3w BMW i Platinum Motor Lublin z autografami ca\u0142ej dru\u017cyny \u017cu\u017clowej oraz sesja zdj\u0119ciowa!<\/span><br><span style=\"color: #000080;\">Ponadto wszystkie zg\u0142oszenia zostan\u0105 zaprezentowane na specjalnej wystawie w BMW Best Auto Lublin oraz Platinum Motor Lublin, aby podzieli\u0107 si\u0119 wizjami przysz\u0142o\u015bci naszych m\u0142odych talent\u00f3w z naszymi klientami i spo\u0142eczno\u015bci\u0105.<\/span><br><span style=\"color: #000080;\">Pragniemy zainspirowa\u0107 dzieci do my\u015blenia o przysz\u0142o\u015bci, innowacjach i zr\u00f3wnowa\u017conym rozwoju, a tak\u017ce uhonorowa\u0107 ich wyobra\u017ani\u0119 i kreatywno\u015b\u0107. Z tego powodu BMW Best Auto Lublin oraz Platinum Motor Lublin organizuj\u0105 ten niezwyk\u0142y konkurs, aby wspiera\u0107 i celebrowa\u0107 Dzie\u0144 Dziecka.<\/span><br><strong><span style=\"color: #000080;\">Termin sk\u0142adania zg\u0142osze\u0144: do 15 czerwca 2023 roku.<\/span><\/strong><br><strong><span style=\"color: #000080;\">Og\u0142oszenie wynik\u00f3w: 19 czerwca 2023 roku.&nbsp;<\/span><\/strong><\/p>\n<p><br><strong><span style=\"color: #000080;\">Regulamin konkursu \u201eWizje Przysz\u0142o\u015bci \u2013 Konkurs Dla Ma\u0142ych Genialnych Umys\u0142\u00f3w\u201d<\/span><\/strong><br><span style=\"color: #000080;\">1. Organizatorzy<\/span><br><span style=\"color: #000080;\">1.1 Konkurs \u201eWizje Przysz\u0142o\u015bci \u2013 Konkurs Dla Ma\u0142ych Genialnych Umys\u0142\u00f3w\u201d jest organizowany przez BMW Best Auto Lublin oraz Platinum Motor Lublin (dalej zwani Organizatorami)<\/span><br><span style=\"color: #000080;\">2. Warunki uczestnictwa<\/span><br><span style=\"color: #000080;\">2.1 Konkurs jest otwarty dla dzieci, z podzia\u0142em na trzy kategorie wiekowe:<\/span><br><span style=\"color: #000080;\">I kat. do 8 lat<\/span><br><span style=\"color: #000080;\">II kat. 8 \u2013 11 lat<\/span><br><span style=\"color: #000080;\">III kat. 12 \u2013 15 lat<\/span><br><span style=\"color: #000080;\">*Wymagane jest, aby dzieci zamieszkiwa\u0142y na terenie Polski.<\/span><br><span style=\"color: #000080;\">2.2 Uczestnictwo w konkursie jest bezp\u0142atne i nie wymaga zakupu \u017cadnych produkt\u00f3w ani us\u0142ug.<\/span><br><span style=\"color: #000080;\">3. Zg\u0142oszenia<\/span><br><span style=\"color: #000080;\">3.1 Uczestnicy konkursu mog\u0105 zg\u0142osi\u0107 swoj\u0105 wizj\u0119 przysz\u0142o\u015bci w dowolnej formie, takiej jak rysunek, <\/span><br><span style=\"color: #000080;\">opowiadanie, prezentacja multimedialna lub model.<\/span><br><span style=\"color: #000080;\">3.2 Zg\u0142oszenie mo\u017cna przes\u0142a\u0107 poczt\u0105 tradycyjn\u0105, mailowo lub dostarczy\u0107 osobi\u015bcie do siedziby <\/span><br><span style=\"color: #000080;\">organizator\u00f3w.<\/span><br><span style=\"color: #000080;\">3.3 Zg\u0142oszenie musi zawiera\u0107<\/span><br><span style=\"color: #000080;\">&#8211; Imi\u0119 i Nazwisko dziecka<\/span><br><span style=\"color: #000080;\">&#8211; Wiek<\/span><br><span style=\"color: #000080;\">&#8211; Adres zamieszkania<\/span><br><span style=\"color: #000080;\">&#8211; Numer telefonu kontaktowego do opiekuna prawnego\/rodzica<\/span><br><span style=\"color: #000080;\">&#8211; Zgod\u0119 rodzica\/opiekuna prawnego na udzia\u0142 w konkursie<\/span><br><span style=\"color: #000080;\">4. Ocena zg\u0142osze\u0144<\/span><br><span style=\"color: #000080;\">4.1 Zg\u0142oszenia b\u0119d\u0105 ocenianie pod wzgl\u0119dem oryginalno\u015bci, kreatywno\u015bci oraz zgodno\u015bci z ide\u0105 <\/span><br><span style=\"color: #000080;\">zr\u00f3wnowa\u017conego rozwoju.<\/span><br><span style=\"color: #000080;\">4.2 Oceny dokona zesp\u00f3\u0142 ekspert\u00f3w z BMW Best Auto Lublin oraz Platinum Motor Lublin<\/span><br><span style=\"color: #000080;\">4.3 Decyzje zespo\u0142u ekspert\u00f3w s\u0105 ostateczne i niepodwa\u017calne.<\/span><br><span style=\"color: #000080;\">5. Nagrody<\/span><br><span style=\"color: #000080;\">5.1 Konkurs przewiduje trzy nagrody:<\/span><br><span style=\"color: #000080;\">&#8211; Dzie\u0144 pt. \u201eOczami Prezesa BMW Best Auto Lublin\u201d \u2013 mo\u017cliwo\u015b\u0107 zobaczenia i zarz\u0105dzania siedzib\u0105 salonu oraz strukturami firmy, wraz z poznaniem funkcjonowania salonu.<\/span><br><span style=\"color: #000080;\">&#8211; Dzie\u0144 w Platinum Motor Lublin \u2013 dziecko otrzyma wyj\u0105tkow\u0105 okazj\u0119 sp\u0119dzenia dnia na torze \u017cu\u017clowym.<\/span><br><span style=\"color: #000080;\">&#8211; Zestaw gad\u017cet\u00f3w BMW Best Auto oraz Platinum Motor Lublin z autografami zawodnik\u00f3w i sesja zdj\u0119ciowa.<\/span><br><span style=\"color: #000080;\">5.2 Nagrody nie podlegaj\u0105 wymianie na inne produkty ani ich warto\u015b\u0107 nie jest wyp\u0142acana w got\u00f3wce.<\/span><br><span style=\"color: #000080;\">6. Wystawa<\/span><br><span style=\"color: #000080;\">6.1 Wszystkie zg\u0142oszenia b\u0119d\u0105 zaprezentowane na specjalnej wystawie w BMW Best Auto Lublin oraz Platinum Motor Lublin.<\/span><br><span style=\"color: #000080;\">6.2 Organizatorzy zastrzegaj\u0105 sobie prawo do korzystania ze zg\u0142osze\u0144 na potrzeby promocji konkursu i dzia\u0142a\u0144 marketingowych.<\/span><br><span style=\"color: #000080;\">7. Ochrona danych osobowych<\/span><br><span style=\"color: #000080;\">7.1 Dane osobowe uczestnik\u00f3w konkursu b\u0119d\u0105 przetwarzane wy\u0142\u0105cznie w celu realizacji konkursu.<\/span><br><span style=\"color: #000080;\">7.2 Organizatorzy zapewniaj\u0105 poufno\u015b\u0107 danych osobowych i zobowi\u0105zuj\u0105 si\u0119 do przetwarzania ich zgodnie z obowi\u0105zuj\u0105cymi przepisami.&nbsp;<\/span><\/p>\n<p><span style=\"color: #000080;\"><strong>Karta zg\u0142oszenia<\/strong><\/span><\/p>\n<h2><span style=\"color: #000080;\"><strong><a style=\"color: #000080;\" href=\"https:\/\/lublin.bmw-bestauto.pl\/www\/media\/10\/docs\/cfakepathkarta_zgloszeniowa.pdf?fbclid=IwAR3Uimgi9pwXlZ5jLLnsep9swGPjA53sQsFNmUR-y0tqGLpzGzWTjtqe7l0\">cfakepathkarta_zgloszeniowa.pdf (bmw-bestauto.pl)<\/a><\/strong><\/span><\/h2>\n<div style=\"width: 176px;\" class=\"wp-video\"><video class=\"wp-video-shortcode\" id=\"video-20546-1\" width=\"176\" height=\"144\" preload=\"metadata\" controls=\"controls\"><source type=\"video\/mp4\" src=\"http:\/\/sp1hrubieszow.pl\/wp-content\/uploads\/2023\/05\/350541940_6885966941433263_4076138978472693528_n-1.mp4?_=1\" \/><a href=\"http:\/\/sp1hrubieszow.pl\/wp-content\/uploads\/2023\/05\/350541940_6885966941433263_4076138978472693528_n-1.mp4\">http:\/\/sp1hrubieszow.pl\/wp-content\/uploads\/2023\/05\/350541940_6885966941433263_4076138978472693528_n-1.mp4<\/a><\/video><\/div>\n<div style=\"width: 176px;\" class=\"wp-video\"><video class=\"wp-video-shortcode\" id=\"video-20546-2\" width=\"176\" height=\"144\" preload=\"metadata\" controls=\"controls\"><source type=\"video\/mp4\" src=\"http:\/\/sp1hrubieszow.pl\/wp-content\/uploads\/2023\/05\/350541940_6885966941433263_4076138978472693528_n.mp4?_=2\" \/><a href=\"http:\/\/sp1hrubieszow.pl\/wp-content\/uploads\/2023\/05\/350541940_6885966941433263_4076138978472693528_n.mp4\">http:\/\/sp1hrubieszow.pl\/wp-content\/uploads\/2023\/05\/350541940_6885966941433263_4076138978472693528_n.mp4<\/a><\/video><\/div>\nngg_shortcode_0_placeholder\n","protected":false},"excerpt":{"rendered":"<p>Opis konkursu: BMW Best Auto Lublin i Platinum Motor Lublin maj\u0105 przyjemno\u015b\u0107 zaprosi\u0107 wszystkie dzieci i m\u0142odzie\u017c do udzia\u0142u w wyj\u0105tkowym konkursie z okazji Dnia Dziecka \u2013 \u201eWizje Przysz\u0142o\u015bci:. Naszym celem jest odkrycie ma\u0142ych genialnych umys\u0142\u00f3w, kt\u00f3re maj\u0105 wyj\u0105tkowe pomys\u0142 i idee dotycz\u0105ce przysz\u0142o\u015bci motoryzacji, zr\u00f3wnowa\u017conego rozwoju i ekologii. W konkursie do 15 roku \u017cycia [&hellip;]<\/p>\n","protected":false},"author":2,"featured_media":0,"parent":5983,"menu_order":0,"comment_status":"closed","ping_status":"closed","template":"","meta":{"ngg_post_thumbnail":0,"footnotes":""},"class_list":["post-20546","page","type-page","status-publish","hentry"],"_links":{"self":[{"href":"https:\/\/sp1hrubieszow.pl\/index.php\/wp-json\/wp\/v2\/pages\/20546","targetHints":{"allow":["GET"]}}],"collection":[{"href":"https:\/\/sp1hrubieszow.pl\/index.php\/wp-json\/wp\/v2\/pages"}],"about":[{"href":"https:\/\/sp1hrubieszow.pl\/index.php\/wp-json\/wp\/v2\/types\/page"}],"author":[{"embeddable":true,"href":"https:\/\/sp1hrubieszow.pl\/index.php\/wp-json\/wp\/v2\/users\/2"}],"replies":[{"embeddable":true,"href":"https:\/\/sp1hrubieszow.pl\/index.php\/wp-json\/wp\/v2\/comments?post=20546"}],"version-history":[{"count":2,"href":"https:\/\/sp1hrubieszow.pl\/index.php\/wp-json\/wp\/v2\/pages\/20546\/revisions"}],"predecessor-version":[{"id":20550,"href":"https:\/\/sp1hrubieszow.pl\/index.php\/wp-json\/wp\/v2\/pages\/20546\/revisions\/20550"}],"up":[{"embeddable":true,"href":"https:\/\/sp1hrubieszow.pl\/index.php\/wp-json\/wp\/v2\/pages\/5983"}],"wp:attachment":[{"href":"https:\/\/sp1hrubieszow.pl\/index.php\/wp-json\/wp\/v2\/media?parent=20546"}],"curies":[{"name":"wp","href":"https:\/\/api.w.org\/{rel}","templated":true}]}}