{"id":20540,"date":"2023-05-31T08:01:34","date_gmt":"2023-05-31T06:01:34","guid":{"rendered":"https:\/\/sp1hrubieszow.pl\/?page_id=20540"},"modified":"2023-05-31T08:02:04","modified_gmt":"2023-05-31T06:02:04","slug":"warsztaty-misja-pszczola","status":"publish","type":"page","link":"https:\/\/sp1hrubieszow.pl\/index.php\/kronika-2020-2021\/warsztaty-misja-pszczola\/","title":{"rendered":"Warsztaty &#8222;Misja Pszczo\u0142a&#8221;"},"content":{"rendered":"\n<p><span style=\"color: #000080;\">30.05.23r. uczniowie klasy 2 a uczestniczyli w warsztatach pt. &#8222;Misja Pszczo\u0142a&#8221;. Prowadz\u0105ca zaj\u0119cia, pani Eliza Roma\u0144czuk, przybli\u017cy\u0142a s\u0142uchaczom wiele ciekawostek z pszczelego \u017cycia. W nagrod\u0119 za aktywne uczestnictwo dzieci mog\u0142y spr\u00f3bowa\u0107 kilka gatunk\u00f3w miodu.<\/span><\/p>\nngg_shortcode_0_placeholder\n","protected":false},"excerpt":{"rendered":"<p>30.05.23r. uczniowie klasy 2 a uczestniczyli w warsztatach pt. &#8222;Misja Pszczo\u0142a&#8221;. Prowadz\u0105ca zaj\u0119cia, pani Eliza Roma\u0144czuk, przybli\u017cy\u0142a s\u0142uchaczom wiele ciekawostek z pszczelego \u017cycia. W nagrod\u0119 za aktywne uczestnictwo dzieci mog\u0142y spr\u00f3bowa\u0107 kilka gatunk\u00f3w miodu.<\/p>\n","protected":false},"author":2,"featured_media":0,"parent":5983,"menu_order":0,"comment_status":"closed","ping_status":"closed","template":"","meta":{"ngg_post_thumbnail":0,"footnotes":""},"class_list":["post-20540","page","type-page","status-publish","hentry"],"_links":{"self":[{"href":"https:\/\/sp1hrubieszow.pl\/index.php\/wp-json\/wp\/v2\/pages\/20540","targetHints":{"allow":["GET"]}}],"collection":[{"href":"https:\/\/sp1hrubieszow.pl\/index.php\/wp-json\/wp\/v2\/pages"}],"about":[{"href":"https:\/\/sp1hrubieszow.pl\/index.php\/wp-json\/wp\/v2\/types\/page"}],"author":[{"embeddable":true,"href":"https:\/\/sp1hrubieszow.pl\/index.php\/wp-json\/wp\/v2\/users\/2"}],"replies":[{"embeddable":true,"href":"https:\/\/sp1hrubieszow.pl\/index.php\/wp-json\/wp\/v2\/comments?post=20540"}],"version-history":[{"count":1,"href":"https:\/\/sp1hrubieszow.pl\/index.php\/wp-json\/wp\/v2\/pages\/20540\/revisions"}],"predecessor-version":[{"id":20541,"href":"https:\/\/sp1hrubieszow.pl\/index.php\/wp-json\/wp\/v2\/pages\/20540\/revisions\/20541"}],"up":[{"embeddable":true,"href":"https:\/\/sp1hrubieszow.pl\/index.php\/wp-json\/wp\/v2\/pages\/5983"}],"wp:attachment":[{"href":"https:\/\/sp1hrubieszow.pl\/index.php\/wp-json\/wp\/v2\/media?parent=20540"}],"curies":[{"name":"wp","href":"https:\/\/api.w.org\/{rel}","templated":true}]}}