{"id":20519,"date":"2023-05-29T17:10:55","date_gmt":"2023-05-29T15:10:55","guid":{"rendered":"https:\/\/sp1hrubieszow.pl\/?page_id=20519"},"modified":"2023-05-29T17:11:10","modified_gmt":"2023-05-29T15:11:10","slug":"klasa-5-b-i-plywalnia-fala","status":"publish","type":"page","link":"https:\/\/sp1hrubieszow.pl\/index.php\/kronika-2020-2021\/klasa-5-b-i-plywalnia-fala\/","title":{"rendered":"Klasa 5 b i p\u0142ywalnia &#8222;Fala&#8221;"},"content":{"rendered":"\n<div class=\"xdj266r x11i5rnm xat24cr x1mh8g0r x1vvkbs x126k92a\">\n<div dir=\"auto\"><span style=\"color: #000080;\">Gdy s\u0142o\u0144ce mocniej zagrza\u0142o,<\/span><\/div>\n<div dir=\"auto\"><span style=\"color: #000080;\">nam si\u0119 och\u0142ody w wodzie zachcia\u0142o.<\/span><\/div>\n<\/div>\n<div class=\"x11i5rnm xat24cr x1mh8g0r x1vvkbs xtlvy1s x126k92a\">\n<div dir=\"auto\"><span style=\"color: #000080;\">Z p\u0142ywalni \u201eFala\u201d wi\u0119c skorzystali\u015bmy<\/span><\/div>\n<div dir=\"auto\"><span style=\"color: #000080;\">i wsp\u00f3lnym czasem si\u0119 radowali\u015bmy.<\/span><\/div>\n<\/div>\n<div class=\"x11i5rnm xat24cr x1mh8g0r x1vvkbs xtlvy1s x126k92a\">\n<div dir=\"auto\"><span style=\"color: #000080;\">Dobrze, \u017ce ju\u017c ten basen mamy<\/span><\/div>\n<div dir=\"auto\"><span style=\"color: #000080;\">i z rado\u015bci\u0105 si\u0119 tam wybieramy.<\/span><\/div>\n<\/div>\n<div class=\"x11i5rnm xat24cr x1mh8g0r x1vvkbs xtlvy1s x126k92a\">\n<div dir=\"auto\"><span style=\"color: #000080;\">Na pewno jeszcze nie raz<\/span><\/div>\n<div dir=\"auto\"><span style=\"color: #000080;\">w naszej \u201eFali\u201d pop\u0142ywamy.<\/span><\/div>\n<\/div>\n<div class=\"x11i5rnm xat24cr x1mh8g0r x1vvkbs xtlvy1s x126k92a\">\n<div dir=\"auto\"><span style=\"color: #000080;\">Miejsce fajne, miejsce git,<\/span><\/div>\n<div dir=\"auto\"><span style=\"color: #000080;\">korzystaj z basenu a b\u0119dziesz fit!<\/span><\/div>\n<\/div>\n<div class=\"x11i5rnm xat24cr x1mh8g0r x1vvkbs xtlvy1s x126k92a\">\n<div dir=\"auto\"><span style=\"color: #000080;\">Polecamy, zach\u0119camy<\/span><\/div>\n<div dir=\"auto\"><span style=\"color: #000080;\">na kryt\u0105 p\u0142ywalni\u0119 &#8211; zapraszamy.<\/span><\/div>\n<\/div>\n<div class=\"x11i5rnm xat24cr x1mh8g0r x1vvkbs xtlvy1s x126k92a\">\n<div dir=\"auto\"><span style=\"color: #000080;\">Nasza klasa ju\u017c tam by\u0142a<\/span><\/div>\n<div dir=\"auto\"><span style=\"color: #000080;\">i tak\u0105 oto relacj\u0119 stworzy\u0142a.<\/span><\/div>\n<div dir=\"auto\">&nbsp;<\/div>\n<\/div>\n<div class=\"x11i5rnm xat24cr x1mh8g0r x1vvkbs xtlvy1s x126k92a\">\n<div dir=\"auto\"><span style=\"color: #000080;\">Klasa 5 b z wychowawc\u0105 p. Mart\u0105 Lackowsk\u0105<\/span><\/div>\n<div dir=\"auto\">\nngg_shortcode_0_placeholder\n<\/div>\n<\/div>\n","protected":false},"excerpt":{"rendered":"<p>Gdy s\u0142o\u0144ce mocniej zagrza\u0142o, nam si\u0119 och\u0142ody w wodzie zachcia\u0142o. Z p\u0142ywalni \u201eFala\u201d wi\u0119c skorzystali\u015bmy i wsp\u00f3lnym czasem si\u0119 radowali\u015bmy. Dobrze, \u017ce ju\u017c ten basen mamy i z rado\u015bci\u0105 si\u0119 tam wybieramy. Na pewno jeszcze nie raz w naszej \u201eFali\u201d pop\u0142ywamy. Miejsce fajne, miejsce git, korzystaj z basenu a b\u0119dziesz fit! Polecamy, zach\u0119camy na kryt\u0105 [&hellip;]<\/p>\n","protected":false},"author":2,"featured_media":0,"parent":5983,"menu_order":0,"comment_status":"closed","ping_status":"closed","template":"","meta":{"ngg_post_thumbnail":0,"footnotes":""},"class_list":["post-20519","page","type-page","status-publish","hentry"],"_links":{"self":[{"href":"https:\/\/sp1hrubieszow.pl\/index.php\/wp-json\/wp\/v2\/pages\/20519","targetHints":{"allow":["GET"]}}],"collection":[{"href":"https:\/\/sp1hrubieszow.pl\/index.php\/wp-json\/wp\/v2\/pages"}],"about":[{"href":"https:\/\/sp1hrubieszow.pl\/index.php\/wp-json\/wp\/v2\/types\/page"}],"author":[{"embeddable":true,"href":"https:\/\/sp1hrubieszow.pl\/index.php\/wp-json\/wp\/v2\/users\/2"}],"replies":[{"embeddable":true,"href":"https:\/\/sp1hrubieszow.pl\/index.php\/wp-json\/wp\/v2\/comments?post=20519"}],"version-history":[{"count":1,"href":"https:\/\/sp1hrubieszow.pl\/index.php\/wp-json\/wp\/v2\/pages\/20519\/revisions"}],"predecessor-version":[{"id":20520,"href":"https:\/\/sp1hrubieszow.pl\/index.php\/wp-json\/wp\/v2\/pages\/20519\/revisions\/20520"}],"up":[{"embeddable":true,"href":"https:\/\/sp1hrubieszow.pl\/index.php\/wp-json\/wp\/v2\/pages\/5983"}],"wp:attachment":[{"href":"https:\/\/sp1hrubieszow.pl\/index.php\/wp-json\/wp\/v2\/media?parent=20519"}],"curies":[{"name":"wp","href":"https:\/\/api.w.org\/{rel}","templated":true}]}}