{"id":20504,"date":"2023-05-29T16:46:57","date_gmt":"2023-05-29T14:46:57","guid":{"rendered":"https:\/\/sp1hrubieszow.pl\/?page_id=20504"},"modified":"2023-05-29T16:47:34","modified_gmt":"2023-05-29T14:47:34","slug":"podsumowanie-realizacji-programow-profilaktycznych-nie-pal-przy-mnie-prosze-i-bieg-po-zdrowie","status":"publish","type":"page","link":"https:\/\/sp1hrubieszow.pl\/index.php\/kronika-2020-2021\/podsumowanie-realizacji-programow-profilaktycznych-nie-pal-przy-mnie-prosze-i-bieg-po-zdrowie\/","title":{"rendered":"Podsumowanie realizacji program\u00f3w profilaktycznych &#8222;Nie pal przy mnie, prosz\u0119&#8230;&#8221; i &#8222;Bieg po zdrowie&#8221;"},"content":{"rendered":"\n<div dir=\"auto\"><span style=\"color: #000080;\">W II p\u00f3\u0142roczu roku szkolnego 2022\/2023, w Szkole Podstawowej Nr 1 w Hrubieszowie realizowano programy profilaktyczne o tematyce antynikotynowej pt. &#8222;Nie pal przy mnie, prosz\u0119&#8230;&#8221; i &#8222;Bieg po zdrowie&#8221;. Realizacja wymienionych program\u00f3w obj\u0119ta by\u0142a patronatem Powiatowej Stacji Sanitarno-Epidemiologicznej w Hrubieszowie. Programy mia\u0142y na celu edukacj\u0119 uczni\u00f3w w zakresie zdrowego stylu \u017cycia, wzmacniania postawy asertywnej oraz ukazanie negatywnych skutk\u00f3w czynnego i biernego palenia papieros\u00f3w oraz e-papieros\u00f3w. W programie &#8222;Nie pal przy mnie, prosz\u0119&#8230;&#8221; wzi\u0119li udzia\u0142 uczniowie klas trzecich: III (wych. p. Katarzyna Sztuk) oraz IIIb (wych .p. Ma\u0142gorzata Sidorska). W programie &#8222;Bieg po zdrowie&#8221; uczestniczyli czwartoklasi\u015bci: kl. 4a (wych. p. Monika Czulak), kl. 4b (wych. p. Arleta Kowalska) oraz 4c (wych. p. Justyna Przybik). Uczniowie ch\u0119tnie brali udzia\u0142 w zaj\u0119ciach; wykonywali indywidualne i zespo\u0142owe projekty profilaktyczne w tym plakaty i komiksy edukacyjne. Na zako\u0144czenie realizacji program\u00f3w uczni\u00f3w zaproszono do udzia\u0142u w konkursach plastycznych, kt\u00f3rych rozstrzygni\u0119cie nast\u0105pi podczas apelu z okazji \u015awiatowego Dnia bez Papierosa.<\/span><\/div>\n<div dir=\"auto\">&nbsp;<\/div>\n<div dir=\"auto\"><span style=\"color: #000080;\">Programy &#8222;Nie pal przy mnie prosz\u0119&#8221; i &#8222;Bieg po zdrowie&#8221; realizowane by\u0142y przez pedagoga szkolnego Mart\u0119 Kuczy\u0144sk\u0105.<\/span><\/div>\n<div dir=\"auto\">&nbsp;<\/div>\n<div dir=\"auto\">\nngg_shortcode_0_placeholder\n<\/div>\n","protected":false},"excerpt":{"rendered":"<p>W II p\u00f3\u0142roczu roku szkolnego 2022\/2023, w Szkole Podstawowej Nr 1 w Hrubieszowie realizowano programy profilaktyczne o tematyce antynikotynowej pt. &#8222;Nie pal przy mnie, prosz\u0119&#8230;&#8221; i &#8222;Bieg po zdrowie&#8221;. Realizacja wymienionych program\u00f3w obj\u0119ta by\u0142a patronatem Powiatowej Stacji Sanitarno-Epidemiologicznej w Hrubieszowie. Programy mia\u0142y na celu edukacj\u0119 uczni\u00f3w w zakresie zdrowego stylu \u017cycia, wzmacniania postawy asertywnej oraz [&hellip;]<\/p>\n","protected":false},"author":2,"featured_media":0,"parent":5983,"menu_order":0,"comment_status":"closed","ping_status":"closed","template":"","meta":{"ngg_post_thumbnail":0,"footnotes":""},"class_list":["post-20504","page","type-page","status-publish","hentry"],"_links":{"self":[{"href":"https:\/\/sp1hrubieszow.pl\/index.php\/wp-json\/wp\/v2\/pages\/20504","targetHints":{"allow":["GET"]}}],"collection":[{"href":"https:\/\/sp1hrubieszow.pl\/index.php\/wp-json\/wp\/v2\/pages"}],"about":[{"href":"https:\/\/sp1hrubieszow.pl\/index.php\/wp-json\/wp\/v2\/types\/page"}],"author":[{"embeddable":true,"href":"https:\/\/sp1hrubieszow.pl\/index.php\/wp-json\/wp\/v2\/users\/2"}],"replies":[{"embeddable":true,"href":"https:\/\/sp1hrubieszow.pl\/index.php\/wp-json\/wp\/v2\/comments?post=20504"}],"version-history":[{"count":1,"href":"https:\/\/sp1hrubieszow.pl\/index.php\/wp-json\/wp\/v2\/pages\/20504\/revisions"}],"predecessor-version":[{"id":20505,"href":"https:\/\/sp1hrubieszow.pl\/index.php\/wp-json\/wp\/v2\/pages\/20504\/revisions\/20505"}],"up":[{"embeddable":true,"href":"https:\/\/sp1hrubieszow.pl\/index.php\/wp-json\/wp\/v2\/pages\/5983"}],"wp:attachment":[{"href":"https:\/\/sp1hrubieszow.pl\/index.php\/wp-json\/wp\/v2\/media?parent=20504"}],"curies":[{"name":"wp","href":"https:\/\/api.w.org\/{rel}","templated":true}]}}