{"id":2050,"date":"2019-10-07T20:32:08","date_gmt":"2019-10-07T18:32:08","guid":{"rendered":"http:\/\/sp1.hrubieszow.info\/?page_id=2050"},"modified":"2025-10-07T18:48:34","modified_gmt":"2025-10-07T16:48:34","slug":"msu","status":"publish","type":"page","link":"https:\/\/sp1hrubieszow.pl\/index.php\/uczniowie\/msu\/","title":{"rendered":"MSU"},"content":{"rendered":"\n<p style=\"text-align: center;\"><span style=\"color: #000080;\"><strong>Wybory do MSU 2025\/2026<\/strong><\/span><\/p>\n<p><span style=\"color: #000080;\">W dniu 03.10. 2025 r. w naszej szkole odby\u0142y si\u0119 wybory do Ma\u0142ego Samorz\u0105du Uczniowskiego. W g\u0142osowaniu brali udzia\u0142 uczniowie klas 2-3, kt\u00f3rzy z du\u017cym zaanga\u017cowaniem wybierali swoich przedstawicieli.<\/span><br><span style=\"color: #000080;\">Po podliczeniu g\u0142os\u00f3w wybrano nowy sk\u0142ad Ma\u0142ego Samorz\u0105du:<\/span><br><br><span style=\"color: #000080;\"><span class=\"x1xsqp64 xiy17q3 x1o6pynw x19co3pv xdj266r xjn30re xat24cr x1hb08if x2b8uid\" data-testid=\"emoji\"><span class=\"xexx8yu xcaqkgz x18d9i69 xbwkkl7 x3jgonx x1bhl96m\"><img decoding=\"async\" class=\"emoji\" role=\"img\" draggable=\"false\" src=\"https:\/\/s.w.org\/images\/core\/emoji\/16.0.1\/svg\/1f389.svg\" alt=\"\ud83c\udf89\"><\/span><\/span>&nbsp;Przewodnicz\u0105ca: Julia Bogucka z klasy 3b<\/span><br><span style=\"color: #000080;\"><span class=\"x1xsqp64 xiy17q3 x1o6pynw x19co3pv xdj266r xjn30re xat24cr x1hb08if x2b8uid\" data-testid=\"emoji\"><span class=\"xexx8yu xcaqkgz x18d9i69 xbwkkl7 x3jgonx x1bhl96m\"><img decoding=\"async\" class=\"emoji\" role=\"img\" draggable=\"false\" src=\"https:\/\/s.w.org\/images\/core\/emoji\/16.0.1\/svg\/1f389.svg\" alt=\"\ud83c\udf89\"><\/span><\/span>&nbsp;Cz\u0142onkowie Samorz\u0105du:<\/span><br><span style=\"color: #000080;\">Emilia Wysocka kl. 2a<\/span><br><span style=\"color: #000080;\">Hanna Teterycz kl. 2a<\/span><br><span style=\"color: #000080;\">Hanna Jasi\u0144ska kl. 2b<\/span><br><span style=\"color: #000080;\">Hanna Brz\u00f3ska kl. 2b<\/span><br><span style=\"color: #000080;\">Hanna Stecko kl. 2c<\/span><br><span style=\"color: #000080;\">Maja S\u0142oniec kl. 2c<\/span><br><span style=\"color: #000080;\">Pola Tor kl. 3a<\/span><br><span style=\"color: #000080;\">Patrycja Pawlos kl. 3a<\/span><br><span style=\"color: #000080;\">Eryk Kr\u00f3l kl. 3b<\/span><br><span style=\"color: #000080;\">Aleksandra Mielniczuk kl. 3c<\/span><br><span style=\"color: #000080;\">Micha\u0142 Zaj\u0105c kl. 3c<\/span><br><span style=\"color: #000080;\">Nowym przedstawicielom gratulujemy i \u017cyczymy wielu wspania\u0142ych dzia\u0142a\u0144!<\/span><br><span style=\"color: #000080;\">Dzi\u0119kujemy wszystkim kandydatom za udzia\u0142, a uczniom \u2013 za oddane g\u0142osy.<\/span><br><br><span style=\"color: #000080;\">To by\u0142a prawdziwa lekcja demokracji w m\u0142odszych klasach!&nbsp;<span class=\"x1xsqp64 xiy17q3 x1o6pynw x19co3pv xdj266r xjn30re xat24cr x1hb08if x2b8uid\" data-testid=\"emoji\"><span class=\"xexx8yu xcaqkgz x18d9i69 xbwkkl7 x3jgonx x1bhl96m\"><img decoding=\"async\" class=\"emoji\" role=\"img\" draggable=\"false\" src=\"https:\/\/s.w.org\/images\/core\/emoji\/16.0.1\/svg\/1f5f3.svg\" alt=\"\ud83d\uddf3\ufe0f\"><\/span><\/span><span class=\"x1xsqp64 xiy17q3 x1o6pynw x19co3pv xdj266r xjn30re xat24cr x1hb08if x2b8uid\" data-testid=\"emoji\"><span class=\"xexx8yu xcaqkgz x18d9i69 xbwkkl7 x3jgonx x1bhl96m\"><img decoding=\"async\" class=\"emoji\" role=\"img\" draggable=\"false\" src=\"https:\/\/s.w.org\/images\/core\/emoji\/16.0.1\/svg\/1f60a.svg\" alt=\"\ud83d\ude0a\"><\/span><\/span><\/span><\/p>\n<p style=\"text-align: right;\"><span style=\"color: #000080;\">Marta Rutkowska<\/span><\/p>\nngg_shortcode_0_placeholder\n<p>&nbsp;<\/p>\n<p style=\"text-align: center;\"><strong><span style=\"font-size: 1rem; background-color: #ffffff; color: #000080;\">WYBORY DO MSU 2024\/2025<\/span><\/strong><\/p>\n<div class=\"x11i5rnm xat24cr x1mh8g0r x1vvkbs xtlvy1s x126k92a\">\n<div dir=\"auto\"><span style=\"background-color: #ffffff; color: #000080;\">23.09.2024r. odby\u0142y si\u0119 wybory do Ma\u0142ego Samorz\u0105du Uczniowskiego. W obecno\u015bci opiekun\u00f3w p. Katarzyny Sztuk, p. Moniki Korneluk, p. Marty Rutkowskiej oraz go\u015bcia specjalnego p. Ma\u0142gorzaty Sidorskiej &#8211; uczniowie klas 2 i 3 pi\u0119knie zaprezentowali swoje kandydatury. W wyst\u0105pieniach proponowali wiele ciekawych dzia\u0142a\u0144 i atrakcyjnych przedsi\u0119wzi\u0119\u0107 na rzecz naszej szko\u0142y. Niekt\u00f3rzy przygotowali kolorowe plakaty wyborcze.<\/span><\/div>\n<div dir=\"auto\"><span style=\"background-color: #ffffff; color: #000080;\">W wyniku tajnego g\u0142osowania do prezydium MSU zostali wybrani nast\u0119puj\u0105cy uczniowie:<\/span><\/div>\n<div dir=\"auto\"><span style=\"background-color: #ffffff; color: #000080;\">PRZEWODNICZ\u0104CA: Pola Tor &#8211; kl. 2a<\/span><\/div>\n<div dir=\"auto\"><span style=\"background-color: #ffffff; color: #000080;\">ZAST\u0118PCY: Antoni Pilu\u015b \u2013 kl. 2c, Lilianna Malinowska \u2013 kl. 3a<\/span><\/div>\n<div dir=\"auto\"><span style=\"background-color: #ffffff; color: #000080;\">Do rady MSU weszli tak\u017ce:<\/span><\/div>\n<div dir=\"auto\"><span style=\"background-color: #ffffff; color: #000080;\">1. Patrycja Pawlos \u2013 kl. 2a<\/span><\/div>\n<div dir=\"auto\"><span style=\"background-color: #ffffff; color: #000080;\">2. Nikola G\u0142owacz \u2013 kl. 2b<\/span><\/div>\n<div dir=\"auto\"><span style=\"background-color: #ffffff; color: #000080;\">3. Anna B\u0142aszczy\u0144ska &#8211; kl. 2b<\/span><\/div>\n<div dir=\"auto\"><span style=\"background-color: #ffffff; color: #000080;\">4. Micha\u0142 Zaj\u0105c \u2013 kl. 2c<\/span><\/div>\n<div dir=\"auto\"><span style=\"background-color: #ffffff; color: #000080;\">5. Emilia Ple\u015bnierowicz \u2013 kl. 3a<\/span><\/div>\n<div dir=\"auto\"><span style=\"background-color: #ffffff; color: #000080;\">6. Laura Kusiak \u2013 kl. 3b<\/span><\/div>\n<div dir=\"auto\"><span style=\"background-color: #ffffff; color: #000080;\">7. Lena Kula \u2013 kl. 3b<\/span><\/div>\n<div dir=\"auto\"><span style=\"background-color: #ffffff; color: #000080;\">Gratulujemy i \u017cyczymy owocnej pracy w roku szkolnym 2024\/2025.<\/span><\/div>\n<div dir=\"auto\">\nngg_shortcode_1_placeholder\n<\/div>\n<\/div>\n<p>&nbsp;<\/p>\n<p style=\"text-align: center;\"><span style=\"color: #000080;\"><strong>Wybory do Ma\u0142ego Samorz\u0105du Uczniowskiego rok szkolny 2023\/2024<\/strong><\/span><\/p>\n<p><span style=\"color: #000080;\">22.09.2023 roku odby\u0142y si\u0119 wybory do MSU, podczas kt\u00f3rych uczniowie klas 2 i 3 wybierali przedstawicieli do Rady Samorz\u0105du. Zanim oddano g\u0142osy, ka\u017cdy z kandydat\u00f3w zaprezentowa\u0142 si\u0119. W wyniku tajnego g\u0142osowania przewodnicz\u0105c\u0105 zosta\u0142a Nina Lewandowska z klasy 3b, zast\u0119pcami Julia Tomi\u0142o z klasy 3b i Szymon Krawiec z klasy 2a. Nad przebiegiem wybor\u00f3w czuwali opiekunowie MSU w sk\u0142adzie: p. Katarzyna Sztuk, p. Monika Korneluk i p. Marta Rutkowska. Gratulujemy i \u017cyczymy sukces\u00f3w w pracy na rzecz spo\u0142eczno\u015bci szkolnej!<\/span><\/p>\nngg_shortcode_2_placeholder\n<p style=\"text-align: center;\"><strong><span style=\"color: #000080;\">MSU pami\u0119ta\u2026<\/span><\/strong><\/p>\n<p><span style=\"color: #000080;\">8.11.2022r. przedstawiciele Ma\u0142ego Samorz\u0105du Uczniowskiego wraz z opiekunami przygotowali wi\u0105zank\u0119, kt\u00f3r\u0105 z\u0142o\u017cyli na grobach Legionist\u00f3w poleg\u0142ych za wolno\u015b\u0107 naszej Ojczyzny w latach 1918-1920. <\/span><br><span style=\"color: #000080;\">Podczas pobytu na cmentarzu uczniowie wys\u0142uchali kr\u00f3tkiej lekcji historii, odm\u00f3wili modlitw\u0119 i zapalili symboliczny znicz.<\/span><\/p>\nngg_shortcode_3_placeholder\n<p>&nbsp;<\/p>\n<p style=\"text-align: center;\"><span style=\"color: #000080;\"><strong>WYBORY DO MSU<\/strong><\/span><\/p>\n<p style=\"text-align: left;\"><span style=\"color: #000080;\">&nbsp;&nbsp;&nbsp;&nbsp;&nbsp;&nbsp;&nbsp;&nbsp; 27.09.2022r. odby\u0142y si\u0119 wybory do Ma\u0142ego Samorz\u0105du Uczniowskiego. W obecno\u015bci opiekun\u00f3w p. Agnieszki Kolano, p. Moniki Korneluk i p. Katarzyny Sztuk, kandydaci &#8211; uczniowie klas 2 i 3 pi\u0119knie si\u0119 zaprezentowali. W swoich wyst\u0105pieniach proponowali wiele ciekawych dzia\u0142a\u0144 i atrakcyjnych przedsi\u0119wzi\u0119\u0107 na rzecz naszej szko\u0142y. Niekt\u00f3rzy przygotowali bardzo oryginalne i kolorowe plakaty wyborcze.<\/span><\/p>\n<p style=\"text-align: left;\"><span style=\"color: #000080;\">W wyniku tajnego g\u0142osowania do prezydium MSU zostali wybrani nast\u0119puj\u0105cy uczniowie:<\/span><\/p>\n<p style=\"text-align: center;\"><strong><span style=\"color: #000080;\">PRZEWODNICZ\u0104CA: Jagoda Szczepanik&nbsp; &#8211; kl. 3a<\/span><\/strong><\/p>\n<p style=\"text-align: center;\"><strong><span style=\"color: #000080;\">ZAST\u0118PCY: Karolina Banach \u2013 kl. 3a, Hanna Kisielewska \u2013 kl. 3b<\/span><\/strong><\/p>\n<p style=\"text-align: left;\"><span style=\"color: #000080;\">Do rady MSU nale\u017c\u0105 tak\u017ce:<\/span><\/p>\n<ol style=\"text-align: left;\">\n<li><span style=\"color: #000080;\">Julia Momot \u2013 kl. 2a<\/span><\/li>\n<li><span style=\"color: #000080;\">Ada Mazurek \u2013 kl. 2a<\/span><\/li>\n<li><span style=\"color: #000080;\">Nina Lewandowska &#8211; kl. 2b<\/span><\/li>\n<li><span style=\"color: #000080;\">Zofia Lalik \u2013 kl. 2b<\/span><\/li>\n<li><span style=\"color: #000080;\">Zuzanna Gruszka \u2013 kl. 2c<\/span><\/li>\n<li><span style=\"color: #000080;\">Bartosz D\u0105browski \u2013 kl. 3a<\/span><\/li>\n<li><span style=\"color: #000080;\">Helena Lachowicz \u2013 3b<\/span><\/li>\n<\/ol>\n<p style=\"text-align: left;\"><span style=\"color: #000080;\">Gratulujemy i \u017cyczymy owocnej pracy w MSU w roku szkolnym 2022\/2023.<\/span><\/p>\nngg_shortcode_4_placeholder\n","protected":false},"excerpt":{"rendered":"<p>Wybory do MSU 2025\/2026 W dniu 03.10. 2025 r. w naszej szkole odby\u0142y si\u0119 wybory do Ma\u0142ego Samorz\u0105du Uczniowskiego. W g\u0142osowaniu brali udzia\u0142 uczniowie klas 2-3, kt\u00f3rzy z du\u017cym zaanga\u017cowaniem wybierali swoich przedstawicieli.Po podliczeniu g\u0142os\u00f3w wybrano nowy sk\u0142ad Ma\u0142ego Samorz\u0105du: &nbsp;Przewodnicz\u0105ca: Julia Bogucka z klasy 3b&nbsp;Cz\u0142onkowie Samorz\u0105du:Emilia Wysocka kl. 2aHanna Teterycz kl. 2aHanna Jasi\u0144ska kl. [&hellip;]<\/p>\n","protected":false},"author":2,"featured_media":0,"parent":19,"menu_order":0,"comment_status":"closed","ping_status":"closed","template":"","meta":{"ngg_post_thumbnail":0,"footnotes":""},"class_list":["post-2050","page","type-page","status-publish","hentry"],"_links":{"self":[{"href":"https:\/\/sp1hrubieszow.pl\/index.php\/wp-json\/wp\/v2\/pages\/2050","targetHints":{"allow":["GET"]}}],"collection":[{"href":"https:\/\/sp1hrubieszow.pl\/index.php\/wp-json\/wp\/v2\/pages"}],"about":[{"href":"https:\/\/sp1hrubieszow.pl\/index.php\/wp-json\/wp\/v2\/types\/page"}],"author":[{"embeddable":true,"href":"https:\/\/sp1hrubieszow.pl\/index.php\/wp-json\/wp\/v2\/users\/2"}],"replies":[{"embeddable":true,"href":"https:\/\/sp1hrubieszow.pl\/index.php\/wp-json\/wp\/v2\/comments?post=2050"}],"version-history":[{"count":12,"href":"https:\/\/sp1hrubieszow.pl\/index.php\/wp-json\/wp\/v2\/pages\/2050\/revisions"}],"predecessor-version":[{"id":29201,"href":"https:\/\/sp1hrubieszow.pl\/index.php\/wp-json\/wp\/v2\/pages\/2050\/revisions\/29201"}],"up":[{"embeddable":true,"href":"https:\/\/sp1hrubieszow.pl\/index.php\/wp-json\/wp\/v2\/pages\/19"}],"wp:attachment":[{"href":"https:\/\/sp1hrubieszow.pl\/index.php\/wp-json\/wp\/v2\/media?parent=2050"}],"curies":[{"name":"wp","href":"https:\/\/api.w.org\/{rel}","templated":true}]}}