{"id":20464,"date":"2023-05-27T18:31:34","date_gmt":"2023-05-27T16:31:34","guid":{"rendered":"https:\/\/sp1hrubieszow.pl\/?page_id=20464"},"modified":"2023-05-27T18:31:56","modified_gmt":"2023-05-27T16:31:56","slug":"polfinal-wojewodzki-w-lekkiej-atletyce","status":"publish","type":"page","link":"https:\/\/sp1hrubieszow.pl\/index.php\/kronika-2020-2021\/polfinal-wojewodzki-w-lekkiej-atletyce\/","title":{"rendered":"P\u00f3\u0142fina\u0142 Wojew\u00f3dzki w Lekkiej Atletyce"},"content":{"rendered":"\n\n\n<div class=\"x11i5rnm xat24cr x1mh8g0r x1vvkbs xtlvy1s x126k92a\">\n<div dir=\"auto\"><span style=\"color: #000080;\">W dniu 26.05.2023 na stadionie HOSiR odby\u0142 si\u0119 P\u00f3\u0142fina\u0142 Wojew\u00f3dzki w dru\u017cynowej lidze LA, podczas kt\u00f3rej indywidualnie startowali tak\u017ce nasi uczniowie.<\/span><\/div>\n<div dir=\"auto\">&nbsp;<\/div>\n<div dir=\"auto\"><span style=\"color: #000080;\">Wyniki:<\/span><\/div>\n<div dir=\"auto\"><span style=\"color: #000080;\">1 miejsce: Jakub Cie\u015bla- pchni\u0119cie kul\u0105<\/span><\/div>\n<div dir=\"auto\"><span style=\"color: #000080;\">1 miejsce: Wiktoria Iwan- skok wzwy\u017c<\/span><\/div>\n<div dir=\"auto\"><span style=\"color: #000080;\">1 miejsce: Miko\u0142aj Czerkawski- 300m<\/span><\/div>\n<div dir=\"auto\"><span style=\"color: #000080;\">2 miejsce: Karolina Ch\u0142openiuk- skok wzwy\u017c<\/span><\/div>\n<div dir=\"auto\"><span style=\"color: #000080;\">2 miejsce: Wiktoria Zaj\u0105c- 1000m<\/span><\/div>\n<div dir=\"auto\"><span style=\"color: #000080;\">2 miejsce: sztafeta dziewcz\u0105t 4x100m w sk\u0142adzie: Gabriela Fr\u0105c, Wiktoria Iwan,Karolina Jasi\u0144ska, Wiktoria Zaj\u0105c<\/span><\/div>\n<div dir=\"auto\"><span style=\"color: #000080;\">2 miejsce: sztafeta 4x100m w sk\u0142adzie: Franciszek Kogut,Miko\u0142aj Czerkawski,Kacper Kaniosz, Bart\u0142omiej Wa\u017cny<\/span><\/div>\n<div dir=\"auto\"><span style=\"color: #000080;\">3 miejsce: Gabriela Fr\u0105c- 1000m<\/span><\/div>\n<div dir=\"auto\"><span style=\"color: #000080;\">3 miejsce: Jakub W\u00f3towicz- skok w dal<\/span><\/div>\n<div dir=\"auto\"><span style=\"color: #000080;\">3 miejsce: Kacper S\u0142upski- 600m<\/span><\/div>\n<div dir=\"auto\"><span style=\"color: #000080;\">4 miejsce: Aleksandra Rz\u0105d- 1000m<\/span><\/div>\n<div dir=\"auto\"><span style=\"color: #000080;\">4 miejsce: Kacper Kaniosz- 1000m<\/span><\/div>\n<div dir=\"auto\">&nbsp;<\/div>\n<\/div>\n<div class=\"x11i5rnm xat24cr x1mh8g0r x1vvkbs xtlvy1s x126k92a\">\n<div dir=\"auto\"><span style=\"color: #000080;\">Gratulujemy wszystkim uczestnikom.<\/span><\/div>\n<div dir=\"auto\">&nbsp;<\/div>\n<div dir=\"auto\"><span style=\"color: #000080;\">Foto Micha\u0142 \u015aliwi\u0144ski<\/span><\/div>\n<div dir=\"auto\">\nngg_shortcode_0_placeholder\n<\/div>\n<\/div>\n","protected":false},"excerpt":{"rendered":"<p>W dniu 26.05.2023 na stadionie HOSiR odby\u0142 si\u0119 P\u00f3\u0142fina\u0142 Wojew\u00f3dzki w dru\u017cynowej lidze LA, podczas kt\u00f3rej indywidualnie startowali tak\u017ce nasi uczniowie. &nbsp; Wyniki: 1 miejsce: Jakub Cie\u015bla- pchni\u0119cie kul\u0105 1 miejsce: Wiktoria Iwan- skok wzwy\u017c 1 miejsce: Miko\u0142aj Czerkawski- 300m 2 miejsce: Karolina Ch\u0142openiuk- skok wzwy\u017c 2 miejsce: Wiktoria Zaj\u0105c- 1000m 2 miejsce: sztafeta dziewcz\u0105t [&hellip;]<\/p>\n","protected":false},"author":2,"featured_media":0,"parent":5983,"menu_order":0,"comment_status":"closed","ping_status":"closed","template":"","meta":{"ngg_post_thumbnail":0,"footnotes":""},"class_list":["post-20464","page","type-page","status-publish","hentry"],"_links":{"self":[{"href":"https:\/\/sp1hrubieszow.pl\/index.php\/wp-json\/wp\/v2\/pages\/20464","targetHints":{"allow":["GET"]}}],"collection":[{"href":"https:\/\/sp1hrubieszow.pl\/index.php\/wp-json\/wp\/v2\/pages"}],"about":[{"href":"https:\/\/sp1hrubieszow.pl\/index.php\/wp-json\/wp\/v2\/types\/page"}],"author":[{"embeddable":true,"href":"https:\/\/sp1hrubieszow.pl\/index.php\/wp-json\/wp\/v2\/users\/2"}],"replies":[{"embeddable":true,"href":"https:\/\/sp1hrubieszow.pl\/index.php\/wp-json\/wp\/v2\/comments?post=20464"}],"version-history":[{"count":1,"href":"https:\/\/sp1hrubieszow.pl\/index.php\/wp-json\/wp\/v2\/pages\/20464\/revisions"}],"predecessor-version":[{"id":20465,"href":"https:\/\/sp1hrubieszow.pl\/index.php\/wp-json\/wp\/v2\/pages\/20464\/revisions\/20465"}],"up":[{"embeddable":true,"href":"https:\/\/sp1hrubieszow.pl\/index.php\/wp-json\/wp\/v2\/pages\/5983"}],"wp:attachment":[{"href":"https:\/\/sp1hrubieszow.pl\/index.php\/wp-json\/wp\/v2\/media?parent=20464"}],"curies":[{"name":"wp","href":"https:\/\/api.w.org\/{rel}","templated":true}]}}