{"id":20439,"date":"2023-05-27T18:15:24","date_gmt":"2023-05-27T16:15:24","guid":{"rendered":"https:\/\/sp1hrubieszow.pl\/?page_id=20439"},"modified":"2023-05-27T18:22:31","modified_gmt":"2023-05-27T16:22:31","slug":"warsztaty-radiowe","status":"publish","type":"page","link":"https:\/\/sp1hrubieszow.pl\/index.php\/kronika-2020-2021\/warsztaty-radiowe\/","title":{"rendered":"Warsztaty radiowe"},"content":{"rendered":"\n<p><span style=\"color: #000080;\">Uczniowie klasy 6b wzi\u0119li udzia\u0142 w warsztatach radiowych dla uczni\u00f3w szk\u00f3\u0142 podstawowych &nbsp;\u201eW\u0142\u0105cz REC: Radio, Edukacj\u0119 i Czas na rozw\u00f3j!\u201d Zaj\u0119cia prowadzi\u0142a absolwentka naszej szko\u0142y Paulina Belina razem z Aleksandr\u0105 Szabat i Sebastianem Borkiem oraz nauczycielk\u0105 Joann\u0105 Szabat.<\/span><\/p>\n<p><span style=\"color: #000080;\">Redaktorzy szkolnego radia RTM Staszic przybli\u017cyli uczniom specyfik\u0119 pracy w studio oraz zapoznali ich z mo\u017cliwo\u015bciami, jakie daje szkolne radio wyposa\u017cone w profesjonalny sprz\u0119t do nagra\u0144 i prowadzenia audycji na \u017cywo. W czasie zaj\u0119\u0107 uczniowie obejrzeli kr\u00f3tki filmik o&nbsp;pracy w radiowym studio. Nast\u0119pnie pr\u00f3bowali swoich si\u0142 w pracy z mikrofonem oraz z&nbsp;programem do obr\u00f3bki plik\u00f3w d\u017awi\u0119kowych. W scenariuszu warsztat\u00f3w znalaz\u0142y si\u0119 r\u00f3wnie\u017c elementy gry, rywalizacji i oczywi\u015bcie drobne upominki dla najaktywniejszych uczni\u00f3w.<\/span><\/p>\n<p><span style=\"color: #000080;\">Dzi\u0119kujemy licealistom za wsp\u00f3lnie sp\u0119dzony czas i mo\u017cliwo\u015b\u0107 poznania pracy dziennikarza radiowego.<\/span><\/p>\nngg_shortcode_0_placeholder\n<p>&nbsp;<\/p>\n","protected":false},"excerpt":{"rendered":"<p>Uczniowie klasy 6b wzi\u0119li udzia\u0142 w warsztatach radiowych dla uczni\u00f3w szk\u00f3\u0142 podstawowych &nbsp;\u201eW\u0142\u0105cz REC: Radio, Edukacj\u0119 i Czas na rozw\u00f3j!\u201d Zaj\u0119cia prowadzi\u0142a absolwentka naszej szko\u0142y Paulina Belina razem z Aleksandr\u0105 Szabat i Sebastianem Borkiem oraz nauczycielk\u0105 Joann\u0105 Szabat. Redaktorzy szkolnego radia RTM Staszic przybli\u017cyli uczniom specyfik\u0119 pracy w studio oraz zapoznali ich z mo\u017cliwo\u015bciami, jakie [&hellip;]<\/p>\n","protected":false},"author":2,"featured_media":0,"parent":5983,"menu_order":0,"comment_status":"closed","ping_status":"closed","template":"","meta":{"ngg_post_thumbnail":0,"footnotes":""},"class_list":["post-20439","page","type-page","status-publish","hentry"],"_links":{"self":[{"href":"https:\/\/sp1hrubieszow.pl\/index.php\/wp-json\/wp\/v2\/pages\/20439","targetHints":{"allow":["GET"]}}],"collection":[{"href":"https:\/\/sp1hrubieszow.pl\/index.php\/wp-json\/wp\/v2\/pages"}],"about":[{"href":"https:\/\/sp1hrubieszow.pl\/index.php\/wp-json\/wp\/v2\/types\/page"}],"author":[{"embeddable":true,"href":"https:\/\/sp1hrubieszow.pl\/index.php\/wp-json\/wp\/v2\/users\/2"}],"replies":[{"embeddable":true,"href":"https:\/\/sp1hrubieszow.pl\/index.php\/wp-json\/wp\/v2\/comments?post=20439"}],"version-history":[{"count":6,"href":"https:\/\/sp1hrubieszow.pl\/index.php\/wp-json\/wp\/v2\/pages\/20439\/revisions"}],"predecessor-version":[{"id":20447,"href":"https:\/\/sp1hrubieszow.pl\/index.php\/wp-json\/wp\/v2\/pages\/20439\/revisions\/20447"}],"up":[{"embeddable":true,"href":"https:\/\/sp1hrubieszow.pl\/index.php\/wp-json\/wp\/v2\/pages\/5983"}],"wp:attachment":[{"href":"https:\/\/sp1hrubieszow.pl\/index.php\/wp-json\/wp\/v2\/media?parent=20439"}],"curies":[{"name":"wp","href":"https:\/\/api.w.org\/{rel}","templated":true}]}}