{"id":20421,"date":"2023-05-27T18:02:57","date_gmt":"2023-05-27T16:02:57","guid":{"rendered":"https:\/\/sp1hrubieszow.pl\/?page_id=20421"},"modified":"2023-05-27T18:04:04","modified_gmt":"2023-05-27T16:04:04","slug":"interdyscyplinarne-warsztaty-kreatywnej-matematyki","status":"publish","type":"page","link":"https:\/\/sp1hrubieszow.pl\/index.php\/kronika-2020-2021\/interdyscyplinarne-warsztaty-kreatywnej-matematyki\/","title":{"rendered":"Interdyscyplinarne warsztaty kreatywnej matematyki"},"content":{"rendered":"\n<p><span style=\"color: #000080;\">Matematyka to nie tylko tabliczka mno\u017cenia i u\u0142amki, to r\u00f3wnie\u017c mo\u017ce by\u0107 super zabawa. Przekonali si\u0119 o tym uczniowie klasy 7a, kt\u00f3rzy uczestniczyli&nbsp; w \u201eSpotkaniu z Kr\u00f3low\u0105 Nauki \u2013 interdyscyplinarne warsztaty kreatywnej matematyki dla ka\u017cdego\u201d. Warsztaty zosta\u0142y zorganizowane przez Stowarzyszenie \u201eStaszic\u201d dzia\u0142aj\u0105ce przy 1 Liceum Og\u00f3lnokszta\u0142c\u0105cym im. ks. S. Staszica w Hrubieszowie i mia\u0142y na celu rozwijanie zainteresowa\u0144, zdolno\u015bci oraz kompetencji matematycznych uczni\u00f3w. Tematem warsztat\u00f3w by\u0142: z\u0142oty podzia\u0142 i ci\u0105g Fibonacciego. Wykonane wsp\u00f3lnie z uczniami liceum zadania u\u015bwiadomi\u0142y i pokaza\u0142y, jak szerokie zastosowanie w praktyce ma matematyka.<\/span><\/p>\nngg_shortcode_0_placeholder\n","protected":false},"excerpt":{"rendered":"<p>Matematyka to nie tylko tabliczka mno\u017cenia i u\u0142amki, to r\u00f3wnie\u017c mo\u017ce by\u0107 super zabawa. Przekonali si\u0119 o tym uczniowie klasy 7a, kt\u00f3rzy uczestniczyli&nbsp; w \u201eSpotkaniu z Kr\u00f3low\u0105 Nauki \u2013 interdyscyplinarne warsztaty kreatywnej matematyki dla ka\u017cdego\u201d. Warsztaty zosta\u0142y zorganizowane przez Stowarzyszenie \u201eStaszic\u201d dzia\u0142aj\u0105ce przy 1 Liceum Og\u00f3lnokszta\u0142c\u0105cym im. ks. S. Staszica w Hrubieszowie i mia\u0142y na [&hellip;]<\/p>\n","protected":false},"author":2,"featured_media":0,"parent":5983,"menu_order":0,"comment_status":"closed","ping_status":"closed","template":"","meta":{"ngg_post_thumbnail":0,"footnotes":""},"class_list":["post-20421","page","type-page","status-publish","hentry"],"_links":{"self":[{"href":"https:\/\/sp1hrubieszow.pl\/index.php\/wp-json\/wp\/v2\/pages\/20421","targetHints":{"allow":["GET"]}}],"collection":[{"href":"https:\/\/sp1hrubieszow.pl\/index.php\/wp-json\/wp\/v2\/pages"}],"about":[{"href":"https:\/\/sp1hrubieszow.pl\/index.php\/wp-json\/wp\/v2\/types\/page"}],"author":[{"embeddable":true,"href":"https:\/\/sp1hrubieszow.pl\/index.php\/wp-json\/wp\/v2\/users\/2"}],"replies":[{"embeddable":true,"href":"https:\/\/sp1hrubieszow.pl\/index.php\/wp-json\/wp\/v2\/comments?post=20421"}],"version-history":[{"count":1,"href":"https:\/\/sp1hrubieszow.pl\/index.php\/wp-json\/wp\/v2\/pages\/20421\/revisions"}],"predecessor-version":[{"id":20422,"href":"https:\/\/sp1hrubieszow.pl\/index.php\/wp-json\/wp\/v2\/pages\/20421\/revisions\/20422"}],"up":[{"embeddable":true,"href":"https:\/\/sp1hrubieszow.pl\/index.php\/wp-json\/wp\/v2\/pages\/5983"}],"wp:attachment":[{"href":"https:\/\/sp1hrubieszow.pl\/index.php\/wp-json\/wp\/v2\/media?parent=20421"}],"curies":[{"name":"wp","href":"https:\/\/api.w.org\/{rel}","templated":true}]}}