{"id":20404,"date":"2023-05-24T16:30:36","date_gmt":"2023-05-24T14:30:36","guid":{"rendered":"https:\/\/sp1hrubieszow.pl\/?page_id=20404"},"modified":"2023-05-24T16:31:03","modified_gmt":"2023-05-24T14:31:03","slug":"mistrzowie-rejonu-w-czworboju-lekkoatletycznym","status":"publish","type":"page","link":"https:\/\/sp1hrubieszow.pl\/index.php\/kronika-2020-2021\/mistrzowie-rejonu-w-czworboju-lekkoatletycznym\/","title":{"rendered":"Mistrzowie rejonu w czw\u00f3rboju lekkoatletycznym"},"content":{"rendered":"\n<div class=\"x11i5rnm xat24cr x1mh8g0r x1vvkbs xtlvy1s x126k92a\">\n<div dir=\"auto\"><span style=\"color: #000080;\">W dniu 22.05.2023 na stadionie HOSiR rozegrane zosta\u0142y Rejonowe Igrzyska Dzieci w czw\u00f3rboju lekkoatletycznym.<\/span><\/div>\n<div dir=\"auto\"><span style=\"color: #000080;\">Rewelacyjnie spisali si\u0119 nasi ch\u0142opcy, kt\u00f3rzy okazali si\u0119 najlepsi, tym samym awansuj\u0105c na zawody wojew\u00f3dzkie. Dziewcz\u0119ta r\u00f3wnie\u017c pokaza\u0142y si\u0119 z dobrej strony, ostatecznie zajmuj\u0105c pi\u0105te miejsce.<\/span><\/div>\n<div dir=\"auto\">&nbsp;<\/div>\n<\/div>\n<div class=\"x11i5rnm xat24cr x1mh8g0r x1vvkbs xtlvy1s x126k92a\">\n<div dir=\"auto\"><span style=\"color: #000080;\">Ch\u0142opcy wyst\u0105pili w sk\u0142adzie:<\/span><\/div>\n<\/div>\n<div class=\"x11i5rnm xat24cr x1mh8g0r x1vvkbs xtlvy1s x126k92a\">\n<div dir=\"auto\"><span style=\"color: #000080;\">Kajetan Szewc- najlepszy wynik w dru\u017cynie<\/span><\/div>\n<div dir=\"auto\"><span style=\"color: #000080;\">Wojciech Malinowski<\/span><\/div>\n<div dir=\"auto\"><span style=\"color: #000080;\">Karol Krajewski<\/span><\/div>\n<div dir=\"auto\"><span style=\"color: #000080;\">Miko\u0142aj Gardzio\u0142a<\/span><\/div>\n<div dir=\"auto\"><span style=\"color: #000080;\">Jakub Bajerczak<\/span><\/div>\n<div dir=\"auto\"><span style=\"color: #000080;\">Marcel Filipczuk<\/span><\/div>\n<div dir=\"auto\">&nbsp;<\/div>\n<\/div>\n<div class=\"x11i5rnm xat24cr x1mh8g0r x1vvkbs xtlvy1s x126k92a\">\n<div dir=\"auto\"><span style=\"color: #000080;\">Dziewcz\u0119ta:<\/span><\/div>\n<div dir=\"auto\"><span style=\"color: #000080;\">Katarzyna Duma- najlepszy wynik w dru\u017cynie<\/span><\/div>\n<div dir=\"auto\"><span style=\"color: #000080;\">Maja Magdziak<\/span><\/div>\n<div dir=\"auto\"><span style=\"color: #000080;\">Lena Ho\u0142\u00f3wek<\/span><\/div>\n<div dir=\"auto\"><span style=\"color: #000080;\">Iga Nowosad<\/span><\/div>\n<div dir=\"auto\"><span style=\"color: #000080;\">Kornelia Mrozowska<\/span><\/div>\n<div dir=\"auto\"><span style=\"color: #000080;\">Nikola Kosza\u0142ka<\/span><\/div>\n<div dir=\"auto\"><span style=\"color: #000080;\">Opiekunem by\u0142 Tomasz Magdziak<\/span><\/div>\n<div dir=\"auto\">&nbsp;<\/div>\n<div dir=\"auto\"><span style=\"color: #000080;\">Gratulujemy wszystkim uczestnikom <span class=\"x3nfvp2 x1j61x8r x1fcty0u xdj266r xhhsvwb xat24cr xgzva0m xxymvpz xlup9mm x1kky2od\"><img loading=\"lazy\" decoding=\"async\" src=\"https:\/\/static.xx.fbcdn.net\/images\/emoji.php\/v9\/tfe\/1\/16\/1f44f.png\" alt=\"?\" width=\"16\" height=\"16\"><\/span><\/span><\/div>\n<div dir=\"auto\">\nngg_shortcode_0_placeholder\n<\/div>\n<\/div>\n","protected":false},"excerpt":{"rendered":"<p>W dniu 22.05.2023 na stadionie HOSiR rozegrane zosta\u0142y Rejonowe Igrzyska Dzieci w czw\u00f3rboju lekkoatletycznym. Rewelacyjnie spisali si\u0119 nasi ch\u0142opcy, kt\u00f3rzy okazali si\u0119 najlepsi, tym samym awansuj\u0105c na zawody wojew\u00f3dzkie. Dziewcz\u0119ta r\u00f3wnie\u017c pokaza\u0142y si\u0119 z dobrej strony, ostatecznie zajmuj\u0105c pi\u0105te miejsce. &nbsp; Ch\u0142opcy wyst\u0105pili w sk\u0142adzie: Kajetan Szewc- najlepszy wynik w dru\u017cynie Wojciech Malinowski Karol Krajewski [&hellip;]<\/p>\n","protected":false},"author":2,"featured_media":0,"parent":5983,"menu_order":0,"comment_status":"closed","ping_status":"closed","template":"","meta":{"ngg_post_thumbnail":0,"footnotes":""},"class_list":["post-20404","page","type-page","status-publish","hentry"],"_links":{"self":[{"href":"https:\/\/sp1hrubieszow.pl\/index.php\/wp-json\/wp\/v2\/pages\/20404","targetHints":{"allow":["GET"]}}],"collection":[{"href":"https:\/\/sp1hrubieszow.pl\/index.php\/wp-json\/wp\/v2\/pages"}],"about":[{"href":"https:\/\/sp1hrubieszow.pl\/index.php\/wp-json\/wp\/v2\/types\/page"}],"author":[{"embeddable":true,"href":"https:\/\/sp1hrubieszow.pl\/index.php\/wp-json\/wp\/v2\/users\/2"}],"replies":[{"embeddable":true,"href":"https:\/\/sp1hrubieszow.pl\/index.php\/wp-json\/wp\/v2\/comments?post=20404"}],"version-history":[{"count":1,"href":"https:\/\/sp1hrubieszow.pl\/index.php\/wp-json\/wp\/v2\/pages\/20404\/revisions"}],"predecessor-version":[{"id":20405,"href":"https:\/\/sp1hrubieszow.pl\/index.php\/wp-json\/wp\/v2\/pages\/20404\/revisions\/20405"}],"up":[{"embeddable":true,"href":"https:\/\/sp1hrubieszow.pl\/index.php\/wp-json\/wp\/v2\/pages\/5983"}],"wp:attachment":[{"href":"https:\/\/sp1hrubieszow.pl\/index.php\/wp-json\/wp\/v2\/media?parent=20404"}],"curies":[{"name":"wp","href":"https:\/\/api.w.org\/{rel}","templated":true}]}}