{"id":20376,"date":"2023-05-23T16:15:24","date_gmt":"2023-05-23T14:15:24","guid":{"rendered":"https:\/\/sp1hrubieszow.pl\/?page_id=20376"},"modified":"2023-05-23T16:15:51","modified_gmt":"2023-05-23T14:15:51","slug":"warsztaty-w-swiecie-roslin-i-zwierzat","status":"publish","type":"page","link":"https:\/\/sp1hrubieszow.pl\/index.php\/kronika-2020-2021\/warsztaty-w-swiecie-roslin-i-zwierzat\/","title":{"rendered":"Warsztaty &#8221; W \u015bwiecie ro\u015blin i zwierz\u0105t&#8221;"},"content":{"rendered":"\n\n\n<p><span style=\"color: #000080;\">18.05.2023r. uczniowie klasy 2 a uczestniczyli w warsztatach pt.&#8221; W \u015bwiecie ro\u015blin i zwierz\u0105t&#8221; w Powiatowym Zespole Plac\u00f3wek Szkolno-Wychowawczych. Ozdabiali pi\u0119kne sylwetki ptak\u00f3w, je\u017cy, wiewi\u00f3rek oraz kwiat\u00f3w. Mieli r\u00f3wnie\u017c mo\u017cliwo\u015b\u0107 spr\u00f3bowania swoich mo\u017cliwo\u015bci przy urz\u0105dzeniu do wycinania wzor\u00f3w. Bardzo dzi\u0119kuj\u0105 gospodarzom zaj\u0119\u0107 za kreatywn\u0105 zabaw\u0119 oraz atrakcyjn\u0105 form\u0119 rozwijania umiej\u0119tno\u015bci i zainteresowa\u0144.<\/span><\/p>\nngg_shortcode_0_placeholder\n","protected":false},"excerpt":{"rendered":"<p>18.05.2023r. uczniowie klasy 2 a uczestniczyli w warsztatach pt.&#8221; W \u015bwiecie ro\u015blin i zwierz\u0105t&#8221; w Powiatowym Zespole Plac\u00f3wek Szkolno-Wychowawczych. Ozdabiali pi\u0119kne sylwetki ptak\u00f3w, je\u017cy, wiewi\u00f3rek oraz kwiat\u00f3w. Mieli r\u00f3wnie\u017c mo\u017cliwo\u015b\u0107 spr\u00f3bowania swoich mo\u017cliwo\u015bci przy urz\u0105dzeniu do wycinania wzor\u00f3w. Bardzo dzi\u0119kuj\u0105 gospodarzom zaj\u0119\u0107 za kreatywn\u0105 zabaw\u0119 oraz atrakcyjn\u0105 form\u0119 rozwijania umiej\u0119tno\u015bci i zainteresowa\u0144.<\/p>\n","protected":false},"author":2,"featured_media":0,"parent":5983,"menu_order":0,"comment_status":"closed","ping_status":"closed","template":"","meta":{"ngg_post_thumbnail":0,"footnotes":""},"class_list":["post-20376","page","type-page","status-publish","hentry"],"_links":{"self":[{"href":"https:\/\/sp1hrubieszow.pl\/index.php\/wp-json\/wp\/v2\/pages\/20376","targetHints":{"allow":["GET"]}}],"collection":[{"href":"https:\/\/sp1hrubieszow.pl\/index.php\/wp-json\/wp\/v2\/pages"}],"about":[{"href":"https:\/\/sp1hrubieszow.pl\/index.php\/wp-json\/wp\/v2\/types\/page"}],"author":[{"embeddable":true,"href":"https:\/\/sp1hrubieszow.pl\/index.php\/wp-json\/wp\/v2\/users\/2"}],"replies":[{"embeddable":true,"href":"https:\/\/sp1hrubieszow.pl\/index.php\/wp-json\/wp\/v2\/comments?post=20376"}],"version-history":[{"count":1,"href":"https:\/\/sp1hrubieszow.pl\/index.php\/wp-json\/wp\/v2\/pages\/20376\/revisions"}],"predecessor-version":[{"id":20377,"href":"https:\/\/sp1hrubieszow.pl\/index.php\/wp-json\/wp\/v2\/pages\/20376\/revisions\/20377"}],"up":[{"embeddable":true,"href":"https:\/\/sp1hrubieszow.pl\/index.php\/wp-json\/wp\/v2\/pages\/5983"}],"wp:attachment":[{"href":"https:\/\/sp1hrubieszow.pl\/index.php\/wp-json\/wp\/v2\/media?parent=20376"}],"curies":[{"name":"wp","href":"https:\/\/api.w.org\/{rel}","templated":true}]}}