{"id":20351,"date":"2023-05-23T15:58:44","date_gmt":"2023-05-23T13:58:44","guid":{"rendered":"https:\/\/sp1hrubieszow.pl\/?page_id=20351"},"modified":"2023-05-23T15:59:28","modified_gmt":"2023-05-23T13:59:28","slug":"dzien-patrona","status":"publish","type":"page","link":"https:\/\/sp1hrubieszow.pl\/index.php\/kronika-2020-2021\/dzien-patrona\/","title":{"rendered":"Dzie\u0144 Patrona"},"content":{"rendered":"\n\n\n<p><span style=\"color: #000080;\">19 maja obchodzili\u015bmy Dzie\u0144 Patrona naszej szko\u0142y. Z tej okazji &nbsp;zosta\u0142a przygotowana prezentacja, kt\u00f3ra przybli\u017ca\u0142a nam osob\u0119 Boles\u0142awa Prusa. Uczniowie ogl\u0105dali prezentacj\u0119, a nast\u0119pnie uzupe\u0142niali wiersz z lukami sprawdzaj\u0105cy ich wiedz\u0119 na temat naszego Patrona. Poza tym przygotowany zosta\u0142 k\u0105cik \u2013 pok\u00f3j Prusa, w kt\u00f3rym ka\u017cdy m\u00f3g\u0142 zrobi\u0107 pami\u0105tkowe zdj\u0119cie. Szko\u0142\u0119 zdobi\u0142y te\u017c tematyczne gazetki \u015bcienne upami\u0119tniaj\u0105ce tego s\u0142ynnego pisarza.<\/span><\/p>\n<p><span style=\"color: #000080;\">W tym dniu delegacje z naszej szko\u0142y wraz z Panem Burmistrzem Miasta Paw\u0142em Wojciechowskim oraz z pani\u0105 Dyrektor Edyt\u0105 Kucharsk\u0105 z\u0142o\u017cy\u0142y kwiaty przy pomniku Prusa w parku \u201eSolidarno\u015bci\u201d.<\/span><\/p>\n<p><span style=\"color: #000080;\"><strong><a style=\"color: #000080;\" href=\"http:\/\/sp1hrubieszow.pl\/wp-content\/uploads\/2023\/05\/Prezentacja_19.pptx\">Prezentacja &#8211; Boles\u0142aw Prus<\/a><\/strong><\/span><\/p>\nngg_shortcode_0_placeholder\nngg_shortcode_1_placeholder\nngg_shortcode_2_placeholder\n","protected":false},"excerpt":{"rendered":"<p>19 maja obchodzili\u015bmy Dzie\u0144 Patrona naszej szko\u0142y. Z tej okazji &nbsp;zosta\u0142a przygotowana prezentacja, kt\u00f3ra przybli\u017ca\u0142a nam osob\u0119 Boles\u0142awa Prusa. Uczniowie ogl\u0105dali prezentacj\u0119, a nast\u0119pnie uzupe\u0142niali wiersz z lukami sprawdzaj\u0105cy ich wiedz\u0119 na temat naszego Patrona. Poza tym przygotowany zosta\u0142 k\u0105cik \u2013 pok\u00f3j Prusa, w kt\u00f3rym ka\u017cdy m\u00f3g\u0142 zrobi\u0107 pami\u0105tkowe zdj\u0119cie. Szko\u0142\u0119 zdobi\u0142y te\u017c tematyczne gazetki [&hellip;]<\/p>\n","protected":false},"author":2,"featured_media":0,"parent":5983,"menu_order":0,"comment_status":"closed","ping_status":"closed","template":"","meta":{"ngg_post_thumbnail":0,"footnotes":""},"class_list":["post-20351","page","type-page","status-publish","hentry"],"_links":{"self":[{"href":"https:\/\/sp1hrubieszow.pl\/index.php\/wp-json\/wp\/v2\/pages\/20351","targetHints":{"allow":["GET"]}}],"collection":[{"href":"https:\/\/sp1hrubieszow.pl\/index.php\/wp-json\/wp\/v2\/pages"}],"about":[{"href":"https:\/\/sp1hrubieszow.pl\/index.php\/wp-json\/wp\/v2\/types\/page"}],"author":[{"embeddable":true,"href":"https:\/\/sp1hrubieszow.pl\/index.php\/wp-json\/wp\/v2\/users\/2"}],"replies":[{"embeddable":true,"href":"https:\/\/sp1hrubieszow.pl\/index.php\/wp-json\/wp\/v2\/comments?post=20351"}],"version-history":[{"count":1,"href":"https:\/\/sp1hrubieszow.pl\/index.php\/wp-json\/wp\/v2\/pages\/20351\/revisions"}],"predecessor-version":[{"id":20352,"href":"https:\/\/sp1hrubieszow.pl\/index.php\/wp-json\/wp\/v2\/pages\/20351\/revisions\/20352"}],"up":[{"embeddable":true,"href":"https:\/\/sp1hrubieszow.pl\/index.php\/wp-json\/wp\/v2\/pages\/5983"}],"wp:attachment":[{"href":"https:\/\/sp1hrubieszow.pl\/index.php\/wp-json\/wp\/v2\/media?parent=20351"}],"curies":[{"name":"wp","href":"https:\/\/api.w.org\/{rel}","templated":true}]}}