{"id":20276,"date":"2023-05-22T09:58:07","date_gmt":"2023-05-22T07:58:07","guid":{"rendered":"https:\/\/sp1hrubieszow.pl\/?page_id=20276"},"modified":"2023-05-22T09:58:46","modified_gmt":"2023-05-22T07:58:46","slug":"samorzad-uczniowski-na-nowy-rok-szkolny-juz-wybrany","status":"publish","type":"page","link":"https:\/\/sp1hrubieszow.pl\/index.php\/kronika-2020-2021\/samorzad-uczniowski-na-nowy-rok-szkolny-juz-wybrany\/","title":{"rendered":"Samorz\u0105d Uczniowski na nowy rok szkolny ju\u017c wybrany"},"content":{"rendered":"\n\n\n<p><span style=\"color: #000080;\">Dnia 12.05.2023r. w Szkole Podstawowej Nr 1 im. Boles\u0142awa Prusa<\/span><br><span style=\"color: #000080;\">&nbsp;w Hrubieszowie odby\u0142y si\u0119 wybory do Rady Samorz\u0105du Uczniowskiego na rok szkolny 2023\/2024. W wyborach uczestniczyli uczniowie klas 4-7. Komisja wyborcza przeliczy\u0142a g\u0142osy i po zweryfikowaniu ocen z zachowania ustalono nast\u0119puj\u0105cy sk\u0142ad Rady SU:<\/span><\/p>\n<p><span style=\"color: #000080;\"><strong>Przewodnicz\u0105cy Rady SU: <\/strong><\/span><\/p>\n<p><span style=\"color: #000080;\">Lidia Grab<\/span><\/p>\n<p><span style=\"color: #000080;\"><strong>Wiceprzewodnicz\u0105cy SU: <br><\/strong>Marcin Lackowski<\/span><\/p>\n<p style=\"text-align: left;\"><span style=\"color: #000080;\"><strong>Cz\u0142onkowie: <\/strong><\/span><\/p>\n<p style=\"text-align: left;\"><span style=\"color: #000080;\">Eva Jankowska, Maja Magdziak, Maja Klimkowska, Karolina Danilczuk<\/span><\/p>\n","protected":false},"excerpt":{"rendered":"<p>Dnia 12.05.2023r. w Szkole Podstawowej Nr 1 im. Boles\u0142awa Prusa&nbsp;w Hrubieszowie odby\u0142y si\u0119 wybory do Rady Samorz\u0105du Uczniowskiego na rok szkolny 2023\/2024. W wyborach uczestniczyli uczniowie klas 4-7. Komisja wyborcza przeliczy\u0142a g\u0142osy i po zweryfikowaniu ocen z zachowania ustalono nast\u0119puj\u0105cy sk\u0142ad Rady SU: Przewodnicz\u0105cy Rady SU: Lidia Grab Wiceprzewodnicz\u0105cy SU: Marcin Lackowski Cz\u0142onkowie: Eva Jankowska, [&hellip;]<\/p>\n","protected":false},"author":2,"featured_media":0,"parent":5983,"menu_order":0,"comment_status":"closed","ping_status":"closed","template":"","meta":{"ngg_post_thumbnail":0,"footnotes":""},"class_list":["post-20276","page","type-page","status-publish","hentry"],"_links":{"self":[{"href":"https:\/\/sp1hrubieszow.pl\/index.php\/wp-json\/wp\/v2\/pages\/20276","targetHints":{"allow":["GET"]}}],"collection":[{"href":"https:\/\/sp1hrubieszow.pl\/index.php\/wp-json\/wp\/v2\/pages"}],"about":[{"href":"https:\/\/sp1hrubieszow.pl\/index.php\/wp-json\/wp\/v2\/types\/page"}],"author":[{"embeddable":true,"href":"https:\/\/sp1hrubieszow.pl\/index.php\/wp-json\/wp\/v2\/users\/2"}],"replies":[{"embeddable":true,"href":"https:\/\/sp1hrubieszow.pl\/index.php\/wp-json\/wp\/v2\/comments?post=20276"}],"version-history":[{"count":1,"href":"https:\/\/sp1hrubieszow.pl\/index.php\/wp-json\/wp\/v2\/pages\/20276\/revisions"}],"predecessor-version":[{"id":20277,"href":"https:\/\/sp1hrubieszow.pl\/index.php\/wp-json\/wp\/v2\/pages\/20276\/revisions\/20277"}],"up":[{"embeddable":true,"href":"https:\/\/sp1hrubieszow.pl\/index.php\/wp-json\/wp\/v2\/pages\/5983"}],"wp:attachment":[{"href":"https:\/\/sp1hrubieszow.pl\/index.php\/wp-json\/wp\/v2\/media?parent=20276"}],"curies":[{"name":"wp","href":"https:\/\/api.w.org\/{rel}","templated":true}]}}