{"id":20259,"date":"2023-05-18T17:37:21","date_gmt":"2023-05-18T15:37:21","guid":{"rendered":"https:\/\/sp1hrubieszow.pl\/?page_id=20259"},"modified":"2023-05-18T17:38:13","modified_gmt":"2023-05-18T15:38:13","slug":"planszowki-w-bibliotece","status":"publish","type":"page","link":"https:\/\/sp1hrubieszow.pl\/index.php\/kronika-2020-2021\/planszowki-w-bibliotece\/","title":{"rendered":"Plansz\u00f3wki w bibliotece"},"content":{"rendered":"\n<p><span style=\"color: #000080;\">W ramach Tygodnia Bibliotek uczniowie klas 6b i 7a odwiedzili Miejsk\u0105 Bibliotek\u0119 Publiczn\u0105. Nie ksi\u0105\u017cki, ale gry planszowe stanowi\u0142y tym razem g\u0142\u00f3wny obiekt zainteresowania. Okaza\u0142o si\u0119, \u017ce gra z kolegami mo\u017ce stanowi\u0107 znakomit\u0105 rozrywk\u0119, a jednocze\u015bnie w ciekawy spos\u00f3b mo\u017cna zdobywa\u0107 wiedz\u0119. &nbsp;<\/span><\/p>\nngg_shortcode_0_placeholder\n","protected":false},"excerpt":{"rendered":"<p>W ramach Tygodnia Bibliotek uczniowie klas 6b i 7a odwiedzili Miejsk\u0105 Bibliotek\u0119 Publiczn\u0105. Nie ksi\u0105\u017cki, ale gry planszowe stanowi\u0142y tym razem g\u0142\u00f3wny obiekt zainteresowania. Okaza\u0142o si\u0119, \u017ce gra z kolegami mo\u017ce stanowi\u0107 znakomit\u0105 rozrywk\u0119, a jednocze\u015bnie w ciekawy spos\u00f3b mo\u017cna zdobywa\u0107 wiedz\u0119. &nbsp;<\/p>\n","protected":false},"author":2,"featured_media":0,"parent":5983,"menu_order":0,"comment_status":"closed","ping_status":"closed","template":"","meta":{"ngg_post_thumbnail":0,"footnotes":""},"class_list":["post-20259","page","type-page","status-publish","hentry"],"_links":{"self":[{"href":"https:\/\/sp1hrubieszow.pl\/index.php\/wp-json\/wp\/v2\/pages\/20259","targetHints":{"allow":["GET"]}}],"collection":[{"href":"https:\/\/sp1hrubieszow.pl\/index.php\/wp-json\/wp\/v2\/pages"}],"about":[{"href":"https:\/\/sp1hrubieszow.pl\/index.php\/wp-json\/wp\/v2\/types\/page"}],"author":[{"embeddable":true,"href":"https:\/\/sp1hrubieszow.pl\/index.php\/wp-json\/wp\/v2\/users\/2"}],"replies":[{"embeddable":true,"href":"https:\/\/sp1hrubieszow.pl\/index.php\/wp-json\/wp\/v2\/comments?post=20259"}],"version-history":[{"count":1,"href":"https:\/\/sp1hrubieszow.pl\/index.php\/wp-json\/wp\/v2\/pages\/20259\/revisions"}],"predecessor-version":[{"id":20260,"href":"https:\/\/sp1hrubieszow.pl\/index.php\/wp-json\/wp\/v2\/pages\/20259\/revisions\/20260"}],"up":[{"embeddable":true,"href":"https:\/\/sp1hrubieszow.pl\/index.php\/wp-json\/wp\/v2\/pages\/5983"}],"wp:attachment":[{"href":"https:\/\/sp1hrubieszow.pl\/index.php\/wp-json\/wp\/v2\/media?parent=20259"}],"curies":[{"name":"wp","href":"https:\/\/api.w.org\/{rel}","templated":true}]}}