{"id":20246,"date":"2023-05-18T17:23:57","date_gmt":"2023-05-18T15:23:57","guid":{"rendered":"https:\/\/sp1hrubieszow.pl\/?page_id=20246"},"modified":"2023-05-18T17:24:40","modified_gmt":"2023-05-18T15:24:40","slug":"podsumowanie-programu-przyjaciele-zippiego","status":"publish","type":"page","link":"https:\/\/sp1hrubieszow.pl\/index.php\/kronika-2020-2021\/podsumowanie-programu-przyjaciele-zippiego\/","title":{"rendered":"Podsumowanie programu \u201ePrzyjaciele Zippiego\u201d"},"content":{"rendered":"\n<div dir=\"auto\"><span style=\"color: #000080;\">W dniu 11.05.2023r. zako\u0144czy\u0142a si\u0119 realizacja programu \u201ePrzyjaciele Zippiego\u201d. Program ten, nale\u017c\u0105cy do rekomendowanych program\u00f3w profilaktycznych, promuje zdrowie, odporno\u015b\u0107 psychiczn\u0105 i dobre samopoczucie ma\u0142ych dzieci. W Szkole Podstawowej Nr 1 w Hrubieszowie, realizowany by\u0142 w klasie 1a (wych. p. Joanna Bartnik) w miesi\u0105cach pa\u017adziernik 2022r.-maj 2023r., przez pedagoga-terapeut\u0119 p. Mart\u0119 Kuczy\u0144sk\u0105.<\/span><\/div>\n<div dir=\"auto\"><span style=\"color: #000080;\">Bohaterem programu opr\u00f3cz grupy przyjaci\u00f3\u0142 jest patyczak ZIppi, ulubieniec jednego z ch\u0142opc\u00f3w. Poprzez poznawanie przyg\u00f3d Zippiego, uczestnicy programu rozwijali kompetencje i umiej\u0119tno\u015bci psychospo\u0142eczne oraz emocjonalne. Doskonalili budowanie relacji z innymi osobami, w tym z r\u00f3wie\u015bnikami, uczyli si\u0119 znajdowania r\u00f3\u017cnych sposob\u00f3w radzenia sobie z trudno\u015bciami i problemami oraz wykorzystywania nabytych umiej\u0119tno\u015bci w codziennym \u017cyciu. Realizacja programu opar\u0142a si\u0119 na sze\u015bciu blokach tematycznych:<\/span><\/div>\n<div dir=\"auto\"><span style=\"color: #000080;\">1. Uczucia.<\/span><\/div>\n<div dir=\"auto\"><span style=\"color: #000080;\">2. Komunikacja.<\/span><\/div>\n<div dir=\"auto\"><span style=\"color: #000080;\">3. Przyja\u017a\u0144.<\/span><\/div>\n<div dir=\"auto\"><span style=\"color: #000080;\">4.Rozwi\u0105zywanie konflikt\u00f3w.<\/span><\/div>\n<div dir=\"auto\"><span style=\"color: #000080;\">5.Prze\u017cywaniezm zmiany i straty.<\/span><\/div>\n<div dir=\"auto\"><span style=\"color: #000080;\">6.Dajemy sobie rad\u0119.<\/span><\/div>\n<div dir=\"auto\"><span style=\"color: #000080;\">Pierwszoklasi\u015bci pracowali z wykorzystaniem plansz edukacyjnych i zeszyt\u00f3w \u0107wicze\u0144. Odgrywali scenki dramowe, wykonywali projekty plastyczne, kukie\u0142ki, plakaty a na koniec przygotowali specjalny rysunek dla Zippiego. Program zwie\u0144czy\u0142a ceremonia wr\u0119czenia pami\u0105tkowych dyplom\u00f3w i koron z wizerunkiem patyczaka a tak\u017ce wsp\u00f3lna sesja zdj\u0119ciowa. \u017byczymy uczniom, aby zdobyta podczas realizacji programu wiedza i umiej\u0119tno\u015bci przyda\u0142y si\u0119 im w pokonywaniu codziennych uczniowskich wyzwa\u0144.<\/span><\/div>\n<div dir=\"auto\">\nngg_shortcode_0_placeholder\n<\/div>\n","protected":false},"excerpt":{"rendered":"<p>W dniu 11.05.2023r. zako\u0144czy\u0142a si\u0119 realizacja programu \u201ePrzyjaciele Zippiego\u201d. Program ten, nale\u017c\u0105cy do rekomendowanych program\u00f3w profilaktycznych, promuje zdrowie, odporno\u015b\u0107 psychiczn\u0105 i dobre samopoczucie ma\u0142ych dzieci. W Szkole Podstawowej Nr 1 w Hrubieszowie, realizowany by\u0142 w klasie 1a (wych. p. Joanna Bartnik) w miesi\u0105cach pa\u017adziernik 2022r.-maj 2023r., przez pedagoga-terapeut\u0119 p. Mart\u0119 Kuczy\u0144sk\u0105. Bohaterem programu opr\u00f3cz grupy [&hellip;]<\/p>\n","protected":false},"author":2,"featured_media":0,"parent":5983,"menu_order":0,"comment_status":"closed","ping_status":"closed","template":"","meta":{"ngg_post_thumbnail":0,"footnotes":""},"class_list":["post-20246","page","type-page","status-publish","hentry"],"_links":{"self":[{"href":"https:\/\/sp1hrubieszow.pl\/index.php\/wp-json\/wp\/v2\/pages\/20246","targetHints":{"allow":["GET"]}}],"collection":[{"href":"https:\/\/sp1hrubieszow.pl\/index.php\/wp-json\/wp\/v2\/pages"}],"about":[{"href":"https:\/\/sp1hrubieszow.pl\/index.php\/wp-json\/wp\/v2\/types\/page"}],"author":[{"embeddable":true,"href":"https:\/\/sp1hrubieszow.pl\/index.php\/wp-json\/wp\/v2\/users\/2"}],"replies":[{"embeddable":true,"href":"https:\/\/sp1hrubieszow.pl\/index.php\/wp-json\/wp\/v2\/comments?post=20246"}],"version-history":[{"count":1,"href":"https:\/\/sp1hrubieszow.pl\/index.php\/wp-json\/wp\/v2\/pages\/20246\/revisions"}],"predecessor-version":[{"id":20247,"href":"https:\/\/sp1hrubieszow.pl\/index.php\/wp-json\/wp\/v2\/pages\/20246\/revisions\/20247"}],"up":[{"embeddable":true,"href":"https:\/\/sp1hrubieszow.pl\/index.php\/wp-json\/wp\/v2\/pages\/5983"}],"wp:attachment":[{"href":"https:\/\/sp1hrubieszow.pl\/index.php\/wp-json\/wp\/v2\/media?parent=20246"}],"curies":[{"name":"wp","href":"https:\/\/api.w.org\/{rel}","templated":true}]}}