{"id":20188,"date":"2023-04-27T19:06:31","date_gmt":"2023-04-27T17:06:31","guid":{"rendered":"https:\/\/sp1hrubieszow.pl\/?page_id=20188"},"modified":"2023-04-27T19:06:43","modified_gmt":"2023-04-27T17:06:43","slug":"klasa-7a-z-wizyta-w-mbp","status":"publish","type":"page","link":"https:\/\/sp1hrubieszow.pl\/index.php\/kronika-2020-2021\/klasa-7a-z-wizyta-w-mbp\/","title":{"rendered":"Klasa 7a z wizyt\u0105 w MBP"},"content":{"rendered":"\n\n\n<p><span style=\"color: #000080;\">Dnia 25 kwietnia uczniowie klasy 7a odwiedzili Miejsk\u0105 Bibliotek\u0119 Publiczn\u0105 mieszcz\u0105c\u0105 si\u0119 w&nbsp;Hrubieszowskim Centrum Dziedzictwa im. Krystyny i Stefana Du Chateau. Pierwszym punktem programu by\u0142o zwiedzanie wystawy fotografii tradycyjnej na szkle&nbsp; \u201eIch portret\u201d autorstwa Mariusza Tomczuka.&nbsp; Po wystawie uczni\u00f3w oprowadza\u0142 sam autor, kt\u00f3ry ciekawie opowiada\u0142 o historii fotografii oraz o swojej niezwyk\u0142ej pasji. &nbsp;Nast\u0119pnie uczniowie obejrzeli wspania\u0142e wn\u0119trza biblioteki. Ka\u017cdy znalaz\u0142 co\u015b dla siebie: jedni grali w gry planszowe, drudzy rysowali, inni przegl\u0105dali ksi\u0105\u017cki, by m\u00f3c co\u015b wypo\u017cyczy\u0107.<\/span><\/p>\nngg_shortcode_0_placeholder\n","protected":false},"excerpt":{"rendered":"<p>Dnia 25 kwietnia uczniowie klasy 7a odwiedzili Miejsk\u0105 Bibliotek\u0119 Publiczn\u0105 mieszcz\u0105c\u0105 si\u0119 w&nbsp;Hrubieszowskim Centrum Dziedzictwa im. Krystyny i Stefana Du Chateau. Pierwszym punktem programu by\u0142o zwiedzanie wystawy fotografii tradycyjnej na szkle&nbsp; \u201eIch portret\u201d autorstwa Mariusza Tomczuka.&nbsp; Po wystawie uczni\u00f3w oprowadza\u0142 sam autor, kt\u00f3ry ciekawie opowiada\u0142 o historii fotografii oraz o swojej niezwyk\u0142ej pasji. &nbsp;Nast\u0119pnie uczniowie [&hellip;]<\/p>\n","protected":false},"author":2,"featured_media":0,"parent":5983,"menu_order":0,"comment_status":"closed","ping_status":"closed","template":"","meta":{"ngg_post_thumbnail":0,"footnotes":""},"class_list":["post-20188","page","type-page","status-publish","hentry"],"_links":{"self":[{"href":"https:\/\/sp1hrubieszow.pl\/index.php\/wp-json\/wp\/v2\/pages\/20188","targetHints":{"allow":["GET"]}}],"collection":[{"href":"https:\/\/sp1hrubieszow.pl\/index.php\/wp-json\/wp\/v2\/pages"}],"about":[{"href":"https:\/\/sp1hrubieszow.pl\/index.php\/wp-json\/wp\/v2\/types\/page"}],"author":[{"embeddable":true,"href":"https:\/\/sp1hrubieszow.pl\/index.php\/wp-json\/wp\/v2\/users\/2"}],"replies":[{"embeddable":true,"href":"https:\/\/sp1hrubieszow.pl\/index.php\/wp-json\/wp\/v2\/comments?post=20188"}],"version-history":[{"count":1,"href":"https:\/\/sp1hrubieszow.pl\/index.php\/wp-json\/wp\/v2\/pages\/20188\/revisions"}],"predecessor-version":[{"id":20189,"href":"https:\/\/sp1hrubieszow.pl\/index.php\/wp-json\/wp\/v2\/pages\/20188\/revisions\/20189"}],"up":[{"embeddable":true,"href":"https:\/\/sp1hrubieszow.pl\/index.php\/wp-json\/wp\/v2\/pages\/5983"}],"wp:attachment":[{"href":"https:\/\/sp1hrubieszow.pl\/index.php\/wp-json\/wp\/v2\/media?parent=20188"}],"curies":[{"name":"wp","href":"https:\/\/api.w.org\/{rel}","templated":true}]}}