{"id":20163,"date":"2023-04-25T17:36:58","date_gmt":"2023-04-25T15:36:58","guid":{"rendered":"https:\/\/sp1hrubieszow.pl\/?page_id=20163"},"modified":"2023-04-25T17:37:28","modified_gmt":"2023-04-25T15:37:28","slug":"otwarcie-sali-gimnastycznej","status":"publish","type":"page","link":"https:\/\/sp1hrubieszow.pl\/index.php\/kronika-2020-2021\/otwarcie-sali-gimnastycznej\/","title":{"rendered":"Otwarcie sali gimnastycznej"},"content":{"rendered":"\n<p><span style=\"color: #000080;\">Dzie\u0144 21 kwietnia 2023 by\u0142 wyj\u0105tkowym dniem dla ca\u0142ej spo\u0142eczno\u015bci Szko\u0142y Podstawowej NR 1 w Hrubieszowie. Tego dnia odby\u0142o si\u0119 uroczyste otwarcie nowej sali gimnastycznej&nbsp; &#8211; obiektu marze\u0144 wielu pokole\u0144 uczni\u00f3w. Na to szczeg\u00f3lne \u015bwi\u0119to naszej szko\u0142y przyby\u0142a Pani Maryla Symczuk, kt\u00f3ra reprezentowa\u0142a wiceprezesa Rady Ministr\u00f3w pana Jacka Sasina. Go\u015bcili\u015bmy r\u00f3wnie\u017c Pana Micha\u0142a Mulaw\u0119 Wicemarsza\u0142ka Wojew\u00f3dztwa Lubelskiego. Na uroczysto\u015bci otwarcia nie mog\u0142o zabrakn\u0105\u0107 Pani&nbsp; Marty Majewskiej &#8211;&nbsp; Burmistrza Miasta Hrubieszowa. To Pani Burmistrz odegra\u0142a nieocenion\u0105&nbsp; rol\u0119 w dziele powstania sali sportowej. &nbsp;Go\u015bcili\u015bmy tak\u017ce&nbsp; Pani\u0105 Monik\u0119 \u017bur Dyrektora Kuratorium O\u015bwiaty w Lublinie Delegatury w Zamo\u015bciu, przedstawicieli Rady Miasta Hrubieszowa, przewodnicz\u0105cych organizacji , rad spo\u0142ecznych, dzia\u0142aj\u0105cych&nbsp; przy Burmistrzu Miasta Hrubieszowa, naczelnik\u00f3w, dyrektor\u00f3w,&nbsp; kierownik\u00f3w jednostek organizacyjnych podleg\u0142ych Gminie Miejskiej Hrubiesz\u00f3w, przedstawicieli s\u0142u\u017cb mundurowych&nbsp; oraz wielu innych wspania\u0142ych go\u015bci.<\/span><\/p>\n<p><span style=\"color: #000080;\">Uroczysto\u015bci rozpocz\u0119\u0142y si\u0119 przed g\u0142\u00f3wnym wej\u015bciem&nbsp; do nowej sali.&nbsp; Przyby\u0142ych go\u015bci przywita\u0142 pan Tomasz Kr\u00f3licki, kt\u00f3ry poprosi\u0142-&nbsp; ksi\u0119dza proboszcza Parafii Ducha \u015awi\u0119tego &#8211; Marka Giergiela o po\u015bwi\u0119cenie nowego obiektu. Odby\u0142o si\u0119 tak\u017ce uroczyste przeci\u0119cie wst\u0119gi.<\/span><\/p>\n<p><span style=\"color: #000080;\">G\u0142\u00f3wne uroczysto\u015bci odby\u0142y si\u0119 ju\u017c w naszej pi\u0119knej, nowej sali. Na pocz\u0105tku g\u0142os zabra\u0142a Pani dyrektor szko\u0142y Edyta Kucharska, kt\u00f3ra podkre\u015bli\u0142a, \u017ce imponuj\u0105cy budynek sali sportowej wraz z nowoczesnym zapleczem sanitarnym,&nbsp; to pow\u00f3d do satysfakcji, ale i dumy. Na taki prezent d\u0142ugo czekali\u015bmy, ale by\u0142o warto .<\/span><\/p>\n<p><span style=\"color: #000080;\">Po Pani dyrektor g\u0142os zabra\u0142a Pani Burmistrz Marta Majewska oraz zaproszeni go\u015bcie.<\/span><\/p>\n<p><span style=\"color: #000080;\">Po cz\u0119\u015bci oficjalnej&nbsp; odby\u0142a si\u0119 cz\u0119\u015b\u0107 artystyczna. Rozpocz\u0119li\u015bmy od scenki kabaretowej nawi\u0105zuj\u0105cej do pocz\u0105tk\u00f3w budowy sali. Nast\u0119pnie&nbsp; ogl\u0105dali\u015bmy pe\u0142en gracji taniec z szarfami&nbsp; w wykonaniu dziewcz\u0105t z klasy 8d. W kolejnej cz\u0119\u015bci uroczysto\u015bci nast\u0105pi\u0142o przekazanie ognia \u2013 symbolu igrzysk olimpijskich. P\u00f3\u017aniej ogl\u0105dali\u015bmy imponuj\u0105cy taniec do utworu \u201eSkrzypek\u201d w wykonaniu grupy uczni\u00f3w od klasy pierwszej do \u00f3smej.<\/span><\/p>\n<p><span style=\"color: #000080;\">Nie mog\u0142oby jednak zabrakn\u0105\u0107 elementu gry sportowej. I tu mogli\u015bmy liczy\u0107 na wsparcie naszych absolwent\u00f3w, kt\u00f3rzy zagrali mecz w mini koszyk\u00f3wk\u0119.<\/span><\/p>\n<p><span style=\"color: #000080;\">Nast\u0119pnie wszyscy przybyli go\u015bcie zastali zaproszeni do zwiedzania szko\u0142y oraz rozm\u00f3w przy pocz\u0119stunku.<\/span><\/p>\n<p><span style=\"color: #000080;\">Uroczysto\u015b\u0107 otwarcia Sali pokaza\u0142a jak konsekwentne i planowe dzia\u0142anie mo\u017ce przynie\u015b\u0107 wymierne korzy\u015bci dzieciom, m\u0142odzie\u017cy, szkole i mieszka\u0144com. Jeste\u015bmy przekonani, \u017ce realizacja tej inwestycji spe\u0142ni\u0142a &nbsp;marzenia dzieci. Ka\u017cdy obiekt sportowy to inwestycja w nasz\u0105 przysz\u0142o\u015b\u0107. By\u0107 mo\u017ce b\u0119dzie pierwszym miejscem treningu przysz\u0142ych sportowc\u00f3w.<\/span><\/p>\nngg_shortcode_0_placeholder\nngg_shortcode_1_placeholder\nngg_shortcode_2_placeholder\nngg_shortcode_3_placeholder\n<p>&nbsp;<\/p>\n<p><span style=\"text-decoration: line-through;\">&nbsp;<\/span><\/p>\n<p>&nbsp;<\/p>\n<p>&nbsp;<\/p>\n<p>&nbsp;<\/p>\n<p>&nbsp;<\/p>\n<p>&nbsp;<\/p>\n","protected":false},"excerpt":{"rendered":"<p>Dzie\u0144 21 kwietnia 2023 by\u0142 wyj\u0105tkowym dniem dla ca\u0142ej spo\u0142eczno\u015bci Szko\u0142y Podstawowej NR 1 w Hrubieszowie. Tego dnia odby\u0142o si\u0119 uroczyste otwarcie nowej sali gimnastycznej&nbsp; &#8211; obiektu marze\u0144 wielu pokole\u0144 uczni\u00f3w. Na to szczeg\u00f3lne \u015bwi\u0119to naszej szko\u0142y przyby\u0142a Pani Maryla Symczuk, kt\u00f3ra reprezentowa\u0142a wiceprezesa Rady Ministr\u00f3w pana Jacka Sasina. Go\u015bcili\u015bmy r\u00f3wnie\u017c Pana Micha\u0142a Mulaw\u0119 Wicemarsza\u0142ka [&hellip;]<\/p>\n","protected":false},"author":2,"featured_media":0,"parent":5983,"menu_order":0,"comment_status":"closed","ping_status":"closed","template":"","meta":{"ngg_post_thumbnail":0,"footnotes":""},"class_list":["post-20163","page","type-page","status-publish","hentry"],"_links":{"self":[{"href":"https:\/\/sp1hrubieszow.pl\/index.php\/wp-json\/wp\/v2\/pages\/20163","targetHints":{"allow":["GET"]}}],"collection":[{"href":"https:\/\/sp1hrubieszow.pl\/index.php\/wp-json\/wp\/v2\/pages"}],"about":[{"href":"https:\/\/sp1hrubieszow.pl\/index.php\/wp-json\/wp\/v2\/types\/page"}],"author":[{"embeddable":true,"href":"https:\/\/sp1hrubieszow.pl\/index.php\/wp-json\/wp\/v2\/users\/2"}],"replies":[{"embeddable":true,"href":"https:\/\/sp1hrubieszow.pl\/index.php\/wp-json\/wp\/v2\/comments?post=20163"}],"version-history":[{"count":1,"href":"https:\/\/sp1hrubieszow.pl\/index.php\/wp-json\/wp\/v2\/pages\/20163\/revisions"}],"predecessor-version":[{"id":20164,"href":"https:\/\/sp1hrubieszow.pl\/index.php\/wp-json\/wp\/v2\/pages\/20163\/revisions\/20164"}],"up":[{"embeddable":true,"href":"https:\/\/sp1hrubieszow.pl\/index.php\/wp-json\/wp\/v2\/pages\/5983"}],"wp:attachment":[{"href":"https:\/\/sp1hrubieszow.pl\/index.php\/wp-json\/wp\/v2\/media?parent=20163"}],"curies":[{"name":"wp","href":"https:\/\/api.w.org\/{rel}","templated":true}]}}