{"id":20073,"date":"2023-04-15T14:58:54","date_gmt":"2023-04-15T12:58:54","guid":{"rendered":"https:\/\/sp1hrubieszow.pl\/?page_id=20073"},"modified":"2023-04-15T14:59:28","modified_gmt":"2023-04-15T12:59:28","slug":"zaproszenie-na-spotkanie-w-sprawie-rewitalizacji-miasta","status":"publish","type":"page","link":"https:\/\/sp1hrubieszow.pl\/index.php\/kronika-2020-2021\/zaproszenie-na-spotkanie-w-sprawie-rewitalizacji-miasta\/","title":{"rendered":"Zaproszenie na spotkanie w sprawie rewitalizacji miasta"},"content":{"rendered":"\n<p class=\"x_x_MsoNormal\"><span style=\"color: #000080;\">Szanowni Pa\u0144stwo, przekazujemy informacj\u0119 o rozpocz\u0119ciu konsultacji spo\u0142ecznych Gminnego Planu Rewitalizacji Miasta Hrubiesz\u00f3w. Program b\u0119dzie koncentrowa\u0142 si\u0119 na dw\u00f3ch wyznaczonych podobszarach rewitalizacji: \u015ar\u00f3dmie\u015bciu i Podg\u00f3rzu. W ramach procesu opracowania Planu Rewitalizacji zorganizowane zostan\u0105 konsultacje spo\u0142eczne w formie spotka\u0144 osobistych z mieszka\u0144cami.<\/span><\/p>\n<p class=\"x_x_MsoNormal\"><span style=\"color: #000080;\">Spotkania te odb\u0119d\u0105 si\u0119:<\/span><\/p>\n<ol start=\"1\" type=\"a\">\n<li class=\"x_x_MsoListParagraph\"><span style=\"color: #000080;\">27 kwietnia 2023 r. (czwartek) w godz. 17.00 \u2013 19.00 w Miejskim Przedszkolu Nr 1 im. Ma\u0142ego Ksi\u0119cia ul. Gr\u00f3decka 48;<\/span><\/li>\n<li class=\"x_x_MsoListParagraph\"><span style=\"color: #000080;\">28 kwietnia 2023 r. (pi\u0105tek) w godz. 13.00 \u2013 15.00 w Miejskiej Bibliotece Publicznej&nbsp;&nbsp; &#8211; Hrubieszowskie Centrum Dziedzictwa im. Krystyny i Stefana Du Chatea ul. 3 Maja 10.<\/span><\/li>\n<\/ol>\n<p><span style=\"color: #000080;\"><a style=\"color: #000080;\" href=\"http:\/\/sp1hrubieszow.pl\/wp-content\/uploads\/2023\/04\/Zaproszenie-na-spotkanie-ws-rewitalizacji-Hrubieszowa.pdf\"><strong>Zaproszenie na spotkanie ws rewitalizacji Hrubieszowa<\/strong><\/a><\/span><\/p>\n<p class=\"x_x_MsoNormal\" aria-hidden=\"true\">&nbsp;<\/p>\n<p class=\"x_x_MsoNormal\">&nbsp;<\/p>\n","protected":false},"excerpt":{"rendered":"<p>Szanowni Pa\u0144stwo, przekazujemy informacj\u0119 o rozpocz\u0119ciu konsultacji spo\u0142ecznych Gminnego Planu Rewitalizacji Miasta Hrubiesz\u00f3w. Program b\u0119dzie koncentrowa\u0142 si\u0119 na dw\u00f3ch wyznaczonych podobszarach rewitalizacji: \u015ar\u00f3dmie\u015bciu i Podg\u00f3rzu. W ramach procesu opracowania Planu Rewitalizacji zorganizowane zostan\u0105 konsultacje spo\u0142eczne w formie spotka\u0144 osobistych z mieszka\u0144cami. Spotkania te odb\u0119d\u0105 si\u0119: 27 kwietnia 2023 r. (czwartek) w godz. 17.00 \u2013 19.00 [&hellip;]<\/p>\n","protected":false},"author":2,"featured_media":0,"parent":5983,"menu_order":0,"comment_status":"closed","ping_status":"closed","template":"","meta":{"ngg_post_thumbnail":0,"footnotes":""},"class_list":["post-20073","page","type-page","status-publish","hentry"],"_links":{"self":[{"href":"https:\/\/sp1hrubieszow.pl\/index.php\/wp-json\/wp\/v2\/pages\/20073","targetHints":{"allow":["GET"]}}],"collection":[{"href":"https:\/\/sp1hrubieszow.pl\/index.php\/wp-json\/wp\/v2\/pages"}],"about":[{"href":"https:\/\/sp1hrubieszow.pl\/index.php\/wp-json\/wp\/v2\/types\/page"}],"author":[{"embeddable":true,"href":"https:\/\/sp1hrubieszow.pl\/index.php\/wp-json\/wp\/v2\/users\/2"}],"replies":[{"embeddable":true,"href":"https:\/\/sp1hrubieszow.pl\/index.php\/wp-json\/wp\/v2\/comments?post=20073"}],"version-history":[{"count":1,"href":"https:\/\/sp1hrubieszow.pl\/index.php\/wp-json\/wp\/v2\/pages\/20073\/revisions"}],"predecessor-version":[{"id":20074,"href":"https:\/\/sp1hrubieszow.pl\/index.php\/wp-json\/wp\/v2\/pages\/20073\/revisions\/20074"}],"up":[{"embeddable":true,"href":"https:\/\/sp1hrubieszow.pl\/index.php\/wp-json\/wp\/v2\/pages\/5983"}],"wp:attachment":[{"href":"https:\/\/sp1hrubieszow.pl\/index.php\/wp-json\/wp\/v2\/media?parent=20073"}],"curies":[{"name":"wp","href":"https:\/\/api.w.org\/{rel}","templated":true}]}}