{"id":20052,"date":"2023-04-13T18:24:48","date_gmt":"2023-04-13T16:24:48","guid":{"rendered":"https:\/\/sp1hrubieszow.pl\/?page_id=20052"},"modified":"2023-04-13T18:25:20","modified_gmt":"2023-04-13T16:25:20","slug":"szkola-myslenia-pozytywnego-2-0-2","status":"publish","type":"page","link":"https:\/\/sp1hrubieszow.pl\/index.php\/kronika-2020-2021\/szkola-myslenia-pozytywnego-2-0-2\/","title":{"rendered":"Szko\u0142a My\u015blenia Pozytywnego 2.0"},"content":{"rendered":"\n<div class=\"x11i5rnm xat24cr x1mh8g0r x1vvkbs xtlvy1s x126k92a\">\n<div dir=\"auto\"><span style=\"color: #000080;\">W miesi\u0105cu marcu, jak kwiaty zakwit\u0142y nasze pasje i zainteresowania. Rozwijali\u015bmy i prezentowali\u015bmy swoje talenty na forum zespo\u0142\u00f3w klasowych. Z naszych dzia\u0142a\u0144 tworzyli\u015bmy fotorelacje, filmiki z wywiadami oraz podcasty. Wykonywane przez nas zadania mia\u0142y na celu nauk\u0119 dbania o sw\u00f3j dobrostan psychiczny poprzez \u015bwiadome korzystanie z nowych medi\u00f3w oraz dzielenie si\u0119 swoimi pasjami i zainteresowaniami a tak\u017ce nauk\u0119 rozwi\u0105zywania konflikt\u00f3w w klasach i poszukiwania swoich zasob\u00f3w w kontek\u015bcie sytuacji trudnych w klasie. W zadanie marcowe w\u0142\u0105czy\u0142y si\u0119 nast\u0119puj\u0105ce klasy\/zespo\u0142y:<\/span><\/div>\n<div dir=\"auto\"><span style=\"color: #000080;\">klasa 1b-wych.p. Renata Pacza\u0142a<\/span><\/div>\n<div dir=\"auto\"><span style=\"color: #000080;\">klasa 2a-wych.p. Ma\u0142gorzata Serafin<\/span><\/div>\n<div dir=\"auto\"><span style=\"color: #000080;\">klasa 2c-wych.p. Joanna Nazar<\/span><\/div>\n<div dir=\"auto\"><span style=\"color: #000080;\">klasa 3a-wych.p. Katarzyna Sztuk<\/span><\/div>\n<div dir=\"auto\"><span style=\"color: #000080;\">klasa 5b-wych.p. Marta Lackowska<\/span><\/div>\n<div dir=\"auto\"><span style=\"color: #000080;\">klasa 6c-wych.p. Anna Lewandowska<\/span><\/div>\n<div dir=\"auto\"><span style=\"color: #000080;\">Szkolny Klub Mediatora-opiekun p. Marta Kuczy\u0144ska<\/span><\/div>\n<div dir=\"auto\"><span style=\"color: #000080;\">W klasie 1b uczniowie rozwijali kreatywno\u015b\u0107 poprzez wykonywanie nietypowych, wiosennych kwiat\u00f3w. Uczniowie kl. 2a realizowali zadania pt. &#8222;Nasze zainteresowania i pasje kluczem do zdrowia psychicznego&#8221; oraz &#8222;Rado\u015b\u0107 tworzenia w klasie 2a&#8221;. Wykonywali pi\u0119kne prace plastyczne, przy wykorzystaniu r\u00f3\u017cnorodnych technik, nast\u0119pnie opowiadali o swoich pracach i prezentowali je na forum klasy. Uczniowie klasy 2c poszukiwali swoich zasob\u00f3w na radzenie sobie z trudnymi sytuacjami i konfliktami w klasie. Wykonali pi\u0119kn\u0105 tablic\u0119 z pozytywnymi s\u0142owami, kt\u00f3ra ma im w tym pomaga\u0107. W klasie 3a uczniowie prezentowali swoje zdolno\u015bci muzyczne, taneczne i sportowe. Niekt\u00f3rzy uczniowie przygotowali i prezentowali informacje o krajach Unii Europejskiej, kt\u00f3re chcieliby odwiedzi\u0107 oraz informacje o zabytkach i s\u0142awnych ludziach z Hrubieszowa. W klasie 5b zosta\u0142a przeprowadzona lekcja wed\u0142ug scenariusza &#8222;Podcasty&#8221;. Podczas lekcji uczniowie rozmawiali o swoich pasjach i zainteresowaniach. Uczniowie uk\u0142adali tak\u017ce plan do swoich podcast\u00f3w. Jeden z uczni\u00f3w, Miko\u0142aj Karpiuk, nagra\u0142 podcast: &#8222;Moja pasja-militaria ASG&#8221;. Klasa 6c wcieli\u0142a si\u0119 w rol\u0119 dziennikarzy. powsta\u0142y filmiki z wywiadami, na kt\u00f3rych zaprezentowali swoje klasowe pasje takie jak sport, harcerstwo i pasje artystyczne. Mediatorzy ze Szkolnego klubu Mediatora uczyli najm\u0142odszych uczni\u00f3w radzenia sobie z emocjami i rozwi\u0105zywania konflikt\u00f3w bez u\u017cywania jakichkolwiek form przemocy.<\/span><\/div>\n<div dir=\"auto\"><span style=\"color: #000080;\">Wszyscy uczestnicy zadania marcowego zgodnie przyznali, \u017ce warto mie\u0107 i piel\u0119gnowa\u0107 swoje pasje, zainteresowania oraz rozwija\u0107 swoje osobiste zasoby, kt\u00f3re s\u0105 pomocne, gdy przychodz\u0105 trudniejsze chwile&#8230;<\/span><\/div>\n<div dir=\"auto\"><span style=\"color: #000080;\">Przed nami zadanie na miesi\u0105c kwiecie\u0144 pt. &#8222;D\u0105\u017cenie do cel\u00f3w. Droga do przebycia &#8222;, do kt\u00f3rego zapraszamy ca\u0142\u0105 spo\u0142eczno\u015b\u0107 szkoln\u0105<span class=\"x3nfvp2 x1j61x8r x1fcty0u xdj266r xhhsvwb xat24cr xgzva0m xxymvpz xlup9mm x1kky2od\"><img loading=\"lazy\" decoding=\"async\" src=\"https:\/\/static.xx.fbcdn.net\/images\/emoji.php\/v9\/t4c\/1\/16\/1f642.png\" alt=\"?\" width=\"16\" height=\"16\"><\/span><\/span><\/div>\n<\/div>\n<div class=\"x11i5rnm xat24cr x1mh8g0r x1vvkbs xtlvy1s x126k92a\">\n<div dir=\"auto\"><span style=\"color: #000080;\">Koordynator programu Szko\u0142a My\u015blenia Pozytywnego<\/span><\/div>\n<div dir=\"auto\"><span style=\"color: #000080;\">w SP Nr 1 -Marta Kuczy\u0144ska<\/span><\/div>\n<div dir=\"auto\">\nngg_shortcode_0_placeholder\n<\/div>\n<\/div>\n","protected":false},"excerpt":{"rendered":"<p>W miesi\u0105cu marcu, jak kwiaty zakwit\u0142y nasze pasje i zainteresowania. Rozwijali\u015bmy i prezentowali\u015bmy swoje talenty na forum zespo\u0142\u00f3w klasowych. Z naszych dzia\u0142a\u0144 tworzyli\u015bmy fotorelacje, filmiki z wywiadami oraz podcasty. Wykonywane przez nas zadania mia\u0142y na celu nauk\u0119 dbania o sw\u00f3j dobrostan psychiczny poprzez \u015bwiadome korzystanie z nowych medi\u00f3w oraz dzielenie si\u0119 swoimi pasjami i zainteresowaniami [&hellip;]<\/p>\n","protected":false},"author":2,"featured_media":0,"parent":5983,"menu_order":0,"comment_status":"closed","ping_status":"closed","template":"","meta":{"ngg_post_thumbnail":0,"footnotes":""},"class_list":["post-20052","page","type-page","status-publish","hentry"],"_links":{"self":[{"href":"https:\/\/sp1hrubieszow.pl\/index.php\/wp-json\/wp\/v2\/pages\/20052","targetHints":{"allow":["GET"]}}],"collection":[{"href":"https:\/\/sp1hrubieszow.pl\/index.php\/wp-json\/wp\/v2\/pages"}],"about":[{"href":"https:\/\/sp1hrubieszow.pl\/index.php\/wp-json\/wp\/v2\/types\/page"}],"author":[{"embeddable":true,"href":"https:\/\/sp1hrubieszow.pl\/index.php\/wp-json\/wp\/v2\/users\/2"}],"replies":[{"embeddable":true,"href":"https:\/\/sp1hrubieszow.pl\/index.php\/wp-json\/wp\/v2\/comments?post=20052"}],"version-history":[{"count":1,"href":"https:\/\/sp1hrubieszow.pl\/index.php\/wp-json\/wp\/v2\/pages\/20052\/revisions"}],"predecessor-version":[{"id":20053,"href":"https:\/\/sp1hrubieszow.pl\/index.php\/wp-json\/wp\/v2\/pages\/20052\/revisions\/20053"}],"up":[{"embeddable":true,"href":"https:\/\/sp1hrubieszow.pl\/index.php\/wp-json\/wp\/v2\/pages\/5983"}],"wp:attachment":[{"href":"https:\/\/sp1hrubieszow.pl\/index.php\/wp-json\/wp\/v2\/media?parent=20052"}],"curies":[{"name":"wp","href":"https:\/\/api.w.org\/{rel}","templated":true}]}}