{"id":19997,"date":"2023-03-27T20:18:54","date_gmt":"2023-03-27T18:18:54","guid":{"rendered":"https:\/\/sp1hrubieszow.pl\/?page_id=19997"},"modified":"2023-03-27T20:19:22","modified_gmt":"2023-03-27T18:19:22","slug":"przerazajace-a-jednak-nie","status":"publish","type":"page","link":"https:\/\/sp1hrubieszow.pl\/index.php\/kronika-2020-2021\/przerazajace-a-jednak-nie\/","title":{"rendered":"Przera\u017caj\u0105ce? A jednak nie!!!"},"content":{"rendered":"\n<div class=\"x_elementToProof\"><span style=\"color: #000080;\">Klasa 5c mia\u0142a mo\u017cliwo\u015b\u0107 mie\u0107 bliskie spotkanie z paj\u0105kami i nie tylko. Te ow\u0142osione stworzenia przyci\u0105gn\u0119\u0142y du\u017c\u0105 uwag\u0119 uczni\u00f3w i sk\u0142oni\u0142y do pokonania swoich l\u0119k\u00f3w.<\/span><\/div>\n<div class=\"x_elementToProof\"><span style=\"color: #000080;\"><span class=\"x_ContentPasted0\">Czy paj\u0105k jest taki straszny, jak go maluj\u0105?<\/span><span class=\"x_ContentPasted0\">&nbsp;<\/span><span class=\"x_x3nfvp2 x_x1j61x8r x_x1fcty0u x_xdj266r x_xhhsvwb x_xat24cr x_xgzva0m x_xxymvpz x_xlup9mm x_x1kky2od\"><img loading=\"lazy\" decoding=\"async\" class=\"x_ContentPasted0\" src=\"https:\/\/static.xx.fbcdn.net\/images\/emoji.php\/v9\/t8d\/1.5\/16\/1f914.png\" alt=\"?\" width=\"16\" height=\"16\" data-imagetype=\"External\"><\/span><span class=\"x_ContentPasted0\">&nbsp;<\/span><span class=\"x_ContentPasted0\">Okazuje si\u0119, \u017ce nie! Przekonali\u015bmy si\u0119 sami!<\/span><\/span><\/div>\n<div>\nngg_shortcode_0_placeholder\n<\/div>\n","protected":false},"excerpt":{"rendered":"<p>Klasa 5c mia\u0142a mo\u017cliwo\u015b\u0107 mie\u0107 bliskie spotkanie z paj\u0105kami i nie tylko. Te ow\u0142osione stworzenia przyci\u0105gn\u0119\u0142y du\u017c\u0105 uwag\u0119 uczni\u00f3w i sk\u0142oni\u0142y do pokonania swoich l\u0119k\u00f3w. Czy paj\u0105k jest taki straszny, jak go maluj\u0105?&nbsp;&nbsp;Okazuje si\u0119, \u017ce nie! Przekonali\u015bmy si\u0119 sami!<\/p>\n","protected":false},"author":2,"featured_media":0,"parent":5983,"menu_order":0,"comment_status":"closed","ping_status":"closed","template":"","meta":{"ngg_post_thumbnail":0,"footnotes":""},"class_list":["post-19997","page","type-page","status-publish","hentry"],"_links":{"self":[{"href":"https:\/\/sp1hrubieszow.pl\/index.php\/wp-json\/wp\/v2\/pages\/19997","targetHints":{"allow":["GET"]}}],"collection":[{"href":"https:\/\/sp1hrubieszow.pl\/index.php\/wp-json\/wp\/v2\/pages"}],"about":[{"href":"https:\/\/sp1hrubieszow.pl\/index.php\/wp-json\/wp\/v2\/types\/page"}],"author":[{"embeddable":true,"href":"https:\/\/sp1hrubieszow.pl\/index.php\/wp-json\/wp\/v2\/users\/2"}],"replies":[{"embeddable":true,"href":"https:\/\/sp1hrubieszow.pl\/index.php\/wp-json\/wp\/v2\/comments?post=19997"}],"version-history":[{"count":1,"href":"https:\/\/sp1hrubieszow.pl\/index.php\/wp-json\/wp\/v2\/pages\/19997\/revisions"}],"predecessor-version":[{"id":19998,"href":"https:\/\/sp1hrubieszow.pl\/index.php\/wp-json\/wp\/v2\/pages\/19997\/revisions\/19998"}],"up":[{"embeddable":true,"href":"https:\/\/sp1hrubieszow.pl\/index.php\/wp-json\/wp\/v2\/pages\/5983"}],"wp:attachment":[{"href":"https:\/\/sp1hrubieszow.pl\/index.php\/wp-json\/wp\/v2\/media?parent=19997"}],"curies":[{"name":"wp","href":"https:\/\/api.w.org\/{rel}","templated":true}]}}