{"id":19974,"date":"2023-03-27T19:55:57","date_gmt":"2023-03-27T17:55:57","guid":{"rendered":"https:\/\/sp1hrubieszow.pl\/?page_id=19974"},"modified":"2023-03-27T20:00:38","modified_gmt":"2023-03-27T18:00:38","slug":"dzien-otwarty","status":"publish","type":"page","link":"https:\/\/sp1hrubieszow.pl\/index.php\/kronika-2020-2021\/dzien-otwarty\/","title":{"rendered":"Dzie\u0144 Otwarty"},"content":{"rendered":"\n<p><span style=\"color: #000080;\">21 marca, wraz z Pierwszym Dniem Wiosny, nasza szko\u0142a zaprosi\u0142a w swoje progi dzieci z rocznika 2016 na Dzie\u0144 Otwarty. Z tej okazji przygotowali\u015bmy r\u00f3\u017cnego rodzaju aktywno\u015bci.<\/span><\/p>\n<p><span style=\"color: #000080;\">W sali informatycznej dzieci zosta\u0142y wprowadzone do \u015bwiata programowania i zaprogramowa\u0142y roboty&nbsp; Photon, kt\u00f3ry jest wyposa\u017cony w nowoczesn\u0105 technologi\u0119 i potrafi reagowa\u0107 na wiele bod\u017ac\u00f3w zewn\u0119trznych, a dzi\u0119ki dedykowanej aplikacji, pomaga dzieciom rozwin\u0105\u0107 wyobra\u017ani\u0119, umiej\u0119tno\u015bci logicznego i analitycznego my\u015blenia.<\/span><\/p>\n<p><span style=\"color: #000080;\">Nast\u0119pnym elementem by\u0142 kontakt z rozszerzon\u0105 rzeczywisto\u015bci\u0105, kt\u00f3ra umo\u017cliwia zanurzy\u0107 si\u0119 w zupe\u0142nie nowy \u015bwiat, kt\u00f3ry wydaj\u0119 si\u0119 tak realny, \u017ce natychmiast zapominamy, gdzie w\u0142a\u015bciwie si\u0119 znajdujemy.<\/span><\/p>\n<p><span style=\"color: #000080;\">Ci\u0119\u017cko by\u0142o oderwa\u0107 dzieciaki od zabawy, ale czeka\u0142y na nie jeszcze inne atrakcje&#8230;mamy nadziej\u0119, \u017ce si\u0119 spotkamy we wrze\u015bniu?<\/span><\/p>\n<p>&nbsp;&nbsp;&nbsp;&nbsp;&nbsp;&nbsp;&nbsp;&nbsp;&nbsp;&nbsp;&nbsp; <span style=\"color: #000080;\">W sali numer 18 przyszli pierwszoklasi\u015bci mieli okazj\u0119 rozwi\u0105zywa\u0107 zadania przy tablicy interaktywnej.&nbsp; \u0106wiczenia mia\u0142y r\u00f3\u017cny stopie\u0144 trudno\u015bci&nbsp; &#8211; dzieci rozpoznawa\u0142y kszta\u0142ty, kolory, uzupe\u0142nia\u0142y brakuj\u0105ce puzzle lub odgadywa\u0142y na jak\u0105 liter\u0119 zaczyna si\u0119 dany wyraz. Paniom&nbsp; opiekuj\u0105cym si\u0119 t\u0105 sal\u0105 \u2013 Anecie Rycerz i Justynie Przybik pomagali uczniowie klasy 4c&nbsp; &#8211; Lena Niznikowska, Gabriela Skowron-Dzieniak, Angelika Przybysz, Maria Stepaniuk, Miko\u0142aj Zaj\u0105c.<\/span><\/p>\n<p>&nbsp;&nbsp;&nbsp;&nbsp;&nbsp;&nbsp;&nbsp;&nbsp;&nbsp;&nbsp;&nbsp; <span style=\"color: #000080;\">Na g\u00f3rnym korytarzu przy pokoju nauczycielskim zorganizowano wystaw\u0119 prac uczni\u00f3w. Mo\u017cna by\u0142o podziwia\u0107 lapbooki z \u201eQuo vadis\u201d, mapy z podr\u00f3\u017cy Hobbita, jego siedzib\u0119 oraz torby p\u0142\u00f3cienne z cytatami z \u201eMa\u0142ego Ksi\u0119cia\u201d.<\/span><\/p>\n<p><span style=\"color: #000080;\">W bibliotece szkolnej dzieci ogl\u0105da\u0142y ksi\u0105\u017cki, uk\u0142ada\u0142y puzzle z bajkowymi bohaterami oraz rzuca\u0142y do celu, kt\u00f3ry znajdowa\u0142 si\u0119 w ksi\u0105\u017cce z dziur\u0105.<\/span><\/p>\n<p><span style=\"color: #000080;\">Przedstawiciele Ma\u0142ego Samorz\u0105du Uczniowskiego pod kierunkiem pa\u0144 Katarzyny Sztuk i Moniki Korneluk przygotowali &#8222;Bajk\u0119 z mora\u0142em&#8221; na podstawie ba\u015bni Ch. Perraulta&nbsp; &#8222;Wr\u00f3\u017cki&#8221;. Dekoracje wykona\u0142y panie Ewa Sidorczuk i Arleta Kowalska.<\/span><\/p>\n<p><span style=\"color: #000080;\">Poza tym uczniowie uczestniczyli w warsztatach chemiczno \u2013 fizycznych, brali udzia\u0142 w zabawach ruchowych prowadzonych w j\u0119zyku angielskim, mogli spr\u00f3bowa\u0107 swoich si\u0142 i umiej\u0119tno\u015bci podczas gry w tenisa sto\u0142owego, \u015bwietnie bawili si\u0119 przy pracach plastycznych \u2013 tak\u017ce z wykorzystaniem d\u0142ugopisu 3D.<\/span><\/p>\n<p><span style=\"color: #000080;\">Podczas spaceru po szkole dzieciom towarzyszyli bohaterowie dzie\u0142 Boles\u0142awa Prusa. Poza tym kandydaci na uczni\u00f3w JEDYNKI mogli obejrze\u0107 zdj\u0119cia z uroczysto\u015bci zwianych z naszym patronem i poprzez to poczu\u0107 wspania\u0142\u0105 atmosfer\u0119 naszej szko\u0142y.<\/span><\/p>\n<p><span style=\"color: #000080;\">Mamy nadziej\u0119, \u017ce &nbsp;nasza szko\u0142a zaprezentowa\u0142a si\u0119 z jak najlepszej strony i \u017ce spotkamy si\u0119 ju\u017c we wrze\u015bniu.<\/span><\/p>\nngg_shortcode_0_placeholder\nngg_shortcode_1_placeholder\nngg_shortcode_2_placeholder\nngg_shortcode_3_placeholder\n<p>&nbsp;<\/p>\n<p>&nbsp;<\/p>\n<p>&nbsp;<\/p>\n","protected":false},"excerpt":{"rendered":"<p>21 marca, wraz z Pierwszym Dniem Wiosny, nasza szko\u0142a zaprosi\u0142a w swoje progi dzieci z rocznika 2016 na Dzie\u0144 Otwarty. Z tej okazji przygotowali\u015bmy r\u00f3\u017cnego rodzaju aktywno\u015bci. W sali informatycznej dzieci zosta\u0142y wprowadzone do \u015bwiata programowania i zaprogramowa\u0142y roboty&nbsp; Photon, kt\u00f3ry jest wyposa\u017cony w nowoczesn\u0105 technologi\u0119 i potrafi reagowa\u0107 na wiele bod\u017ac\u00f3w zewn\u0119trznych, a dzi\u0119ki [&hellip;]<\/p>\n","protected":false},"author":2,"featured_media":0,"parent":5983,"menu_order":0,"comment_status":"closed","ping_status":"closed","template":"","meta":{"ngg_post_thumbnail":0,"footnotes":""},"class_list":["post-19974","page","type-page","status-publish","hentry"],"_links":{"self":[{"href":"https:\/\/sp1hrubieszow.pl\/index.php\/wp-json\/wp\/v2\/pages\/19974","targetHints":{"allow":["GET"]}}],"collection":[{"href":"https:\/\/sp1hrubieszow.pl\/index.php\/wp-json\/wp\/v2\/pages"}],"about":[{"href":"https:\/\/sp1hrubieszow.pl\/index.php\/wp-json\/wp\/v2\/types\/page"}],"author":[{"embeddable":true,"href":"https:\/\/sp1hrubieszow.pl\/index.php\/wp-json\/wp\/v2\/users\/2"}],"replies":[{"embeddable":true,"href":"https:\/\/sp1hrubieszow.pl\/index.php\/wp-json\/wp\/v2\/comments?post=19974"}],"version-history":[{"count":3,"href":"https:\/\/sp1hrubieszow.pl\/index.php\/wp-json\/wp\/v2\/pages\/19974\/revisions"}],"predecessor-version":[{"id":19979,"href":"https:\/\/sp1hrubieszow.pl\/index.php\/wp-json\/wp\/v2\/pages\/19974\/revisions\/19979"}],"up":[{"embeddable":true,"href":"https:\/\/sp1hrubieszow.pl\/index.php\/wp-json\/wp\/v2\/pages\/5983"}],"wp:attachment":[{"href":"https:\/\/sp1hrubieszow.pl\/index.php\/wp-json\/wp\/v2\/media?parent=19974"}],"curies":[{"name":"wp","href":"https:\/\/api.w.org\/{rel}","templated":true}]}}