{"id":19891,"date":"2023-03-26T22:45:05","date_gmt":"2023-03-26T20:45:05","guid":{"rendered":"https:\/\/sp1hrubieszow.pl\/?page_id=19891"},"modified":"2023-03-26T22:45:50","modified_gmt":"2023-03-26T20:45:50","slug":"pierwszy-dzien-wiosny-2","status":"publish","type":"page","link":"https:\/\/sp1hrubieszow.pl\/index.php\/kronika-2020-2021\/pierwszy-dzien-wiosny-2\/","title":{"rendered":"Pierwszy Dzie\u0144 Wiosny"},"content":{"rendered":"\n<p><span style=\"color: #000080;\">21 marca rado\u015bnie przywitali\u015bmy WIOSN\u0118. Z tej okazji w naszej szkole naprawd\u0119 du\u017co si\u0119 dzia\u0142o. By\u0142 to \u201eDzie\u0144 bez plecaka\u201d \u2013 uczniowie swoje ksi\u0105\u017cki i zeszyty przynie\u015bli zapakowane na oryginalne sposoby. By\u0142y kosze zakupowe, poszewki na poduszki, kosze na \u015bmieci, a nawet odkurzacz i zlew ? &nbsp;Fantazja dopisa\u0142a! Poza tym uczniowie zadbali o wiosenny wystr\u00f3j swoich sal lekcyjnych, kt\u00f3re rozkwit\u0142y wiosennymi dekoracjami i kolorami. Klasa 2b symbolicznie przywo\u0142a\u0142a wiosn\u0119, wykonuj\u0105c wsp\u00f3lnie kuk\u0142y Marzanny.<\/span><\/p>\n<p><span style=\"color: #000080;\">Rado\u015b\u0107 z przybycia wiosny uczniowie wyra\u017cali tak\u017ce strojem. W tym dniu dzieci mia\u0142y r\u00f3wnie\u017c mo\u017cliwo\u015b\u0107 zast\u0105pi\u0107 swoich nauczycieli i poprowadzi\u0107 lekcje. Okaza\u0142o si\u0119, \u017ce to nie taka \u0142atwa sprawa by\u0107 nauczycielem.<\/span><\/p>\n<p><span style=\"color: #000080;\">Wiosenne \u015bwi\u0119towanie nie zamkn\u0119\u0142o si\u0119 tylko w murach szko\u0142y. Klasy \u00f3sme wraz z wychowawcami odwiedzi\u0142y Zesp\u00f3\u0142 Szk\u00f3\u0142 nr 1 i uczestniczy\u0142y w inicjatywie \u201eZawodowy strza\u0142 w 10!\u201d. Klasa 5a wybra\u0142a si\u0119 na pizz\u0119 i kr\u0119gle do restauracji Gniecki, a klasa 5 b do restauracji Valentino. Natomiast uczniowie klasy 5c odwiedzili Miejsk\u0105 Bibliotek\u0119 Publiczn\u0105 w jej nowej siedzibie. Poza tym klasa 4a oraz klasa 5b by\u0142y r\u00f3wnie\u017c w HDK na spektaklu \u201eNazywam si\u0119\u2026 Powr\u00f3t do przesz\u0142o\u015bci\u201d przygotowanym przez Teatr Muzyczny FORTE.<\/span><\/p>\n<p><span style=\"color: #000080;\">Jednym s\u0142owem Pierwszy Dzie\u0144 Wiosny obfitowa\u0142 w wydarzenia i min\u0105\u0142 nam bardzo przyjemnie. Mamy nadziej\u0119, \u017ce Pani Wio\u015bnie si\u0119 to spodoba\u0142o i ju\u017c z nami zostanie a\u017c do lata.<\/span><\/p>\nngg_shortcode_0_placeholder\nngg_shortcode_1_placeholder\n","protected":false},"excerpt":{"rendered":"<p>21 marca rado\u015bnie przywitali\u015bmy WIOSN\u0118. Z tej okazji w naszej szkole naprawd\u0119 du\u017co si\u0119 dzia\u0142o. By\u0142 to \u201eDzie\u0144 bez plecaka\u201d \u2013 uczniowie swoje ksi\u0105\u017cki i zeszyty przynie\u015bli zapakowane na oryginalne sposoby. By\u0142y kosze zakupowe, poszewki na poduszki, kosze na \u015bmieci, a nawet odkurzacz i zlew ? &nbsp;Fantazja dopisa\u0142a! Poza tym uczniowie zadbali o wiosenny wystr\u00f3j [&hellip;]<\/p>\n","protected":false},"author":2,"featured_media":0,"parent":5983,"menu_order":0,"comment_status":"closed","ping_status":"closed","template":"","meta":{"ngg_post_thumbnail":0,"footnotes":""},"class_list":["post-19891","page","type-page","status-publish","hentry"],"_links":{"self":[{"href":"https:\/\/sp1hrubieszow.pl\/index.php\/wp-json\/wp\/v2\/pages\/19891","targetHints":{"allow":["GET"]}}],"collection":[{"href":"https:\/\/sp1hrubieszow.pl\/index.php\/wp-json\/wp\/v2\/pages"}],"about":[{"href":"https:\/\/sp1hrubieszow.pl\/index.php\/wp-json\/wp\/v2\/types\/page"}],"author":[{"embeddable":true,"href":"https:\/\/sp1hrubieszow.pl\/index.php\/wp-json\/wp\/v2\/users\/2"}],"replies":[{"embeddable":true,"href":"https:\/\/sp1hrubieszow.pl\/index.php\/wp-json\/wp\/v2\/comments?post=19891"}],"version-history":[{"count":1,"href":"https:\/\/sp1hrubieszow.pl\/index.php\/wp-json\/wp\/v2\/pages\/19891\/revisions"}],"predecessor-version":[{"id":19892,"href":"https:\/\/sp1hrubieszow.pl\/index.php\/wp-json\/wp\/v2\/pages\/19891\/revisions\/19892"}],"up":[{"embeddable":true,"href":"https:\/\/sp1hrubieszow.pl\/index.php\/wp-json\/wp\/v2\/pages\/5983"}],"wp:attachment":[{"href":"https:\/\/sp1hrubieszow.pl\/index.php\/wp-json\/wp\/v2\/media?parent=19891"}],"curies":[{"name":"wp","href":"https:\/\/api.w.org\/{rel}","templated":true}]}}