{"id":19848,"date":"2023-03-26T22:04:46","date_gmt":"2023-03-26T20:04:46","guid":{"rendered":"https:\/\/sp1hrubieszow.pl\/?page_id=19848"},"modified":"2023-03-26T22:05:07","modified_gmt":"2023-03-26T20:05:07","slug":"klasa-5c-w-hcd","status":"publish","type":"page","link":"https:\/\/sp1hrubieszow.pl\/index.php\/kronika-2020-2021\/klasa-5c-w-hcd\/","title":{"rendered":"Klasa 5c w HCD"},"content":{"rendered":"\n<div class=\"x_elementToProof\"><span class=\"x_ContentPasted0 x_elementToProof\">P<span style=\"color: #000080;\">ierwsze spotkanie w nowej siedzibie&nbsp;<\/span><\/span><span style=\"color: #000080;\"><span class=\"x_elementToProof\">Miejskiej Biblioteki Publicznej&nbsp;<\/span><span class=\"x_elementToProof\">min\u0119\u0142o nam bardzo sympatycznie i by\u0142o pe\u0142ne wra\u017ce\u0144.<\/span><\/span><\/div>\n<div class=\"x_elementToProof\"><span class=\"x_elementToProof\" style=\"color: #000080;\">Mieli\u015bmy mo\u017cliwo\u015b\u0107 zajrze\u0107 do wszystkich pomieszcze\u0144 znajduj\u0105cych si\u0119 w centrum ksi\u0119gozbioru.<\/span><\/div>\n<div class=\"x_elementToProof\"><span class=\"x_elementToProof\" style=\"color: #000080;\">Nasz\u0105 wizyt\u0119 uatrakcyjni\u0142o pisanie wierszy w ramach obchod\u00f3w Mi\u0119dzynarodowego Dnia Poezji. Przez chwil\u0119 mogli\u015bmy poczu\u0107 si\u0119 pisarzami i wczu\u0107 si\u0119 w t\u0105 rol\u0119. Po raz pierwszy z trudem opuszczali\u015bmy mury Hrubieszowskiego Centrum Dziedzictwa. Na pewno odwiedzimy jeszcze nie raz to wspania\u0142e miejsce, bo ka\u017cdy mo\u017ce znale\u017a\u0107&nbsp; tam co\u015b dla siebie &#8211; 5c to miejsce dla siebie odnalaz\u0142a:)<\/span><\/div>\n<div>\nngg_shortcode_0_placeholder\n<\/div>\n","protected":false},"excerpt":{"rendered":"<p>Pierwsze spotkanie w nowej siedzibie&nbsp;Miejskiej Biblioteki Publicznej&nbsp;min\u0119\u0142o nam bardzo sympatycznie i by\u0142o pe\u0142ne wra\u017ce\u0144. Mieli\u015bmy mo\u017cliwo\u015b\u0107 zajrze\u0107 do wszystkich pomieszcze\u0144 znajduj\u0105cych si\u0119 w centrum ksi\u0119gozbioru. Nasz\u0105 wizyt\u0119 uatrakcyjni\u0142o pisanie wierszy w ramach obchod\u00f3w Mi\u0119dzynarodowego Dnia Poezji. Przez chwil\u0119 mogli\u015bmy poczu\u0107 si\u0119 pisarzami i wczu\u0107 si\u0119 w t\u0105 rol\u0119. Po raz pierwszy z trudem opuszczali\u015bmy mury [&hellip;]<\/p>\n","protected":false},"author":2,"featured_media":0,"parent":5983,"menu_order":0,"comment_status":"closed","ping_status":"closed","template":"","meta":{"ngg_post_thumbnail":0,"footnotes":""},"class_list":["post-19848","page","type-page","status-publish","hentry"],"_links":{"self":[{"href":"https:\/\/sp1hrubieszow.pl\/index.php\/wp-json\/wp\/v2\/pages\/19848","targetHints":{"allow":["GET"]}}],"collection":[{"href":"https:\/\/sp1hrubieszow.pl\/index.php\/wp-json\/wp\/v2\/pages"}],"about":[{"href":"https:\/\/sp1hrubieszow.pl\/index.php\/wp-json\/wp\/v2\/types\/page"}],"author":[{"embeddable":true,"href":"https:\/\/sp1hrubieszow.pl\/index.php\/wp-json\/wp\/v2\/users\/2"}],"replies":[{"embeddable":true,"href":"https:\/\/sp1hrubieszow.pl\/index.php\/wp-json\/wp\/v2\/comments?post=19848"}],"version-history":[{"count":1,"href":"https:\/\/sp1hrubieszow.pl\/index.php\/wp-json\/wp\/v2\/pages\/19848\/revisions"}],"predecessor-version":[{"id":19849,"href":"https:\/\/sp1hrubieszow.pl\/index.php\/wp-json\/wp\/v2\/pages\/19848\/revisions\/19849"}],"up":[{"embeddable":true,"href":"https:\/\/sp1hrubieszow.pl\/index.php\/wp-json\/wp\/v2\/pages\/5983"}],"wp:attachment":[{"href":"https:\/\/sp1hrubieszow.pl\/index.php\/wp-json\/wp\/v2\/media?parent=19848"}],"curies":[{"name":"wp","href":"https:\/\/api.w.org\/{rel}","templated":true}]}}