{"id":19785,"date":"2023-03-23T19:26:28","date_gmt":"2023-03-23T18:26:28","guid":{"rendered":"https:\/\/sp1hrubieszow.pl\/?page_id=19785"},"modified":"2023-03-23T19:26:48","modified_gmt":"2023-03-23T18:26:48","slug":"integracyjne-warsztaty-wielkanocne","status":"publish","type":"page","link":"https:\/\/sp1hrubieszow.pl\/index.php\/kronika-2020-2021\/integracyjne-warsztaty-wielkanocne\/","title":{"rendered":"Integracyjne \u201eWarsztaty wielkanocne\u201d"},"content":{"rendered":"\n<p><span style=\"color: #000080;\">22.03.2023 r. uczniowie kl. 1 b wraz z wychowawc\u0105 Renat\u0105 Pacza\u0142\u0105 i rodzicami&nbsp; zostali zaproszeni przez Powiatowy Zesp\u00f3\u0142 Szk\u00f3\u0142 Szkolno \u2013 Wychowawczych w Hrubieszowie na \u201eWarsztaty wielkanocne\u201d. Na warsztatach ka\u017cdy uczestnik wykona\u0142 ozdoby wielkanocne: zaj\u0105czki, kartki \u015bwi\u0105teczne, pisanki itp. &nbsp;Techniki plastyczne by\u0142y dostosowane do mo\u017cliwo\u015bci uczestnik\u00f3w, ka\u017cdy wykaza\u0142 si\u0119 du\u017c\u0105 kreatywno\u015bci\u0105. W mi\u0142ej atmosferze czas up\u0142yn\u0105 bardzo szybko i tw\u00f3rczo. Wykonane prace dzieci zabra\u0142y ze sob\u0105 do domu, aby wkr\u00f3tce ozdobi\u0107 wielkanocny st\u00f3\u0142.<\/span><\/p>\n<p><span style=\"color: #000080;\">Dzi\u0119kujemy za zaproszenie Powiatowemu Zespo\u0142owi Szk\u00f3\u0142 Szkolno \u2013 Wychowawczych w Hrubieszowie.&nbsp; \u017byczymy Radosnych \u015awi\u0105t Wielkanocnych.<\/span><\/p>\nngg_shortcode_0_placeholder\n","protected":false},"excerpt":{"rendered":"<p>22.03.2023 r. uczniowie kl. 1 b wraz z wychowawc\u0105 Renat\u0105 Pacza\u0142\u0105 i rodzicami&nbsp; zostali zaproszeni przez Powiatowy Zesp\u00f3\u0142 Szk\u00f3\u0142 Szkolno \u2013 Wychowawczych w Hrubieszowie na \u201eWarsztaty wielkanocne\u201d. Na warsztatach ka\u017cdy uczestnik wykona\u0142 ozdoby wielkanocne: zaj\u0105czki, kartki \u015bwi\u0105teczne, pisanki itp. &nbsp;Techniki plastyczne by\u0142y dostosowane do mo\u017cliwo\u015bci uczestnik\u00f3w, ka\u017cdy wykaza\u0142 si\u0119 du\u017c\u0105 kreatywno\u015bci\u0105. W mi\u0142ej atmosferze czas [&hellip;]<\/p>\n","protected":false},"author":2,"featured_media":0,"parent":5983,"menu_order":0,"comment_status":"closed","ping_status":"closed","template":"","meta":{"ngg_post_thumbnail":0,"footnotes":""},"class_list":["post-19785","page","type-page","status-publish","hentry"],"_links":{"self":[{"href":"https:\/\/sp1hrubieszow.pl\/index.php\/wp-json\/wp\/v2\/pages\/19785","targetHints":{"allow":["GET"]}}],"collection":[{"href":"https:\/\/sp1hrubieszow.pl\/index.php\/wp-json\/wp\/v2\/pages"}],"about":[{"href":"https:\/\/sp1hrubieszow.pl\/index.php\/wp-json\/wp\/v2\/types\/page"}],"author":[{"embeddable":true,"href":"https:\/\/sp1hrubieszow.pl\/index.php\/wp-json\/wp\/v2\/users\/2"}],"replies":[{"embeddable":true,"href":"https:\/\/sp1hrubieszow.pl\/index.php\/wp-json\/wp\/v2\/comments?post=19785"}],"version-history":[{"count":1,"href":"https:\/\/sp1hrubieszow.pl\/index.php\/wp-json\/wp\/v2\/pages\/19785\/revisions"}],"predecessor-version":[{"id":19786,"href":"https:\/\/sp1hrubieszow.pl\/index.php\/wp-json\/wp\/v2\/pages\/19785\/revisions\/19786"}],"up":[{"embeddable":true,"href":"https:\/\/sp1hrubieszow.pl\/index.php\/wp-json\/wp\/v2\/pages\/5983"}],"wp:attachment":[{"href":"https:\/\/sp1hrubieszow.pl\/index.php\/wp-json\/wp\/v2\/media?parent=19785"}],"curies":[{"name":"wp","href":"https:\/\/api.w.org\/{rel}","templated":true}]}}