{"id":19772,"date":"2023-03-22T19:40:56","date_gmt":"2023-03-22T18:40:56","guid":{"rendered":"https:\/\/sp1hrubieszow.pl\/?page_id=19772"},"modified":"2023-03-22T19:41:10","modified_gmt":"2023-03-22T18:41:10","slug":"klasa-2c-poszukuje-wiosny","status":"publish","type":"page","link":"https:\/\/sp1hrubieszow.pl\/index.php\/kronika-2020-2021\/klasa-2c-poszukuje-wiosny\/","title":{"rendered":"Klasa 2c poszukuje WIOSNY"},"content":{"rendered":"\n<p><span style=\"color: #000080;\">20 marca klasa 2c wyruszy\u0142a na poszukiwanie wiosny. Widzieli\u015bmy jej oznaki w czasie dogi do cukierni &#8222;LALKA&#8221;. Zaprosili\u015bmy ja do przyj\u015bcia wykonuj\u0105c s\u0142odkie wypieki na jej cze\u015b\u0107. Teraz na pewno ju\u017c przyjdzie.&nbsp;<\/span><\/p>\nngg_shortcode_0_placeholder\n","protected":false},"excerpt":{"rendered":"<p>20 marca klasa 2c wyruszy\u0142a na poszukiwanie wiosny. Widzieli\u015bmy jej oznaki w czasie dogi do cukierni &#8222;LALKA&#8221;. Zaprosili\u015bmy ja do przyj\u015bcia wykonuj\u0105c s\u0142odkie wypieki na jej cze\u015b\u0107. Teraz na pewno ju\u017c przyjdzie.&nbsp;<\/p>\n","protected":false},"author":2,"featured_media":0,"parent":5983,"menu_order":0,"comment_status":"closed","ping_status":"closed","template":"","meta":{"ngg_post_thumbnail":0,"footnotes":""},"class_list":["post-19772","page","type-page","status-publish","hentry"],"_links":{"self":[{"href":"https:\/\/sp1hrubieszow.pl\/index.php\/wp-json\/wp\/v2\/pages\/19772","targetHints":{"allow":["GET"]}}],"collection":[{"href":"https:\/\/sp1hrubieszow.pl\/index.php\/wp-json\/wp\/v2\/pages"}],"about":[{"href":"https:\/\/sp1hrubieszow.pl\/index.php\/wp-json\/wp\/v2\/types\/page"}],"author":[{"embeddable":true,"href":"https:\/\/sp1hrubieszow.pl\/index.php\/wp-json\/wp\/v2\/users\/2"}],"replies":[{"embeddable":true,"href":"https:\/\/sp1hrubieszow.pl\/index.php\/wp-json\/wp\/v2\/comments?post=19772"}],"version-history":[{"count":1,"href":"https:\/\/sp1hrubieszow.pl\/index.php\/wp-json\/wp\/v2\/pages\/19772\/revisions"}],"predecessor-version":[{"id":19773,"href":"https:\/\/sp1hrubieszow.pl\/index.php\/wp-json\/wp\/v2\/pages\/19772\/revisions\/19773"}],"up":[{"embeddable":true,"href":"https:\/\/sp1hrubieszow.pl\/index.php\/wp-json\/wp\/v2\/pages\/5983"}],"wp:attachment":[{"href":"https:\/\/sp1hrubieszow.pl\/index.php\/wp-json\/wp\/v2\/media?parent=19772"}],"curies":[{"name":"wp","href":"https:\/\/api.w.org\/{rel}","templated":true}]}}