{"id":19761,"date":"2023-03-22T19:31:26","date_gmt":"2023-03-22T18:31:26","guid":{"rendered":"https:\/\/sp1hrubieszow.pl\/?page_id=19761"},"modified":"2023-03-22T19:31:56","modified_gmt":"2023-03-22T18:31:56","slug":"regionalny-konkurs-czytelniczy","status":"publish","type":"page","link":"https:\/\/sp1hrubieszow.pl\/index.php\/kronika-2020-2021\/regionalny-konkurs-czytelniczy\/","title":{"rendered":"Regionalny Konkurs Czytelniczy"},"content":{"rendered":"\n\n\n<p><span style=\"color: #000080;\">21.03.23r. dwoje uczni\u00f3w naszej szko\u0142y z klasy 2a uczestniczy\u0142o w Regionalnym Konkursie Czytelniczym &#8221; Czy znasz&#8230;.?&#8221;. Bardzo nam mi\u0142o, \u017ce Pola Pachniewska i Franciszek Socha zakwalifikowali si\u0119 do tego etapu, a Franciszek zaj\u0105\u0142 tu 2 miejsce.<\/span><\/p>\nngg_shortcode_0_placeholder\n","protected":false},"excerpt":{"rendered":"<p>21.03.23r. dwoje uczni\u00f3w naszej szko\u0142y z klasy 2a uczestniczy\u0142o w Regionalnym Konkursie Czytelniczym &#8221; Czy znasz&#8230;.?&#8221;. Bardzo nam mi\u0142o, \u017ce Pola Pachniewska i Franciszek Socha zakwalifikowali si\u0119 do tego etapu, a Franciszek zaj\u0105\u0142 tu 2 miejsce.<\/p>\n","protected":false},"author":2,"featured_media":0,"parent":5983,"menu_order":0,"comment_status":"closed","ping_status":"closed","template":"","meta":{"ngg_post_thumbnail":0,"footnotes":""},"class_list":["post-19761","page","type-page","status-publish","hentry"],"_links":{"self":[{"href":"https:\/\/sp1hrubieszow.pl\/index.php\/wp-json\/wp\/v2\/pages\/19761","targetHints":{"allow":["GET"]}}],"collection":[{"href":"https:\/\/sp1hrubieszow.pl\/index.php\/wp-json\/wp\/v2\/pages"}],"about":[{"href":"https:\/\/sp1hrubieszow.pl\/index.php\/wp-json\/wp\/v2\/types\/page"}],"author":[{"embeddable":true,"href":"https:\/\/sp1hrubieszow.pl\/index.php\/wp-json\/wp\/v2\/users\/2"}],"replies":[{"embeddable":true,"href":"https:\/\/sp1hrubieszow.pl\/index.php\/wp-json\/wp\/v2\/comments?post=19761"}],"version-history":[{"count":1,"href":"https:\/\/sp1hrubieszow.pl\/index.php\/wp-json\/wp\/v2\/pages\/19761\/revisions"}],"predecessor-version":[{"id":19762,"href":"https:\/\/sp1hrubieszow.pl\/index.php\/wp-json\/wp\/v2\/pages\/19761\/revisions\/19762"}],"up":[{"embeddable":true,"href":"https:\/\/sp1hrubieszow.pl\/index.php\/wp-json\/wp\/v2\/pages\/5983"}],"wp:attachment":[{"href":"https:\/\/sp1hrubieszow.pl\/index.php\/wp-json\/wp\/v2\/media?parent=19761"}],"curies":[{"name":"wp","href":"https:\/\/api.w.org\/{rel}","templated":true}]}}