{"id":19745,"date":"2023-03-20T17:58:20","date_gmt":"2023-03-20T16:58:20","guid":{"rendered":"https:\/\/sp1hrubieszow.pl\/?page_id=19745"},"modified":"2023-03-20T17:59:05","modified_gmt":"2023-03-20T16:59:05","slug":"o-lekturze-inaczej","status":"publish","type":"page","link":"https:\/\/sp1hrubieszow.pl\/index.php\/kronika-2020-2021\/o-lekturze-inaczej\/","title":{"rendered":"O lekturze inaczej\u2026"},"content":{"rendered":"\n<p><span style=\"color: #000080;\">Koniec szko\u0142y podstawowej to czas przygotowania do egzaminu, ale r\u00f3wnie\u017c omawiania lektur. Klasa 8c pod opiek\u0105 Anety Rycerz mia\u0142a okazj\u0119 uczestniczy\u0107 w zaj\u0119ciach&nbsp; zorganizowanych przez p. Ol\u0119 w Hrubieszowskim Centrum Dziedzictwa Kulturowego. Lekcja dotyczy\u0142a ksi\u0105\u017cki pt. \u201eMa\u0142y Ksi\u0105\u017c\u0119\u2019, a jej tematem by\u0142a przyja\u017a\u0144 (\u201ePrzyja\u017a\u0144 jest najwa\u017cniejsza\u201d). Uczniowie korzystali z aplikacji \u201eMale\u0144ki Ksi\u0105\u017c\u0119\u201d i specjalnego wydania przypowie\u015bci \u201eRozszerzona Rzeczywisto\u015b\u0107 Ma\u0142y Ksi\u0105\u017c\u0119\u201d, Snotes, tablicy multimedialnej \u2013 wykonywali r\u00f3\u017cne ciekawe zadania. Swoj\u0105 wiedz\u0119 sprawdzili rozwi\u0105zuj\u0105c test w aplikacji Kahoot. Mieli\u015bmy r\u00f3wnie\u017c czas na zwiedzanie pi\u0119knego budynku biblioteki, sprawdzi\u0107 jak mo\u017cna ciekawie sp\u0119dzi\u0107 wolny czas w centrum.<\/span><\/p>\n<p><span style=\"color: #000080;\">Kolejnym interesuj\u0105cym pomys\u0142em na lektur\u0119 inaczej by\u0142o wyszukanie najciekawszej sentencji z lektury i zapisanie jej na torbie p\u0142\u00f3ciennej lub koszulce specjalnymi pisakami do tkanin (dzi\u0119kuj\u0119 Pani Marcie za podpowied\u017a i wypo\u017cyczenie pisak\u00f3w). Pomys\u0142 bardzo si\u0119 podoba\u0142, i mam nadzieje, \u017ce taki spos\u00f3b omawiania wp\u0142ynie na&nbsp; lepsze zapami\u0119tanie tre\u015bci lektury.<\/span><\/p>\nngg_shortcode_0_placeholder\n","protected":false},"excerpt":{"rendered":"<p>Koniec szko\u0142y podstawowej to czas przygotowania do egzaminu, ale r\u00f3wnie\u017c omawiania lektur. Klasa 8c pod opiek\u0105 Anety Rycerz mia\u0142a okazj\u0119 uczestniczy\u0107 w zaj\u0119ciach&nbsp; zorganizowanych przez p. Ol\u0119 w Hrubieszowskim Centrum Dziedzictwa Kulturowego. Lekcja dotyczy\u0142a ksi\u0105\u017cki pt. \u201eMa\u0142y Ksi\u0105\u017c\u0119\u2019, a jej tematem by\u0142a przyja\u017a\u0144 (\u201ePrzyja\u017a\u0144 jest najwa\u017cniejsza\u201d). Uczniowie korzystali z aplikacji \u201eMale\u0144ki Ksi\u0105\u017c\u0119\u201d i specjalnego wydania [&hellip;]<\/p>\n","protected":false},"author":2,"featured_media":0,"parent":5983,"menu_order":0,"comment_status":"closed","ping_status":"closed","template":"","meta":{"ngg_post_thumbnail":0,"footnotes":""},"class_list":["post-19745","page","type-page","status-publish","hentry"],"_links":{"self":[{"href":"https:\/\/sp1hrubieszow.pl\/index.php\/wp-json\/wp\/v2\/pages\/19745","targetHints":{"allow":["GET"]}}],"collection":[{"href":"https:\/\/sp1hrubieszow.pl\/index.php\/wp-json\/wp\/v2\/pages"}],"about":[{"href":"https:\/\/sp1hrubieszow.pl\/index.php\/wp-json\/wp\/v2\/types\/page"}],"author":[{"embeddable":true,"href":"https:\/\/sp1hrubieszow.pl\/index.php\/wp-json\/wp\/v2\/users\/2"}],"replies":[{"embeddable":true,"href":"https:\/\/sp1hrubieszow.pl\/index.php\/wp-json\/wp\/v2\/comments?post=19745"}],"version-history":[{"count":1,"href":"https:\/\/sp1hrubieszow.pl\/index.php\/wp-json\/wp\/v2\/pages\/19745\/revisions"}],"predecessor-version":[{"id":19746,"href":"https:\/\/sp1hrubieszow.pl\/index.php\/wp-json\/wp\/v2\/pages\/19745\/revisions\/19746"}],"up":[{"embeddable":true,"href":"https:\/\/sp1hrubieszow.pl\/index.php\/wp-json\/wp\/v2\/pages\/5983"}],"wp:attachment":[{"href":"https:\/\/sp1hrubieszow.pl\/index.php\/wp-json\/wp\/v2\/media?parent=19745"}],"curies":[{"name":"wp","href":"https:\/\/api.w.org\/{rel}","templated":true}]}}