{"id":19716,"date":"2023-03-18T19:01:31","date_gmt":"2023-03-18T18:01:31","guid":{"rendered":"https:\/\/sp1hrubieszow.pl\/?page_id=19716"},"modified":"2023-03-18T19:02:05","modified_gmt":"2023-03-18T18:02:05","slug":"nasi-uczniowie-na-mistrzostwach-wojewodztwa-w-biegach-przelajowych","status":"publish","type":"page","link":"https:\/\/sp1hrubieszow.pl\/index.php\/kronika-2020-2021\/nasi-uczniowie-na-mistrzostwach-wojewodztwa-w-biegach-przelajowych\/","title":{"rendered":"Nasi uczniowie na Mistrzostwach Wojew\u00f3dztwa w biegach prze\u0142ajowych"},"content":{"rendered":"\n\n\n<div class=\"x11i5rnm xat24cr x1mh8g0r x1vvkbs xtlvy1s x126k92a\">\n<div dir=\"auto\"><span style=\"color: #000080;\">18 marca w Bia\u0142ej Podlaskiej odby\u0142y si\u0119 Mistrzostwa Wojew\u00f3dztwa w biegach prze\u0142ajowych. Nasz\u0105 szko\u0142\u0119 reprezentowa\u0142o 9 os\u00f3b: Nikola Kosza\u0142ka, Katarzyna Duma, Emilia Rosi\u0144ska, Kornelia Mrozowska, Maja Magdziak, Zuzanna Nowakowska, Karol Krajewski, Robert Kraj, Wojciech Malinowski.<\/span><\/div>\n<\/div>\n<div class=\"x11i5rnm xat24cr x1mh8g0r x1vvkbs xtlvy1s x126k92a\">\n<div dir=\"auto\"><span style=\"color: #000080;\">Wysokie miejsca zaj\u0119li:<\/span><\/div>\n<div dir=\"auto\"><span style=\"color: #000080;\">3 m- Wojtek Malinowski- 1km<\/span><\/div>\n<div dir=\"auto\"><span style=\"color: #000080;\">4m- Karol Krajewski- 0,5km<\/span><\/div>\n<div dir=\"auto\"><span style=\"color: #000080;\">4m- Nikola Kosza\u0142ka- 1km<\/span><\/div>\n<div dir=\"auto\"><span style=\"color: #000080;\">5m &#8211; Robert Kraj &#8211; 0,5km<\/span><\/div>\n<div dir=\"auto\"><span style=\"color: #000080;\">6m- Maja Magdziak- 0,5km<\/span><\/div>\n<div dir=\"auto\">&nbsp;<\/div>\n<\/div>\n<div class=\"x11i5rnm xat24cr x1mh8g0r x1vvkbs xtlvy1s x126k92a\">\n<div dir=\"auto\"><span style=\"color: #000080;\">Opiekunem by\u0142 Pan Tomasz Magdziak<\/span><\/div>\n<div dir=\"auto\">&nbsp;<\/div>\n<div dir=\"auto\"><span style=\"color: #000080;\">Wszystkim uczestnikom gratulujemy!<\/span><\/div>\n<div dir=\"auto\">\nngg_shortcode_0_placeholder\n<\/div>\n<\/div>\n","protected":false},"excerpt":{"rendered":"<p>18 marca w Bia\u0142ej Podlaskiej odby\u0142y si\u0119 Mistrzostwa Wojew\u00f3dztwa w biegach prze\u0142ajowych. Nasz\u0105 szko\u0142\u0119 reprezentowa\u0142o 9 os\u00f3b: Nikola Kosza\u0142ka, Katarzyna Duma, Emilia Rosi\u0144ska, Kornelia Mrozowska, Maja Magdziak, Zuzanna Nowakowska, Karol Krajewski, Robert Kraj, Wojciech Malinowski. Wysokie miejsca zaj\u0119li: 3 m- Wojtek Malinowski- 1km 4m- Karol Krajewski- 0,5km 4m- Nikola Kosza\u0142ka- 1km 5m &#8211; Robert Kraj [&hellip;]<\/p>\n","protected":false},"author":2,"featured_media":0,"parent":5983,"menu_order":0,"comment_status":"closed","ping_status":"closed","template":"","meta":{"ngg_post_thumbnail":0,"footnotes":""},"class_list":["post-19716","page","type-page","status-publish","hentry"],"_links":{"self":[{"href":"https:\/\/sp1hrubieszow.pl\/index.php\/wp-json\/wp\/v2\/pages\/19716","targetHints":{"allow":["GET"]}}],"collection":[{"href":"https:\/\/sp1hrubieszow.pl\/index.php\/wp-json\/wp\/v2\/pages"}],"about":[{"href":"https:\/\/sp1hrubieszow.pl\/index.php\/wp-json\/wp\/v2\/types\/page"}],"author":[{"embeddable":true,"href":"https:\/\/sp1hrubieszow.pl\/index.php\/wp-json\/wp\/v2\/users\/2"}],"replies":[{"embeddable":true,"href":"https:\/\/sp1hrubieszow.pl\/index.php\/wp-json\/wp\/v2\/comments?post=19716"}],"version-history":[{"count":1,"href":"https:\/\/sp1hrubieszow.pl\/index.php\/wp-json\/wp\/v2\/pages\/19716\/revisions"}],"predecessor-version":[{"id":19717,"href":"https:\/\/sp1hrubieszow.pl\/index.php\/wp-json\/wp\/v2\/pages\/19716\/revisions\/19717"}],"up":[{"embeddable":true,"href":"https:\/\/sp1hrubieszow.pl\/index.php\/wp-json\/wp\/v2\/pages\/5983"}],"wp:attachment":[{"href":"https:\/\/sp1hrubieszow.pl\/index.php\/wp-json\/wp\/v2\/media?parent=19716"}],"curies":[{"name":"wp","href":"https:\/\/api.w.org\/{rel}","templated":true}]}}