{"id":19691,"date":"2023-03-18T18:47:45","date_gmt":"2023-03-18T17:47:45","guid":{"rendered":"https:\/\/sp1hrubieszow.pl\/?page_id=19691"},"modified":"2023-03-18T18:47:57","modified_gmt":"2023-03-18T17:47:57","slug":"umiem-plywac","status":"publish","type":"page","link":"https:\/\/sp1hrubieszow.pl\/index.php\/kronika-2020-2021\/umiem-plywac\/","title":{"rendered":"&#8221; Umiem p\u0142ywa\u0107&#8221;"},"content":{"rendered":"\n<p><span style=\"color: #000080;\">17 marca rozpocz\u0119li\u015bmy kolejny cykl wyjazd\u00f3w na basen do Che\u0142ma w ramach og\u00f3lnopolskiego programu Ministerstwa Sportu i Turystyki &#8221; Umiem p\u0142ywa\u0107&#8221;. Projekt realizowany jest z UKS Jedynka Hrubiesz\u00f3w. Wyjazdy b\u0119d\u0105 odbywa\u0142y si\u0119 raz w tygodniu.&nbsp;<\/span><\/p>\nngg_shortcode_0_placeholder\n","protected":false},"excerpt":{"rendered":"<p>17 marca rozpocz\u0119li\u015bmy kolejny cykl wyjazd\u00f3w na basen do Che\u0142ma w ramach og\u00f3lnopolskiego programu Ministerstwa Sportu i Turystyki &#8221; Umiem p\u0142ywa\u0107&#8221;. Projekt realizowany jest z UKS Jedynka Hrubiesz\u00f3w. Wyjazdy b\u0119d\u0105 odbywa\u0142y si\u0119 raz w tygodniu.&nbsp;<\/p>\n","protected":false},"author":2,"featured_media":0,"parent":5983,"menu_order":0,"comment_status":"closed","ping_status":"closed","template":"","meta":{"ngg_post_thumbnail":0,"footnotes":""},"class_list":["post-19691","page","type-page","status-publish","hentry"],"_links":{"self":[{"href":"https:\/\/sp1hrubieszow.pl\/index.php\/wp-json\/wp\/v2\/pages\/19691","targetHints":{"allow":["GET"]}}],"collection":[{"href":"https:\/\/sp1hrubieszow.pl\/index.php\/wp-json\/wp\/v2\/pages"}],"about":[{"href":"https:\/\/sp1hrubieszow.pl\/index.php\/wp-json\/wp\/v2\/types\/page"}],"author":[{"embeddable":true,"href":"https:\/\/sp1hrubieszow.pl\/index.php\/wp-json\/wp\/v2\/users\/2"}],"replies":[{"embeddable":true,"href":"https:\/\/sp1hrubieszow.pl\/index.php\/wp-json\/wp\/v2\/comments?post=19691"}],"version-history":[{"count":1,"href":"https:\/\/sp1hrubieszow.pl\/index.php\/wp-json\/wp\/v2\/pages\/19691\/revisions"}],"predecessor-version":[{"id":19692,"href":"https:\/\/sp1hrubieszow.pl\/index.php\/wp-json\/wp\/v2\/pages\/19691\/revisions\/19692"}],"up":[{"embeddable":true,"href":"https:\/\/sp1hrubieszow.pl\/index.php\/wp-json\/wp\/v2\/pages\/5983"}],"wp:attachment":[{"href":"https:\/\/sp1hrubieszow.pl\/index.php\/wp-json\/wp\/v2\/media?parent=19691"}],"curies":[{"name":"wp","href":"https:\/\/api.w.org\/{rel}","templated":true}]}}