{"id":19649,"date":"2023-03-14T11:55:45","date_gmt":"2023-03-14T10:55:45","guid":{"rendered":"https:\/\/sp1hrubieszow.pl\/?page_id=19649"},"modified":"2023-03-14T11:57:49","modified_gmt":"2023-03-14T10:57:49","slug":"kondolencje","status":"publish","type":"page","link":"https:\/\/sp1hrubieszow.pl\/index.php\/kronika-2020-2021\/kondolencje\/","title":{"rendered":"Kondolencje"},"content":{"rendered":"\n<p><img loading=\"lazy\" decoding=\"async\" class=\"alignnone size-medium wp-image-19648\" src=\"http:\/\/sp1hrubieszow.pl\/wp-content\/uploads\/2023\/03\/1-300x200.jpg\" alt=\"\" width=\"300\" height=\"200\"><\/p>\n<p><strong>Z g\u0142\u0119bokim \u017calem zawiadamiamy, \u017ce zmar\u0142 absolwent naszej szko\u0142y&nbsp; \u015bp. Jakub Kudyk. Msza \u015awi\u0119ta \u017ca\u0142obna zostanie odprawiona w Ko\u015bciele Ducha \u015awi\u0119tego w Hrubieszowie 16 marca o godzinie 15.00.<\/strong><\/p>\n<p><span style=\"color: #000000;\"><strong>Sk\u0142adamy najszczersze kondolencje ca\u0142ej Rodzinie oraz najbli\u017cszym<\/strong><\/span><\/p>\n<p style=\"text-align: right;\"><strong>spo\u0142eczno\u015b\u0107 SP NR 1<\/strong><\/p>\n","protected":false},"excerpt":{"rendered":"<p>Z g\u0142\u0119bokim \u017calem zawiadamiamy, \u017ce zmar\u0142 absolwent naszej szko\u0142y&nbsp; \u015bp. Jakub Kudyk. Msza \u015awi\u0119ta \u017ca\u0142obna zostanie odprawiona w Ko\u015bciele Ducha \u015awi\u0119tego w Hrubieszowie 16 marca o godzinie 15.00. Sk\u0142adamy najszczersze kondolencje ca\u0142ej Rodzinie oraz najbli\u017cszym spo\u0142eczno\u015b\u0107 SP NR 1<\/p>\n","protected":false},"author":2,"featured_media":0,"parent":5983,"menu_order":0,"comment_status":"closed","ping_status":"closed","template":"","meta":{"ngg_post_thumbnail":0,"footnotes":""},"class_list":["post-19649","page","type-page","status-publish","hentry"],"_links":{"self":[{"href":"https:\/\/sp1hrubieszow.pl\/index.php\/wp-json\/wp\/v2\/pages\/19649","targetHints":{"allow":["GET"]}}],"collection":[{"href":"https:\/\/sp1hrubieszow.pl\/index.php\/wp-json\/wp\/v2\/pages"}],"about":[{"href":"https:\/\/sp1hrubieszow.pl\/index.php\/wp-json\/wp\/v2\/types\/page"}],"author":[{"embeddable":true,"href":"https:\/\/sp1hrubieszow.pl\/index.php\/wp-json\/wp\/v2\/users\/2"}],"replies":[{"embeddable":true,"href":"https:\/\/sp1hrubieszow.pl\/index.php\/wp-json\/wp\/v2\/comments?post=19649"}],"version-history":[{"count":2,"href":"https:\/\/sp1hrubieszow.pl\/index.php\/wp-json\/wp\/v2\/pages\/19649\/revisions"}],"predecessor-version":[{"id":19651,"href":"https:\/\/sp1hrubieszow.pl\/index.php\/wp-json\/wp\/v2\/pages\/19649\/revisions\/19651"}],"up":[{"embeddable":true,"href":"https:\/\/sp1hrubieszow.pl\/index.php\/wp-json\/wp\/v2\/pages\/5983"}],"wp:attachment":[{"href":"https:\/\/sp1hrubieszow.pl\/index.php\/wp-json\/wp\/v2\/media?parent=19649"}],"curies":[{"name":"wp","href":"https:\/\/api.w.org\/{rel}","templated":true}]}}