{"id":19640,"date":"2023-03-09T20:16:36","date_gmt":"2023-03-09T19:16:36","guid":{"rendered":"https:\/\/sp1hrubieszow.pl\/?page_id=19640"},"modified":"2023-03-09T20:16:51","modified_gmt":"2023-03-09T19:16:51","slug":"dzien-kobiet-w-klasie-1b","status":"publish","type":"page","link":"https:\/\/sp1hrubieszow.pl\/index.php\/kronika-2020-2021\/dzien-kobiet-w-klasie-1b\/","title":{"rendered":"Dzie\u0144 Kobiet w klasie 1b"},"content":{"rendered":"\n\n\n<p><span style=\"color: #000080;\">08.03.2023 r uczniowie kl 1 b wraz z wychowawc\u0105 Renat\u0105 Pacza\u0142\u0105 i rodzicami&nbsp; wybrali si\u0119 do Cukierni \u201eLalka\u201d na warsztaty cukiernicze. Na warsztatach cukierniczych uczniowie rozbudzali swoj\u0105 wyobra\u017ani\u0119 przeplataj\u0105c nauk\u0119 z zabaw\u0105. \u0106wiczyli swoj\u0105 cierpliwo\u015b\u0107 i umiej\u0119tno\u015b\u0107 pracy z kole\u017cank\u0105 i koleg\u0105 u boku. Na zaj\u0119ciach dzieci w\u0142asnor\u0119cznie przygotowa\u0142y ciasto wed\u0142ug przepisu, uformowa\u0142y pierniczki i upiek\u0142y zaczarowane pierniki, kt\u00f3re p\u00f3\u017aniej udekorowa\u0142y. Warsztatom towarzyszy\u0142a niezapomniana zabawa, kt\u00f3ra zagrzewa\u0142a m\u0142ode umys\u0142y w tw\u00f3rcze zadania, usprawniaj\u0105c zdolno\u015bci manualne. Po wsp\u00f3lnej zabawie dzieci zapakowa\u0142y swoje wytwory w pude\u0142eczka i zanios\u0142y do szko\u0142y.<\/span><\/p>\nngg_shortcode_0_placeholder\n","protected":false},"excerpt":{"rendered":"<p>08.03.2023 r uczniowie kl 1 b wraz z wychowawc\u0105 Renat\u0105 Pacza\u0142\u0105 i rodzicami&nbsp; wybrali si\u0119 do Cukierni \u201eLalka\u201d na warsztaty cukiernicze. Na warsztatach cukierniczych uczniowie rozbudzali swoj\u0105 wyobra\u017ani\u0119 przeplataj\u0105c nauk\u0119 z zabaw\u0105. \u0106wiczyli swoj\u0105 cierpliwo\u015b\u0107 i umiej\u0119tno\u015b\u0107 pracy z kole\u017cank\u0105 i koleg\u0105 u boku. Na zaj\u0119ciach dzieci w\u0142asnor\u0119cznie przygotowa\u0142y ciasto wed\u0142ug przepisu, uformowa\u0142y pierniczki i [&hellip;]<\/p>\n","protected":false},"author":2,"featured_media":0,"parent":5983,"menu_order":0,"comment_status":"closed","ping_status":"closed","template":"","meta":{"ngg_post_thumbnail":0,"footnotes":""},"class_list":["post-19640","page","type-page","status-publish","hentry"],"_links":{"self":[{"href":"https:\/\/sp1hrubieszow.pl\/index.php\/wp-json\/wp\/v2\/pages\/19640","targetHints":{"allow":["GET"]}}],"collection":[{"href":"https:\/\/sp1hrubieszow.pl\/index.php\/wp-json\/wp\/v2\/pages"}],"about":[{"href":"https:\/\/sp1hrubieszow.pl\/index.php\/wp-json\/wp\/v2\/types\/page"}],"author":[{"embeddable":true,"href":"https:\/\/sp1hrubieszow.pl\/index.php\/wp-json\/wp\/v2\/users\/2"}],"replies":[{"embeddable":true,"href":"https:\/\/sp1hrubieszow.pl\/index.php\/wp-json\/wp\/v2\/comments?post=19640"}],"version-history":[{"count":1,"href":"https:\/\/sp1hrubieszow.pl\/index.php\/wp-json\/wp\/v2\/pages\/19640\/revisions"}],"predecessor-version":[{"id":19641,"href":"https:\/\/sp1hrubieszow.pl\/index.php\/wp-json\/wp\/v2\/pages\/19640\/revisions\/19641"}],"up":[{"embeddable":true,"href":"https:\/\/sp1hrubieszow.pl\/index.php\/wp-json\/wp\/v2\/pages\/5983"}],"wp:attachment":[{"href":"https:\/\/sp1hrubieszow.pl\/index.php\/wp-json\/wp\/v2\/media?parent=19640"}],"curies":[{"name":"wp","href":"https:\/\/api.w.org\/{rel}","templated":true}]}}