{"id":19593,"date":"2023-03-07T15:39:40","date_gmt":"2023-03-07T14:39:40","guid":{"rendered":"https:\/\/sp1hrubieszow.pl\/?page_id=19593"},"modified":"2023-03-07T15:43:32","modified_gmt":"2023-03-07T14:43:32","slug":"szkolny-konkurs-pieknego-czytania","status":"publish","type":"page","link":"https:\/\/sp1hrubieszow.pl\/index.php\/kronika-2020-2021\/szkolny-konkurs-pieknego-czytania\/","title":{"rendered":"Szkolny Konkurs Pi\u0119knego Czytania"},"content":{"rendered":"\n\n\n<p><span style=\"color: #000080;\">21 lutego w ramach obchod\u00f3w Mi\u0119dzynarodowego Dnia J\u0119zyka Ojczystego w bibliotece szkolnej odby\u0142 si\u0119 Konkurs Pi\u0119knego Czytania. Do konkursu zg\u0142oszonych zosta\u0142o 28 uczni\u00f3w klas 4 &#8211; 8 ) po dw\u00f3ch reprezentant\u00f3w ka\u017cdej z klas). Zadanie konkursowe polega\u0142o na przeczytaniu wylosowanego fragmentu lektury. Ocenie podlega\u0142a p\u0142ynno\u015b\u0107 i bezb\u0142\u0119dno\u015b\u0107 czytania, wyrazisto\u015b\u0107 i dykcja oraz interpretacja czytanego tekstu. Komisja konkursowa w sk\u0142adzie: Pani Dyrektor Edyta Kucharska, Pani Sylwia Wojak i Pani Ilona Winogrodzka oraz ks. Tomasz \u017burawel nagrodzili nast\u0119puj\u0105ce osoby:<\/span><\/p>\n<p><span style=\"color: #000080;\">miejsce I &#8211; Oliwia M\u0105czka klasa 8d&nbsp;<\/span><\/p>\n<p><span style=\"color: #000080;\">miejsce II &#8211; Szymon Paw\u0142owski klasa 4a<\/span><\/p>\n<p><span style=\"color: #000080;\">miejsce III &#8211; Agata Szyma\u0144ska klasa 6b<\/span><\/p>\n<p><span style=\"color: #000080;\">wyr\u00f3\u017cnienie &#8211; Maja Klimkowska klasa 5a<\/span><\/p>\n<p><span style=\"color: #000080;\">Nagrody ksi\u0105\u017ckowe oraz dyplomy zosta\u0142y wr\u0119czone 1 marca. Organizatorkami konkursu by\u0142y nauczycielki j\u0119zyka polskiego: Pani Marta Lackowska i Pani Aneta Rycerz. &nbsp;<\/span><\/p>\nngg_shortcode_0_placeholder\n","protected":false},"excerpt":{"rendered":"<p>21 lutego w ramach obchod\u00f3w Mi\u0119dzynarodowego Dnia J\u0119zyka Ojczystego w bibliotece szkolnej odby\u0142 si\u0119 Konkurs Pi\u0119knego Czytania. Do konkursu zg\u0142oszonych zosta\u0142o 28 uczni\u00f3w klas 4 &#8211; 8 ) po dw\u00f3ch reprezentant\u00f3w ka\u017cdej z klas). Zadanie konkursowe polega\u0142o na przeczytaniu wylosowanego fragmentu lektury. Ocenie podlega\u0142a p\u0142ynno\u015b\u0107 i bezb\u0142\u0119dno\u015b\u0107 czytania, wyrazisto\u015b\u0107 i dykcja oraz interpretacja czytanego tekstu. [&hellip;]<\/p>\n","protected":false},"author":2,"featured_media":0,"parent":5983,"menu_order":0,"comment_status":"closed","ping_status":"closed","template":"","meta":{"ngg_post_thumbnail":0,"footnotes":""},"class_list":["post-19593","page","type-page","status-publish","hentry"],"_links":{"self":[{"href":"https:\/\/sp1hrubieszow.pl\/index.php\/wp-json\/wp\/v2\/pages\/19593","targetHints":{"allow":["GET"]}}],"collection":[{"href":"https:\/\/sp1hrubieszow.pl\/index.php\/wp-json\/wp\/v2\/pages"}],"about":[{"href":"https:\/\/sp1hrubieszow.pl\/index.php\/wp-json\/wp\/v2\/types\/page"}],"author":[{"embeddable":true,"href":"https:\/\/sp1hrubieszow.pl\/index.php\/wp-json\/wp\/v2\/users\/2"}],"replies":[{"embeddable":true,"href":"https:\/\/sp1hrubieszow.pl\/index.php\/wp-json\/wp\/v2\/comments?post=19593"}],"version-history":[{"count":2,"href":"https:\/\/sp1hrubieszow.pl\/index.php\/wp-json\/wp\/v2\/pages\/19593\/revisions"}],"predecessor-version":[{"id":19599,"href":"https:\/\/sp1hrubieszow.pl\/index.php\/wp-json\/wp\/v2\/pages\/19593\/revisions\/19599"}],"up":[{"embeddable":true,"href":"https:\/\/sp1hrubieszow.pl\/index.php\/wp-json\/wp\/v2\/pages\/5983"}],"wp:attachment":[{"href":"https:\/\/sp1hrubieszow.pl\/index.php\/wp-json\/wp\/v2\/media?parent=19593"}],"curies":[{"name":"wp","href":"https:\/\/api.w.org\/{rel}","templated":true}]}}