{"id":19572,"date":"2023-03-07T09:27:42","date_gmt":"2023-03-07T08:27:42","guid":{"rendered":"https:\/\/sp1hrubieszow.pl\/?page_id=19572"},"modified":"2023-03-07T09:27:57","modified_gmt":"2023-03-07T08:27:57","slug":"tydzien-wyboru-drogi-ksztalcenia","status":"publish","type":"page","link":"https:\/\/sp1hrubieszow.pl\/index.php\/kronika-2020-2021\/tydzien-wyboru-drogi-ksztalcenia\/","title":{"rendered":"\u201eTydzie\u0144 wyboru drogi kszta\u0142cenia\u201d"},"content":{"rendered":"\n<p><span style=\"color: #000080;\">Informujemy, \u017ce w ramach akcji \u201eZawodowy strza\u0142 w10!\u201d planowane jest kolejne dzia\u0142anie s\u0142u\u017c\u0105ce pomocy w wyborze dalszego etapu kszta\u0142cenia dla przysz\u0142ych absolwent\u00f3w szk\u00f3\u0142 podstawowych oraz promocji szk\u00f3\u0142 kszta\u0142c\u0105cych w zawodach w wojew\u00f3dztwie lubelskim \u2013 <strong><u>\u201eTydzie\u0144 wyboru drogi kszta\u0142cenia\u201d<\/u><\/strong>.<\/span><br><span style=\"color: #000080;\">W ramach tej akcji Uczniowie i ich Rodzice b\u0119d\u0105 mieli mo\u017cliwo\u015b\u0107 skontaktowania si\u0119 telefonicznego z doradcami zawodowymi, kt\u00f3rzy b\u0119d\u0105 w okre\u015blonych godzinach dy\u017curowali pod wskazanymi ni\u017cej numerami telefon\u00f3w.<\/span><br><span style=\"color: #000080;\">Rodzice i Uczniowie b\u0119d\u0105 mieli mo\u017cliwo\u015b\u0107 porozmawiania z wykwalifikowanymi doradcami zawodowymi o zasadach dokonywania wyboru szko\u0142y, ofercie szk\u00f3\u0142 i zawod\u00f3w w naszym wojew\u00f3dztwie oraz upewni\u0107 si\u0119 w&nbsp;dokonanych ju\u017c wyborach. W razie szczeg\u00f3\u0142owych pyta\u0144 o kszta\u0142cenie w poszczeg\u00f3lnych zawodach czy szko\u0142ach doradcy b\u0119d\u0105 kierowali zainteresowanych do konkretnych szk\u00f3\u0142. W indywidualnych przypadkach doradcy zawodowi b\u0119d\u0105 podawali kontakt do poradni psychologiczno-pedagogicznej b\u0119d\u0105cej w&nbsp;rejonie szko\u0142y, do kt\u00f3rej ucz\u0119szcza ucze\u0144. Zar\u00f3wno w szko\u0142ach jak i poradniach pe\u0142ni\u0107 b\u0119d\u0105 dy\u017cury osoby kompetentne, kt\u00f3re b\u0119d\u0105 mog\u0142y wspiera\u0107 zainteresowanych i odpowiada\u0107 na pytania.<\/span><br><span style=\"color: #000080;\">Proponowana Pa\u0144stwu sie\u0107 wsparcia b\u0119dzie funkcjonowa\u0142a przez tydzie\u0144&nbsp;<u>\u2013&nbsp;<strong>od 6 do 10 marca 2023<\/strong>&nbsp;r.<\/u>, w godzinach&nbsp;<strong>od 14.00 do 18.00<\/strong>.<\/span><br><span style=\"color: #000080;\">Numery telefon\u00f3w, przy kt\u00f3rych b\u0119d\u0105 dy\u017curowali doradcy zawodowi:<\/span><br><span style=\"color: #000080;\"><strong>1)&nbsp;&nbsp;&nbsp;&nbsp;&nbsp;&nbsp;500&nbsp;303 388<\/strong><\/span><br><span style=\"color: #000080;\"><strong>2)&nbsp;&nbsp;&nbsp;&nbsp;&nbsp;&nbsp;509&nbsp;731 851<\/strong><\/span><br><span style=\"color: #000080;\"><strong>3)&nbsp;&nbsp;&nbsp;&nbsp;&nbsp;&nbsp;668&nbsp;356 436<\/strong><\/span><br><span style=\"color: #000080;\"><strong>4)&nbsp;&nbsp;&nbsp;&nbsp;&nbsp;&nbsp;881&nbsp;238&nbsp;455<\/strong><\/span><br><span style=\"color: #000080;\"><strong>5)&nbsp;&nbsp;&nbsp;&nbsp;&nbsp;&nbsp;605&nbsp;635 605<\/strong><\/span><br><span style=\"color: #000080;\">Rodzice i Uczniowie mog\u0105 tak\u017ce dzwoni\u0107 w tym tygodniu bezpo\u015brednio do szk\u00f3\u0142 kszta\u0142c\u0105cych w zawodach, wykorzystuj\u0105c kontakt podany w informatorze o szko\u0142ach ponadpodstawowych wojew\u00f3dztwa lubelskiego na rok szkolny 2023\/2024 <a style=\"color: #000080;\" href=\"https:\/\/www.kuratorium.lublin.pl\/informator.php\"><strong>https:\/\/www.kuratorium.lublin.pl\/informator.php<\/strong><\/a>&nbsp;.<\/span><br><br><\/p>\n","protected":false},"excerpt":{"rendered":"<p>Informujemy, \u017ce w ramach akcji \u201eZawodowy strza\u0142 w10!\u201d planowane jest kolejne dzia\u0142anie s\u0142u\u017c\u0105ce pomocy w wyborze dalszego etapu kszta\u0142cenia dla przysz\u0142ych absolwent\u00f3w szk\u00f3\u0142 podstawowych oraz promocji szk\u00f3\u0142 kszta\u0142c\u0105cych w zawodach w wojew\u00f3dztwie lubelskim \u2013 \u201eTydzie\u0144 wyboru drogi kszta\u0142cenia\u201d.W ramach tej akcji Uczniowie i ich Rodzice b\u0119d\u0105 mieli mo\u017cliwo\u015b\u0107 skontaktowania si\u0119 telefonicznego z doradcami zawodowymi, kt\u00f3rzy [&hellip;]<\/p>\n","protected":false},"author":2,"featured_media":0,"parent":5983,"menu_order":0,"comment_status":"closed","ping_status":"closed","template":"","meta":{"ngg_post_thumbnail":0,"footnotes":""},"class_list":["post-19572","page","type-page","status-publish","hentry"],"_links":{"self":[{"href":"https:\/\/sp1hrubieszow.pl\/index.php\/wp-json\/wp\/v2\/pages\/19572","targetHints":{"allow":["GET"]}}],"collection":[{"href":"https:\/\/sp1hrubieszow.pl\/index.php\/wp-json\/wp\/v2\/pages"}],"about":[{"href":"https:\/\/sp1hrubieszow.pl\/index.php\/wp-json\/wp\/v2\/types\/page"}],"author":[{"embeddable":true,"href":"https:\/\/sp1hrubieszow.pl\/index.php\/wp-json\/wp\/v2\/users\/2"}],"replies":[{"embeddable":true,"href":"https:\/\/sp1hrubieszow.pl\/index.php\/wp-json\/wp\/v2\/comments?post=19572"}],"version-history":[{"count":1,"href":"https:\/\/sp1hrubieszow.pl\/index.php\/wp-json\/wp\/v2\/pages\/19572\/revisions"}],"predecessor-version":[{"id":19573,"href":"https:\/\/sp1hrubieszow.pl\/index.php\/wp-json\/wp\/v2\/pages\/19572\/revisions\/19573"}],"up":[{"embeddable":true,"href":"https:\/\/sp1hrubieszow.pl\/index.php\/wp-json\/wp\/v2\/pages\/5983"}],"wp:attachment":[{"href":"https:\/\/sp1hrubieszow.pl\/index.php\/wp-json\/wp\/v2\/media?parent=19572"}],"curies":[{"name":"wp","href":"https:\/\/api.w.org\/{rel}","templated":true}]}}