{"id":19555,"date":"2023-03-01T14:35:55","date_gmt":"2023-03-01T13:35:55","guid":{"rendered":"https:\/\/sp1hrubieszow.pl\/?page_id=19555"},"modified":"2023-03-01T14:36:10","modified_gmt":"2023-03-01T13:36:10","slug":"15-podatku-dochodowego-na-rzecz-naszej-szkoly","status":"publish","type":"page","link":"https:\/\/sp1hrubieszow.pl\/index.php\/kronika-2020-2021\/15-podatku-dochodowego-na-rzecz-naszej-szkoly\/","title":{"rendered":"1,5 % podatku dochodowego\u00a0na rzecz naszej szko\u0142y"},"content":{"rendered":"\n<p><span style=\"color: #000080;\">Przypominamy o mo\u017cliwo\u015bci przekazania&nbsp;<strong>1,5 % podatku dochodowego<\/strong>&nbsp;na rzecz naszej szko\u0142y. Aby to uczyni\u0107, nale\u017cy w zeznaniu podatkowym wpisa\u0107&nbsp;<strong>numer KRS 0000197582&nbsp;<b>oraz jako cel szczeg\u00f3\u0142owy wpisa\u0107&nbsp;<\/b><b>nazw\u0119&nbsp;<\/b><b> naszej szko\u0142y.&nbsp;<\/b><\/strong><\/span><\/p>\n<p><span style=\"color: #000080;\">Serdecznie dzi\u0119kujemy za wszelkie wp\u0142aty!<\/span><\/p>\n","protected":false},"excerpt":{"rendered":"<p>Przypominamy o mo\u017cliwo\u015bci przekazania&nbsp;1,5 % podatku dochodowego&nbsp;na rzecz naszej szko\u0142y. Aby to uczyni\u0107, nale\u017cy w zeznaniu podatkowym wpisa\u0107&nbsp;numer KRS 0000197582&nbsp;oraz jako cel szczeg\u00f3\u0142owy wpisa\u0107&nbsp;nazw\u0119&nbsp; naszej szko\u0142y.&nbsp; Serdecznie dzi\u0119kujemy za wszelkie wp\u0142aty!<\/p>\n","protected":false},"author":2,"featured_media":0,"parent":5983,"menu_order":0,"comment_status":"closed","ping_status":"closed","template":"","meta":{"ngg_post_thumbnail":0,"footnotes":""},"class_list":["post-19555","page","type-page","status-publish","hentry"],"_links":{"self":[{"href":"https:\/\/sp1hrubieszow.pl\/index.php\/wp-json\/wp\/v2\/pages\/19555","targetHints":{"allow":["GET"]}}],"collection":[{"href":"https:\/\/sp1hrubieszow.pl\/index.php\/wp-json\/wp\/v2\/pages"}],"about":[{"href":"https:\/\/sp1hrubieszow.pl\/index.php\/wp-json\/wp\/v2\/types\/page"}],"author":[{"embeddable":true,"href":"https:\/\/sp1hrubieszow.pl\/index.php\/wp-json\/wp\/v2\/users\/2"}],"replies":[{"embeddable":true,"href":"https:\/\/sp1hrubieszow.pl\/index.php\/wp-json\/wp\/v2\/comments?post=19555"}],"version-history":[{"count":1,"href":"https:\/\/sp1hrubieszow.pl\/index.php\/wp-json\/wp\/v2\/pages\/19555\/revisions"}],"predecessor-version":[{"id":19556,"href":"https:\/\/sp1hrubieszow.pl\/index.php\/wp-json\/wp\/v2\/pages\/19555\/revisions\/19556"}],"up":[{"embeddable":true,"href":"https:\/\/sp1hrubieszow.pl\/index.php\/wp-json\/wp\/v2\/pages\/5983"}],"wp:attachment":[{"href":"https:\/\/sp1hrubieszow.pl\/index.php\/wp-json\/wp\/v2\/media?parent=19555"}],"curies":[{"name":"wp","href":"https:\/\/api.w.org\/{rel}","templated":true}]}}